{"id":98,"date":"2014-09-06T14:33:39","date_gmt":"2014-09-06T12:33:39","guid":{"rendered":"http:\/\/egger-it.at\/?page_id=98"},"modified":"2023-08-04T10:16:21","modified_gmt":"2023-08-04T08:16:21","slug":"schlagwerk","status":"publish","type":"page","link":"https:\/\/tmk-nussdorf.at\/?page_id=98","title":{"rendered":"Schlagwerk"},"content":{"rendered":"<figure id=\"attachment_1544\" aria-describedby=\"caption-attachment-1544\" style=\"width: 433px\" class=\"wp-caption aligncenter\"><a href=\"http:\/\/tmk-nussdorf.at\/?attachment_id=1544\" rel=\"attachment wp-att-1544\"><img loading=\"lazy\" class=\"wp-image-1544\" src=\"http:\/\/tmk-nussdorf.at\/wp-content\/uploads\/2014\/09\/11_Schlagwerk.jpg\" alt=\"\" width=\"433\" height=\"600\" srcset=\"https:\/\/tmk-nussdorf.at\/wp-content\/uploads\/2014\/09\/11_Schlagwerk.jpg 600w, https:\/\/tmk-nussdorf.at\/wp-content\/uploads\/2014\/09\/11_Schlagwerk-216x300.jpg 216w\" sizes=\"(max-width: 433px) 100vw, 433px\" \/><\/a><figcaption id=\"caption-attachment-1544\" class=\"wp-caption-text\">Schlagwerk<\/figcaption><\/figure>\n<p><strong>v.l. hinten:<br \/>\n<\/strong>Hannes Schw\u00e4rz, Johann H\u00f6flmaier<\/p>\n<p><strong>v.l. vorne:<\/strong><br \/>\nThomas Sch\u00f6rghofer, Johannes Zimmerebner, Thomas Strasser<\/p>\n<p><strong>nicht im Bild:<\/strong> Thomas Seeleitner, Clemens Absmann, Alexander Bertl, Tobias Schauer, Stefan Egger<\/p>\n","protected":false},"excerpt":{"rendered":"<p>v.l. hinten: Hannes Schw\u00e4rz, Johann H\u00f6flmaier v.l. vorne: Thomas Sch\u00f6rghofer, Johannes Zimmerebner, Thomas Strasser nicht im Bild: Thomas Seeleitner, Clemens Absmann, Alexander Bertl, Tobias Schauer, Stefan Egger<\/p>\n","protected":false},"author":1,"featured_media":0,"parent":18,"menu_order":10,"comment_status":"open","ping_status":"open","template":"","meta":[],"_links":{"self":[{"href":"https:\/\/tmk-nussdorf.at\/index.php?rest_route=\/wp\/v2\/pages\/98"}],"collection":[{"href":"https:\/\/tmk-nussdorf.at\/index.php?rest_route=\/wp\/v2\/pages"}],"about":[{"href":"https:\/\/tmk-nussdorf.at\/index.php?rest_route=\/wp\/v2\/types\/page"}],"author":[{"embeddable":true,"href":"https:\/\/tmk-nussdorf.at\/index.php?rest_route=\/wp\/v2\/users\/1"}],"replies":[{"embeddable":true,"href":"https:\/\/tmk-nussdorf.at\/index.php?rest_route=%2Fwp%2Fv2%2Fcomments&post=98"}],"version-history":[{"count":5,"href":"https:\/\/tmk-nussdorf.at\/index.php?rest_route=\/wp\/v2\/pages\/98\/revisions"}],"predecessor-version":[{"id":3558,"href":"https:\/\/tmk-nussdorf.at\/index.php?rest_route=\/wp\/v2\/pages\/98\/revisions\/3558"}],"up":[{"embeddable":true,"href":"https:\/\/tmk-nussdorf.at\/index.php?rest_route=\/wp\/v2\/pages\/18"}],"wp:attachment":[{"href":"https:\/\/tmk-nussdorf.at\/index.php?rest_route=%2Fwp%2Fv2%2Fmedia&parent=98"}],"curies":[{"name":"wp","href":"https:\/\/api.w.org\/{rel}","templated":true}]}}