{"id":941,"date":"2014-09-27T16:52:27","date_gmt":"2014-09-27T14:52:27","guid":{"rendered":"http:\/\/tmk-nussdorf.at\/?page_id=941"},"modified":"2017-08-21T22:51:18","modified_gmt":"2017-08-21T20:51:18","slug":"entwicklung-der-probenraeume","status":"publish","type":"page","link":"https:\/\/tmk-nussdorf.at\/?page_id=941","title":{"rendered":"Entwicklung der Probenr\u00e4ume"},"content":{"rendered":"<p><strong>Die Anf\u00e4nge<br \/>\n<\/strong>Zur Anfangszeit der Kapelle waren Probenr\u00e4ume nicht \u00fcblich. Die Musiker trafen sich privat und probten in den Bauernstuben ihre wenigen St\u00fccke ein. Sp\u00e4ter wich man auf Gasth\u00f6fe aus, um zu proben.<br \/>\nNach dem Krieg diente f\u00fcr l\u00e4ngere Zeit die Gaststube des Gasthauses Langwallner als Proberaum. Anschlie\u00dfend wurde ein Kellerraum in der Gemeinde genutzt.<\/p>\n<p><strong>Kramerwirt und das Gemeindehaus<\/strong><br \/>\nUnter Kapellmeister Georg Lindner probte die Kapelle im Saal des Kramerwirtes in Nu\u00dfdorf. Sp\u00e4ter wurde das Obergeschoss des Gemeindehauses als Proberaum genutzt, in diesem Raum wurde gleichzeitig die erste Klasse der Volksschule unterrichtet. Daher war es n\u00f6tig, f\u00fcr jede Probe die Bestuhlung und die Utensilien f\u00fcr den Probenbetrieb vorzubereiten und wieder wegzur\u00e4umen.<\/p>\n<p><strong>1974<\/strong><br \/>\nAb 1974 wurde die 4. Klasse der alten Volksschule als Probenraum genutzt. Da kein Schulbetrieb mehr stattfand, konnte die Klasse wie ein eigenens Probelokal ganzj\u00e4hrig genutzt werden.<\/p>\n<figure id=\"attachment_942\" aria-describedby=\"caption-attachment-942\" style=\"width: 520px\" class=\"wp-caption aligncenter\"><a href=\"http:\/\/tmk-nussdorf.at\/?attachment_id=942\" rel=\"attachment wp-att-942\"><img loading=\"lazy\" class=\"wp-image-942 size-full\" src=\"http:\/\/tmk-nussdorf.at\/wp-content\/uploads\/2014\/09\/altes_schulhaus.jpg\" alt=\"das alte Schulhaus in Schl\u00f6ssl\" width=\"520\" height=\"298\" srcset=\"https:\/\/tmk-nussdorf.at\/wp-content\/uploads\/2014\/09\/altes_schulhaus.jpg 520w, https:\/\/tmk-nussdorf.at\/wp-content\/uploads\/2014\/09\/altes_schulhaus-300x171.jpg 300w\" sizes=\"(max-width: 520px) 100vw, 520px\" \/><\/a><figcaption id=\"caption-attachment-942\" class=\"wp-caption-text\">das alte Schulhaus in Schl\u00f6ssl<\/figcaption><\/figure>\n<p><strong>17. November 1979<\/strong><br \/>\nUnter Kapellmeister Alois Kersch konnte 1979 mit der Er\u00f6ffnung des Raiffeisenhauses\u00a0das erste eigene Probelokal bezogen werden. Der Probenraum war im Keller des Geb\u00e4udes angeordnet und mit ca. 50m\u00b2 f\u00fcr die Kapelle ausreichend gro\u00df. Der Musikerstand betrug zu dieser Zeit knapp 30 Musiker.<br \/>\nIn den letzten 10 Jahren jedoch wurde der Raum im Keller des Raiffeisenhauses f\u00fcr die Kapelle allm\u00e4hlich zu eng. Besonders in den Sommermonaten war das Proben eine Qual, da das Probelokal nicht ausreichend bel\u00fcftet werden konnte. Der Ruf nach einem neuen Heim zur Besserung der Situation wurde laut.<\/p>\n<figure id=\"attachment_943\" aria-describedby=\"caption-attachment-943\" style=\"width: 520px\" class=\"wp-caption aligncenter\"><a href=\"http:\/\/tmk-nussdorf.at\/?attachment_id=943\" rel=\"attachment wp-att-943\"><img loading=\"lazy\" class=\"wp-image-943 size-full\" src=\"http:\/\/tmk-nussdorf.at\/wp-content\/uploads\/2014\/09\/Raiffeisenbank.jpg\" alt=\"Raiffeisenbank Nu\u00dfdorf\" width=\"520\" height=\"317\" srcset=\"https:\/\/tmk-nussdorf.at\/wp-content\/uploads\/2014\/09\/Raiffeisenbank.jpg 520w, https:\/\/tmk-nussdorf.at\/wp-content\/uploads\/2014\/09\/Raiffeisenbank-300x182.jpg 300w\" sizes=\"(max-width: 520px) 100vw, 520px\" \/><\/a><figcaption id=\"caption-attachment-943\" class=\"wp-caption-text\">Raiffeisenbank Nu\u00dfdorf<\/figcaption><\/figure>\n<p><strong>29. April 2007<\/strong><br \/>\nIm Zuge der Einweihung des neuen Feuerwehrhauses am 29.April 2007 wurden auch die R\u00e4umlichkeiten f\u00fcr die Trachtenmusikkapelle offiziell ihrer Bestimmung \u00fcbergeben.<\/p>\n","protected":false},"excerpt":{"rendered":"<p>Die Anf\u00e4nge Zur Anfangszeit der Kapelle waren Probenr\u00e4ume nicht \u00fcblich. Die Musiker trafen sich privat und probten in den Bauernstuben ihre wenigen St\u00fccke ein. Sp\u00e4ter wich man auf Gasth\u00f6fe aus, um zu proben. Nach dem Krieg diente f\u00fcr l\u00e4ngere Zeit die Gaststube des Gasthauses Langwallner als Proberaum. Anschlie\u00dfend wurde ein Kellerraum in der Gemeinde genutzt. &hellip; <a href=\"https:\/\/tmk-nussdorf.at\/?page_id=941\" class=\"more-link\"><span class=\"screen-reader-text\">Entwicklung der Probenr\u00e4ume<\/span> weiterlesen <span class=\"meta-nav\">&rarr;<\/span><\/a><\/p>\n","protected":false},"author":1,"featured_media":0,"parent":0,"menu_order":5,"comment_status":"open","ping_status":"open","template":"","meta":[],"_links":{"self":[{"href":"https:\/\/tmk-nussdorf.at\/index.php?rest_route=\/wp\/v2\/pages\/941"}],"collection":[{"href":"https:\/\/tmk-nussdorf.at\/index.php?rest_route=\/wp\/v2\/pages"}],"about":[{"href":"https:\/\/tmk-nussdorf.at\/index.php?rest_route=\/wp\/v2\/types\/page"}],"author":[{"embeddable":true,"href":"https:\/\/tmk-nussdorf.at\/index.php?rest_route=\/wp\/v2\/users\/1"}],"replies":[{"embeddable":true,"href":"https:\/\/tmk-nussdorf.at\/index.php?rest_route=%2Fwp%2Fv2%2Fcomments&post=941"}],"version-history":[{"count":2,"href":"https:\/\/tmk-nussdorf.at\/index.php?rest_route=\/wp\/v2\/pages\/941\/revisions"}],"predecessor-version":[{"id":2714,"href":"https:\/\/tmk-nussdorf.at\/index.php?rest_route=\/wp\/v2\/pages\/941\/revisions\/2714"}],"wp:attachment":[{"href":"https:\/\/tmk-nussdorf.at\/index.php?rest_route=%2Fwp%2Fv2%2Fmedia&parent=941"}],"curies":[{"name":"wp","href":"https:\/\/api.w.org\/{rel}","templated":true}]}}