{"id":68,"date":"2014-09-06T14:21:39","date_gmt":"2014-09-06T12:21:39","guid":{"rendered":"http:\/\/egger-it.at\/?page_id=68"},"modified":"2017-08-21T22:25:55","modified_gmt":"2017-08-21T20:25:55","slug":"floeten-oboen","status":"publish","type":"page","link":"https:\/\/tmk-nussdorf.at\/?page_id=68","title":{"rendered":"Fl\u00f6ten &#038; Oboen"},"content":{"rendered":"<p><a href=\"http:\/\/tmk-nussdorf.at\/?attachment_id=1535\" rel=\"attachment wp-att-1535\"><img loading=\"lazy\" class=\"alignnone wp-image-1535 size-full\" src=\"http:\/\/tmk-nussdorf.at\/wp-content\/uploads\/2014\/09\/02_FloetenOboe.jpg\" alt=\"Fl\u00f6ten &amp; Oboen\" width=\"831\" height=\"600\" srcset=\"https:\/\/tmk-nussdorf.at\/wp-content\/uploads\/2014\/09\/02_FloetenOboe.jpg 831w, https:\/\/tmk-nussdorf.at\/wp-content\/uploads\/2014\/09\/02_FloetenOboe-300x216.jpg 300w\" sizes=\"(max-width: 831px) 100vw, 831px\" \/><\/a><\/p>\n<p><strong>v.l. hinter Gel\u00e4nder:<\/strong><br \/>\nChristine Gastberger, Elisabeth Schw\u00e4rz<\/p>\n<p><strong>v.l. vorne:<\/strong><br \/>\nLena Armstorfer, Birgit Mangelberger, Marlis Burgschwaiger, Sophie Kalliwoda<\/p>\n<p><strong>nicht im Bild:<\/strong> Kristin G\u00fcttersberger, Christina Standl<\/p>\n","protected":false},"excerpt":{"rendered":"<p>v.l. hinter Gel\u00e4nder: Christine Gastberger, Elisabeth Schw\u00e4rz v.l. vorne: Lena Armstorfer, Birgit Mangelberger, Marlis Burgschwaiger, Sophie Kalliwoda nicht im Bild: Kristin G\u00fcttersberger, Christina Standl<\/p>\n","protected":false},"author":1,"featured_media":0,"parent":18,"menu_order":1,"comment_status":"open","ping_status":"open","template":"","meta":[],"_links":{"self":[{"href":"https:\/\/tmk-nussdorf.at\/index.php?rest_route=\/wp\/v2\/pages\/68"}],"collection":[{"href":"https:\/\/tmk-nussdorf.at\/index.php?rest_route=\/wp\/v2\/pages"}],"about":[{"href":"https:\/\/tmk-nussdorf.at\/index.php?rest_route=\/wp\/v2\/types\/page"}],"author":[{"embeddable":true,"href":"https:\/\/tmk-nussdorf.at\/index.php?rest_route=\/wp\/v2\/users\/1"}],"replies":[{"embeddable":true,"href":"https:\/\/tmk-nussdorf.at\/index.php?rest_route=%2Fwp%2Fv2%2Fcomments&post=68"}],"version-history":[{"count":6,"href":"https:\/\/tmk-nussdorf.at\/index.php?rest_route=\/wp\/v2\/pages\/68\/revisions"}],"predecessor-version":[{"id":2695,"href":"https:\/\/tmk-nussdorf.at\/index.php?rest_route=\/wp\/v2\/pages\/68\/revisions\/2695"}],"up":[{"embeddable":true,"href":"https:\/\/tmk-nussdorf.at\/index.php?rest_route=\/wp\/v2\/pages\/18"}],"wp:attachment":[{"href":"https:\/\/tmk-nussdorf.at\/index.php?rest_route=%2Fwp%2Fv2%2Fmedia&parent=68"}],"curies":[{"name":"wp","href":"https:\/\/api.w.org\/{rel}","templated":true}]}}