{"id":581,"date":"2014-09-15T20:26:39","date_gmt":"2014-09-15T18:26:39","guid":{"rendered":"http:\/\/egger-it.at\/?page_id=581"},"modified":"2014-09-27T17:12:37","modified_gmt":"2014-09-27T15:12:37","slug":"ompah-fest-in-queens-ny","status":"publish","type":"page","link":"https:\/\/tmk-nussdorf.at\/?page_id=581","title":{"rendered":"Ompah-Fest in Queens NY"},"content":{"rendered":"<h4><span style=\"text-decoration: underline;\">So. 20.9.09:<\/span> Ompah Fest<\/h4>\n<p>Auch am letzten Tag unserer Reise &#8211; praktisch am Weg zum Flughafen &#8211; hatten wir noch einen Auftritt. Wir er\u00f6ffneten mit einem Einmarsch und 2-st\u00fcndigen Standkonzert das &#8222;Ompah-Fest&#8220; in Long Island, welches von den vielen dort ans\u00e4ssigen Deutsch-Amerikanern veranstaltet wird.<\/p>\n<p>Mit dem CAN-CAN und einem \u00f6sterreichischen Schuhplattler verabschiedeten wir uns von den G\u00e4sten, von New York und schlie\u00dflich auch von Amerika\u00a0und traten die Heimreise an.<\/p>\n\n\t\t<div id='gallery-1' class='gallery galleryid-581 gallery-columns-3 gallery-size-thumbnail gallery1'><script type=\"text\/javascript\">\r\n\/\/ <![CDATA[\r\n\tjQuery(document).ready(function () {\r\n\t\tjQuery(\".gallery1 a\").attr(\"rel\",\"gallery1\");\t\r\n\t\tjQuery('a[rel=\"gallery1\"]').colorbox({maxWidth:\"95%\", maxHeight:\"95%\",title: function(){ return jQuery(this).children().attr(\"alt\"); }, });\r\n\t});\r\n\/\/ ]]>\r\n<\/script>\n<figure class=\"gallery-item\">\n<div class=\"gallery-icon\">\r\n<a href=\"https:\/\/tmk-nussdorf.at\/wp-content\/uploads\/2014\/09\/2001_Ompah_001.jpg\" title=\"\" rel=\"gallery1\"><img src=\"https:\/\/tmk-nussdorf.at\/wp-content\/uploads\/2014\/09\/2001_Ompah_001-150x150.jpg\" width=\"150\" height=\"150\" alt=\"\" \/><\/a>\r\n<\/div><\/figure><figure class=\"gallery-item\">\n<div class=\"gallery-icon\">\r\n<a href=\"https:\/\/tmk-nussdorf.at\/wp-content\/uploads\/2014\/09\/2001_Ompah_002.jpg\" title=\"\" rel=\"gallery1\"><img src=\"https:\/\/tmk-nussdorf.at\/wp-content\/uploads\/2014\/09\/2001_Ompah_002-150x150.jpg\" width=\"150\" height=\"150\" alt=\"\" \/><\/a>\r\n<\/div><\/figure><figure class=\"gallery-item\">\n<div class=\"gallery-icon\">\r\n<a href=\"https:\/\/tmk-nussdorf.at\/wp-content\/uploads\/2014\/09\/2001_Ompah_003.jpg\" title=\"\" rel=\"gallery1\"><img src=\"https:\/\/tmk-nussdorf.at\/wp-content\/uploads\/2014\/09\/2001_Ompah_003-150x150.jpg\" width=\"150\" height=\"150\" alt=\"\" \/><\/a>\r\n<\/div><\/figure><figure class=\"gallery-item\">\n<div class=\"gallery-icon\">\r\n<a href=\"https:\/\/tmk-nussdorf.at\/wp-content\/uploads\/2014\/09\/2001_Ompah_005.jpg\" title=\"\" rel=\"gallery1\"><img src=\"https:\/\/tmk-nussdorf.at\/wp-content\/uploads\/2014\/09\/2001_Ompah_005-150x150.jpg\" width=\"150\" height=\"150\" alt=\"\" \/><\/a>\r\n<\/div><\/figure><figure class=\"gallery-item\">\n<div class=\"gallery-icon\">\r\n<a href=\"https:\/\/tmk-nussdorf.at\/wp-content\/uploads\/2014\/09\/2001_Ompah_008.jpg\" title=\"\" rel=\"gallery1\"><img src=\"https:\/\/tmk-nussdorf.at\/wp-content\/uploads\/2014\/09\/2001_Ompah_008-150x150.jpg\" width=\"150\" height=\"150\" alt=\"\" \/><\/a>\r\n<\/div><\/figure><figure class=\"gallery-item\">\n<div class=\"gallery-icon\">\r\n<a href=\"https:\/\/tmk-nussdorf.at\/wp-content\/uploads\/2014\/09\/2001_Ompah_009.jpg\" title=\"\" rel=\"gallery1\"><img src=\"https:\/\/tmk-nussdorf.at\/wp-content\/uploads\/2014\/09\/2001_Ompah_009-150x150.jpg\" width=\"150\" height=\"150\" alt=\"\" \/><\/a>\r\n<\/div><\/figure><figure class=\"gallery-item\">\n<div class=\"gallery-icon\">\r\n<a href=\"https:\/\/tmk-nussdorf.at\/wp-content\/uploads\/2014\/09\/2001_Ompah_010.jpg\" title=\"\" rel=\"gallery1\"><img src=\"https:\/\/tmk-nussdorf.at\/wp-content\/uploads\/2014\/09\/2001_Ompah_010-150x150.jpg\" width=\"150\" height=\"150\" alt=\"\" \/><\/a>\r\n<\/div><\/figure><figure class=\"gallery-item\">\n<div class=\"gallery-icon\">\r\n<a href=\"https:\/\/tmk-nussdorf.at\/wp-content\/uploads\/2014\/09\/2001_Ompah_012.jpg\" title=\"\" rel=\"gallery1\"><img src=\"https:\/\/tmk-nussdorf.at\/wp-content\/uploads\/2014\/09\/2001_Ompah_012-150x150.jpg\" width=\"150\" height=\"150\" alt=\"\" \/><\/a>\r\n<\/div><\/figure><figure class=\"gallery-item\">\n<div class=\"gallery-icon\">\r\n<a href=\"https:\/\/tmk-nussdorf.at\/wp-content\/uploads\/2014\/09\/2001_Ompah_013.jpg\" title=\"\" rel=\"gallery1\"><img src=\"https:\/\/tmk-nussdorf.at\/wp-content\/uploads\/2014\/09\/2001_Ompah_013-150x150.jpg\" width=\"150\" height=\"150\" alt=\"\" \/><\/a>\r\n<\/div><\/figure><figure class=\"gallery-item\">\n<div class=\"gallery-icon\">\r\n<a href=\"https:\/\/tmk-nussdorf.at\/wp-content\/uploads\/2014\/09\/2001_Ompah_016.jpg\" title=\"\" rel=\"gallery1\"><img src=\"https:\/\/tmk-nussdorf.at\/wp-content\/uploads\/2014\/09\/2001_Ompah_016-150x150.jpg\" width=\"150\" height=\"150\" alt=\"\" \/><\/a>\r\n<\/div><\/figure><figure class=\"gallery-item\">\n<div class=\"gallery-icon\">\r\n<a href=\"https:\/\/tmk-nussdorf.at\/wp-content\/uploads\/2014\/09\/2001_Ompah_017.jpg\" title=\"\" rel=\"gallery1\"><img src=\"https:\/\/tmk-nussdorf.at\/wp-content\/uploads\/2014\/09\/2001_Ompah_017-150x150.jpg\" width=\"150\" height=\"150\" alt=\"\" \/><\/a>\r\n<\/div><\/figure><figure class=\"gallery-item\">\n<div class=\"gallery-icon\">\r\n<a href=\"https:\/\/tmk-nussdorf.at\/wp-content\/uploads\/2014\/09\/2001_Ompah_018.jpg\" title=\"\" rel=\"gallery1\"><img src=\"https:\/\/tmk-nussdorf.at\/wp-content\/uploads\/2014\/09\/2001_Ompah_018-150x150.jpg\" width=\"150\" height=\"150\" alt=\"\" \/><\/a>\r\n<\/div><\/figure><figure class=\"gallery-item\">\n<div class=\"gallery-icon\">\r\n<a href=\"https:\/\/tmk-nussdorf.at\/wp-content\/uploads\/2014\/09\/2001_Ompah_019.jpg\" title=\"\" rel=\"gallery1\"><img src=\"https:\/\/tmk-nussdorf.at\/wp-content\/uploads\/2014\/09\/2001_Ompah_019-150x150.jpg\" width=\"150\" height=\"150\" alt=\"\" \/><\/a>\r\n<\/div><\/figure><figure class=\"gallery-item\">\n<div class=\"gallery-icon\">\r\n<a href=\"https:\/\/tmk-nussdorf.at\/wp-content\/uploads\/2014\/09\/2001_Ompah_020.jpg\" title=\"\" rel=\"gallery1\"><img src=\"https:\/\/tmk-nussdorf.at\/wp-content\/uploads\/2014\/09\/2001_Ompah_020-150x150.jpg\" width=\"150\" height=\"150\" alt=\"\" \/><\/a>\r\n<\/div><\/figure><figure class=\"gallery-item\">\n<div class=\"gallery-icon\">\r\n<a href=\"https:\/\/tmk-nussdorf.at\/wp-content\/uploads\/2014\/09\/2001_Ompah_021.jpg\" title=\"\" rel=\"gallery1\"><img src=\"https:\/\/tmk-nussdorf.at\/wp-content\/uploads\/2014\/09\/2001_Ompah_021-150x150.jpg\" width=\"150\" height=\"150\" alt=\"\" \/><\/a>\r\n<\/div><\/figure><figure class=\"gallery-item\">\n<div class=\"gallery-icon\">\r\n<a href=\"https:\/\/tmk-nussdorf.at\/wp-content\/uploads\/2014\/09\/2001_Ompah_022.jpg\" title=\"\" rel=\"gallery1\"><img src=\"https:\/\/tmk-nussdorf.at\/wp-content\/uploads\/2014\/09\/2001_Ompah_022-150x150.jpg\" width=\"150\" height=\"150\" alt=\"\" \/><\/a>\r\n<\/div><\/figure><figure class=\"gallery-item\">\n<div class=\"gallery-icon\">\r\n<a href=\"https:\/\/tmk-nussdorf.at\/wp-content\/uploads\/2014\/09\/2001_Ompah_022a.jpg\" title=\"\" rel=\"gallery1\"><img src=\"https:\/\/tmk-nussdorf.at\/wp-content\/uploads\/2014\/09\/2001_Ompah_022a-150x150.jpg\" width=\"150\" height=\"150\" alt=\"\" \/><\/a>\r\n<\/div><\/figure><figure class=\"gallery-item\">\n<div class=\"gallery-icon\">\r\n<a href=\"https:\/\/tmk-nussdorf.at\/wp-content\/uploads\/2014\/09\/2001_Ompah_023.jpg\" title=\"\" rel=\"gallery1\"><img src=\"https:\/\/tmk-nussdorf.at\/wp-content\/uploads\/2014\/09\/2001_Ompah_023-150x150.jpg\" width=\"150\" height=\"150\" alt=\"\" \/><\/a>\r\n<\/div><\/figure><figure class=\"gallery-item\">\n<div class=\"gallery-icon\">\r\n<a href=\"https:\/\/tmk-nussdorf.at\/wp-content\/uploads\/2014\/09\/2001_Ompah_024.jpg\" title=\"\" rel=\"gallery1\"><img src=\"https:\/\/tmk-nussdorf.at\/wp-content\/uploads\/2014\/09\/2001_Ompah_024-150x150.jpg\" width=\"150\" height=\"150\" alt=\"\" \/><\/a>\r\n<\/div><\/figure><figure class=\"gallery-item\">\n<div class=\"gallery-icon\">\r\n<a href=\"https:\/\/tmk-nussdorf.at\/wp-content\/uploads\/2014\/09\/2001_Ompah_025.jpg\" title=\"\" rel=\"gallery1\"><img src=\"https:\/\/tmk-nussdorf.at\/wp-content\/uploads\/2014\/09\/2001_Ompah_025-150x150.jpg\" width=\"150\" height=\"150\" alt=\"\" \/><\/a>\r\n<\/div><\/figure><figure class=\"gallery-item\">\n<div class=\"gallery-icon\">\r\n<a href=\"https:\/\/tmk-nussdorf.at\/wp-content\/uploads\/2014\/09\/2001_Ompah_026.jpg\" title=\"\" rel=\"gallery1\"><img src=\"https:\/\/tmk-nussdorf.at\/wp-content\/uploads\/2014\/09\/2001_Ompah_026-150x150.jpg\" width=\"150\" height=\"150\" alt=\"\" \/><\/a>\r\n<\/div><\/figure><figure class=\"gallery-item\">\n<div class=\"gallery-icon\">\r\n<a href=\"https:\/\/tmk-nussdorf.at\/wp-content\/uploads\/2014\/09\/2001_Ompah_027.jpg\" title=\"\" rel=\"gallery1\"><img src=\"https:\/\/tmk-nussdorf.at\/wp-content\/uploads\/2014\/09\/2001_Ompah_027-150x150.jpg\" width=\"150\" height=\"150\" alt=\"\" \/><\/a>\r\n<\/div><\/figure><figure class=\"gallery-item\">\n<div class=\"gallery-icon\">\r\n<a href=\"https:\/\/tmk-nussdorf.at\/wp-content\/uploads\/2014\/09\/2001_Ompah_030.jpg\" title=\"\" rel=\"gallery1\"><img src=\"https:\/\/tmk-nussdorf.at\/wp-content\/uploads\/2014\/09\/2001_Ompah_030-150x150.jpg\" width=\"150\" height=\"150\" alt=\"\" \/><\/a>\r\n<\/div><\/figure><figure class=\"gallery-item\">\n<div class=\"gallery-icon\">\r\n<a href=\"https:\/\/tmk-nussdorf.at\/wp-content\/uploads\/2014\/09\/2001_Ompah_031.jpg\" title=\"\" rel=\"gallery1\"><img src=\"https:\/\/tmk-nussdorf.at\/wp-content\/uploads\/2014\/09\/2001_Ompah_031-150x150.jpg\" width=\"150\" height=\"150\" alt=\"\" \/><\/a>\r\n<\/div><\/figure>\r\n\t\t<\/div>\n\n","protected":false},"excerpt":{"rendered":"<p>So. 20.9.09: Ompah Fest Auch am letzten Tag unserer Reise &#8211; praktisch am Weg zum Flughafen &#8211; hatten wir noch einen Auftritt. Wir er\u00f6ffneten mit einem Einmarsch und 2-st\u00fcndigen Standkonzert das &#8222;Ompah-Fest&#8220; in Long Island, welches von den vielen dort ans\u00e4ssigen Deutsch-Amerikanern veranstaltet wird. Mit dem CAN-CAN und einem \u00f6sterreichischen Schuhplattler verabschiedeten wir uns von &hellip; <a href=\"https:\/\/tmk-nussdorf.at\/?page_id=581\" class=\"more-link\"><span class=\"screen-reader-text\">Ompah-Fest in Queens NY<\/span> weiterlesen <span class=\"meta-nav\">&rarr;<\/span><\/a><\/p>\n","protected":false},"author":1,"featured_media":0,"parent":202,"menu_order":11,"comment_status":"open","ping_status":"open","template":"","meta":[],"_links":{"self":[{"href":"https:\/\/tmk-nussdorf.at\/index.php?rest_route=\/wp\/v2\/pages\/581"}],"collection":[{"href":"https:\/\/tmk-nussdorf.at\/index.php?rest_route=\/wp\/v2\/pages"}],"about":[{"href":"https:\/\/tmk-nussdorf.at\/index.php?rest_route=\/wp\/v2\/types\/page"}],"author":[{"embeddable":true,"href":"https:\/\/tmk-nussdorf.at\/index.php?rest_route=\/wp\/v2\/users\/1"}],"replies":[{"embeddable":true,"href":"https:\/\/tmk-nussdorf.at\/index.php?rest_route=%2Fwp%2Fv2%2Fcomments&post=581"}],"version-history":[{"count":2,"href":"https:\/\/tmk-nussdorf.at\/index.php?rest_route=\/wp\/v2\/pages\/581\/revisions"}],"predecessor-version":[{"id":1348,"href":"https:\/\/tmk-nussdorf.at\/index.php?rest_route=\/wp\/v2\/pages\/581\/revisions\/1348"}],"up":[{"embeddable":true,"href":"https:\/\/tmk-nussdorf.at\/index.php?rest_route=\/wp\/v2\/pages\/202"}],"wp:attachment":[{"href":"https:\/\/tmk-nussdorf.at\/index.php?rest_route=%2Fwp%2Fv2%2Fmedia&parent=581"}],"curies":[{"name":"wp","href":"https:\/\/api.w.org\/{rel}","templated":true}]}}