{"id":336,"date":"2014-09-15T20:00:49","date_gmt":"2014-09-15T18:00:49","guid":{"rendered":"http:\/\/egger-it.at\/?page_id=336"},"modified":"2014-09-27T17:07:40","modified_gmt":"2014-09-27T15:07:40","slug":"donauschwaben","status":"publish","type":"page","link":"https:\/\/tmk-nussdorf.at\/?page_id=336","title":{"rendered":"Donauschwaben"},"content":{"rendered":"<h4><span style=\"text-decoration: underline;\">Sa.\u00a012.9.09:<\/span>\u00a0Oktoberfest der Donauschwaben in Toronto<\/h4>\n<p>Ein H\u00f6hepunkt unserer Kanada-Tour war das Oktoberfest der Donauschwaben in Toronto. Nach einem Empfang in der Stadthalle des Stadtteils Scarborough marschierten wir mit zahlreichen Anh\u00e4ngern zum Clubhaus der Donauschwaben, wo wir das Oktoberfest im zum Bersten gef\u00fcllten Haus er\u00f6ffneten. Danach f\u00fchrten wir unsere Marschshow vor und sorgten f\u00fcr Oktoberfeststimmung bis zum bitteren Ende. Unvergesslich sind sicher auch die Tr\u00e4nen, die manche ausgewanderte Europ\u00e4er beim Erleben der Kultur aus der alten Heimat vergossen.<\/p>\n\n\t\t<div id='gallery-1' class='gallery galleryid-336 gallery-columns-3 gallery-size-thumbnail gallery1'><script type=\"text\/javascript\">\r\n\/\/ <![CDATA[\r\n\tjQuery(document).ready(function () {\r\n\t\tjQuery(\".gallery1 a\").attr(\"rel\",\"gallery1\");\t\r\n\t\tjQuery('a[rel=\"gallery1\"]').colorbox({maxWidth:\"95%\", maxHeight:\"95%\",title: function(){ return jQuery(this).children().attr(\"alt\"); }, });\r\n\t});\r\n\/\/ ]]>\r\n<\/script>\n<figure class=\"gallery-item\">\n<div class=\"gallery-icon\">\r\n<a href=\"https:\/\/tmk-nussdorf.at\/wp-content\/uploads\/2014\/09\/1202_Donauschwaben_002.jpg\" title=\"\" rel=\"gallery1\"><img src=\"https:\/\/tmk-nussdorf.at\/wp-content\/uploads\/2014\/09\/1202_Donauschwaben_002-150x150.jpg\" width=\"150\" height=\"150\" alt=\"\" \/><\/a>\r\n<\/div><\/figure><figure class=\"gallery-item\">\n<div class=\"gallery-icon\">\r\n<a href=\"https:\/\/tmk-nussdorf.at\/wp-content\/uploads\/2014\/09\/1202_Donauschwaben_003.jpg\" title=\"\" rel=\"gallery1\"><img src=\"https:\/\/tmk-nussdorf.at\/wp-content\/uploads\/2014\/09\/1202_Donauschwaben_003-150x150.jpg\" width=\"150\" height=\"150\" alt=\"\" \/><\/a>\r\n<\/div><\/figure><figure class=\"gallery-item\">\n<div class=\"gallery-icon\">\r\n<a href=\"https:\/\/tmk-nussdorf.at\/wp-content\/uploads\/2014\/09\/1202_Donauschwaben_004.jpg\" title=\"\" rel=\"gallery1\"><img src=\"https:\/\/tmk-nussdorf.at\/wp-content\/uploads\/2014\/09\/1202_Donauschwaben_004-150x150.jpg\" width=\"150\" height=\"150\" alt=\"\" \/><\/a>\r\n<\/div><\/figure><figure class=\"gallery-item\">\n<div class=\"gallery-icon\">\r\n<a href=\"https:\/\/tmk-nussdorf.at\/wp-content\/uploads\/2014\/09\/1202_Donauschwaben_005.jpg\" title=\"\" rel=\"gallery1\"><img src=\"https:\/\/tmk-nussdorf.at\/wp-content\/uploads\/2014\/09\/1202_Donauschwaben_005-150x150.jpg\" width=\"150\" height=\"150\" alt=\"\" \/><\/a>\r\n<\/div><\/figure><figure class=\"gallery-item\">\n<div class=\"gallery-icon\">\r\n<a href=\"https:\/\/tmk-nussdorf.at\/wp-content\/uploads\/2014\/09\/1202_Donauschwaben_006.jpg\" title=\"\" rel=\"gallery1\"><img src=\"https:\/\/tmk-nussdorf.at\/wp-content\/uploads\/2014\/09\/1202_Donauschwaben_006-150x150.jpg\" width=\"150\" height=\"150\" alt=\"\" \/><\/a>\r\n<\/div><\/figure><figure class=\"gallery-item\">\n<div class=\"gallery-icon\">\r\n<a href=\"https:\/\/tmk-nussdorf.at\/wp-content\/uploads\/2014\/09\/1202_Donauschwaben_007.jpg\" title=\"\" rel=\"gallery1\"><img src=\"https:\/\/tmk-nussdorf.at\/wp-content\/uploads\/2014\/09\/1202_Donauschwaben_007-150x150.jpg\" width=\"150\" height=\"150\" alt=\"\" \/><\/a>\r\n<\/div><\/figure><figure class=\"gallery-item\">\n<div class=\"gallery-icon\">\r\n<a href=\"https:\/\/tmk-nussdorf.at\/wp-content\/uploads\/2014\/09\/1202_Donauschwaben_008.jpg\" title=\"\" rel=\"gallery1\"><img src=\"https:\/\/tmk-nussdorf.at\/wp-content\/uploads\/2014\/09\/1202_Donauschwaben_008-150x150.jpg\" width=\"150\" height=\"150\" alt=\"\" \/><\/a>\r\n<\/div><\/figure><figure class=\"gallery-item\">\n<div class=\"gallery-icon\">\r\n<a href=\"https:\/\/tmk-nussdorf.at\/wp-content\/uploads\/2014\/09\/1202_Donauschwaben_009.jpg\" title=\"\" rel=\"gallery1\"><img src=\"https:\/\/tmk-nussdorf.at\/wp-content\/uploads\/2014\/09\/1202_Donauschwaben_009-150x150.jpg\" width=\"150\" height=\"150\" alt=\"\" \/><\/a>\r\n<\/div><\/figure><figure class=\"gallery-item\">\n<div class=\"gallery-icon\">\r\n<a href=\"https:\/\/tmk-nussdorf.at\/wp-content\/uploads\/2014\/09\/1202_Donauschwaben_010.jpg\" title=\"\" rel=\"gallery1\"><img src=\"https:\/\/tmk-nussdorf.at\/wp-content\/uploads\/2014\/09\/1202_Donauschwaben_010-150x150.jpg\" width=\"150\" height=\"150\" alt=\"\" \/><\/a>\r\n<\/div><\/figure><figure class=\"gallery-item\">\n<div class=\"gallery-icon\">\r\n<a href=\"https:\/\/tmk-nussdorf.at\/wp-content\/uploads\/2014\/09\/1202_Donauschwaben_011.jpg\" title=\"\" rel=\"gallery1\"><img src=\"https:\/\/tmk-nussdorf.at\/wp-content\/uploads\/2014\/09\/1202_Donauschwaben_011-150x150.jpg\" width=\"150\" height=\"150\" alt=\"\" \/><\/a>\r\n<\/div><\/figure><figure class=\"gallery-item\">\n<div class=\"gallery-icon\">\r\n<a href=\"https:\/\/tmk-nussdorf.at\/wp-content\/uploads\/2014\/09\/1202_Donauschwaben_012.jpg\" title=\"\" rel=\"gallery1\"><img src=\"https:\/\/tmk-nussdorf.at\/wp-content\/uploads\/2014\/09\/1202_Donauschwaben_012-150x150.jpg\" width=\"150\" height=\"150\" alt=\"\" \/><\/a>\r\n<\/div><\/figure><figure class=\"gallery-item\">\n<div class=\"gallery-icon\">\r\n<a href=\"https:\/\/tmk-nussdorf.at\/wp-content\/uploads\/2014\/09\/1202_Donauschwaben_013.jpg\" title=\"\" rel=\"gallery1\"><img src=\"https:\/\/tmk-nussdorf.at\/wp-content\/uploads\/2014\/09\/1202_Donauschwaben_013-150x150.jpg\" width=\"150\" height=\"150\" alt=\"\" \/><\/a>\r\n<\/div><\/figure><figure class=\"gallery-item\">\n<div class=\"gallery-icon\">\r\n<a href=\"https:\/\/tmk-nussdorf.at\/wp-content\/uploads\/2014\/09\/1202_Donauschwaben_014.jpg\" title=\"\" rel=\"gallery1\"><img src=\"https:\/\/tmk-nussdorf.at\/wp-content\/uploads\/2014\/09\/1202_Donauschwaben_014-150x150.jpg\" width=\"150\" height=\"150\" alt=\"\" \/><\/a>\r\n<\/div><\/figure><figure class=\"gallery-item\">\n<div class=\"gallery-icon\">\r\n<a href=\"https:\/\/tmk-nussdorf.at\/wp-content\/uploads\/2014\/09\/1202_Donauschwaben_015.jpg\" title=\"\" rel=\"gallery1\"><img src=\"https:\/\/tmk-nussdorf.at\/wp-content\/uploads\/2014\/09\/1202_Donauschwaben_015-150x150.jpg\" width=\"150\" height=\"150\" alt=\"\" \/><\/a>\r\n<\/div><\/figure><figure class=\"gallery-item\">\n<div class=\"gallery-icon\">\r\n<a href=\"https:\/\/tmk-nussdorf.at\/wp-content\/uploads\/2014\/09\/1202_Donauschwaben_016.jpg\" title=\"\" rel=\"gallery1\"><img src=\"https:\/\/tmk-nussdorf.at\/wp-content\/uploads\/2014\/09\/1202_Donauschwaben_016-150x150.jpg\" width=\"150\" height=\"150\" alt=\"\" \/><\/a>\r\n<\/div><\/figure><figure class=\"gallery-item\">\n<div class=\"gallery-icon\">\r\n<a href=\"https:\/\/tmk-nussdorf.at\/wp-content\/uploads\/2014\/09\/1202_Donauschwaben_017.jpg\" title=\"\" rel=\"gallery1\"><img src=\"https:\/\/tmk-nussdorf.at\/wp-content\/uploads\/2014\/09\/1202_Donauschwaben_017-150x150.jpg\" width=\"150\" height=\"150\" alt=\"\" \/><\/a>\r\n<\/div><\/figure><figure class=\"gallery-item\">\n<div class=\"gallery-icon\">\r\n<a href=\"https:\/\/tmk-nussdorf.at\/wp-content\/uploads\/2014\/09\/1202_Donauschwaben_018.jpg\" title=\"\" rel=\"gallery1\"><img src=\"https:\/\/tmk-nussdorf.at\/wp-content\/uploads\/2014\/09\/1202_Donauschwaben_018-150x150.jpg\" width=\"150\" height=\"150\" alt=\"\" \/><\/a>\r\n<\/div><\/figure><figure class=\"gallery-item\">\n<div class=\"gallery-icon\">\r\n<a href=\"https:\/\/tmk-nussdorf.at\/wp-content\/uploads\/2014\/09\/1202_Donauschwaben_019.jpg\" title=\"\" rel=\"gallery1\"><img src=\"https:\/\/tmk-nussdorf.at\/wp-content\/uploads\/2014\/09\/1202_Donauschwaben_019-150x150.jpg\" width=\"150\" height=\"150\" alt=\"\" \/><\/a>\r\n<\/div><\/figure><figure class=\"gallery-item\">\n<div class=\"gallery-icon\">\r\n<a href=\"https:\/\/tmk-nussdorf.at\/wp-content\/uploads\/2014\/09\/1202_Donauschwaben_020.jpg\" title=\"\" rel=\"gallery1\"><img src=\"https:\/\/tmk-nussdorf.at\/wp-content\/uploads\/2014\/09\/1202_Donauschwaben_020-150x150.jpg\" width=\"150\" height=\"150\" alt=\"\" \/><\/a>\r\n<\/div><\/figure><figure class=\"gallery-item\">\n<div class=\"gallery-icon\">\r\n<a href=\"https:\/\/tmk-nussdorf.at\/wp-content\/uploads\/2014\/09\/1202_Donauschwaben_021.jpg\" title=\"\" rel=\"gallery1\"><img src=\"https:\/\/tmk-nussdorf.at\/wp-content\/uploads\/2014\/09\/1202_Donauschwaben_021-150x150.jpg\" width=\"150\" height=\"150\" alt=\"\" \/><\/a>\r\n<\/div><\/figure><figure class=\"gallery-item\">\n<div class=\"gallery-icon\">\r\n<a href=\"https:\/\/tmk-nussdorf.at\/wp-content\/uploads\/2014\/09\/1202_Donauschwaben_022.jpg\" title=\"\" rel=\"gallery1\"><img src=\"https:\/\/tmk-nussdorf.at\/wp-content\/uploads\/2014\/09\/1202_Donauschwaben_022-150x150.jpg\" width=\"150\" height=\"150\" alt=\"\" \/><\/a>\r\n<\/div><\/figure><figure class=\"gallery-item\">\n<div class=\"gallery-icon\">\r\n<a href=\"https:\/\/tmk-nussdorf.at\/wp-content\/uploads\/2014\/09\/1202_Donauschwaben_023.jpg\" title=\"\" rel=\"gallery1\"><img src=\"https:\/\/tmk-nussdorf.at\/wp-content\/uploads\/2014\/09\/1202_Donauschwaben_023-150x150.jpg\" width=\"150\" height=\"150\" alt=\"\" \/><\/a>\r\n<\/div><\/figure><figure class=\"gallery-item\">\n<div class=\"gallery-icon\">\r\n<a href=\"https:\/\/tmk-nussdorf.at\/wp-content\/uploads\/2014\/09\/1202_Donauschwaben_024.jpg\" title=\"\" rel=\"gallery1\"><img src=\"https:\/\/tmk-nussdorf.at\/wp-content\/uploads\/2014\/09\/1202_Donauschwaben_024-150x150.jpg\" width=\"150\" height=\"150\" alt=\"\" \/><\/a>\r\n<\/div><\/figure><figure class=\"gallery-item\">\n<div class=\"gallery-icon\">\r\n<a href=\"https:\/\/tmk-nussdorf.at\/wp-content\/uploads\/2014\/09\/1202_Donauschwaben_025.jpg\" title=\"\" rel=\"gallery1\"><img src=\"https:\/\/tmk-nussdorf.at\/wp-content\/uploads\/2014\/09\/1202_Donauschwaben_025-150x150.jpg\" width=\"150\" height=\"150\" alt=\"\" \/><\/a>\r\n<\/div><\/figure><figure class=\"gallery-item\">\n<div class=\"gallery-icon\">\r\n<a href=\"https:\/\/tmk-nussdorf.at\/wp-content\/uploads\/2014\/09\/1202_Donauschwaben_026.jpg\" title=\"\" rel=\"gallery1\"><img src=\"https:\/\/tmk-nussdorf.at\/wp-content\/uploads\/2014\/09\/1202_Donauschwaben_026-150x150.jpg\" width=\"150\" height=\"150\" alt=\"\" \/><\/a>\r\n<\/div><\/figure><figure class=\"gallery-item\">\n<div class=\"gallery-icon\">\r\n<a href=\"https:\/\/tmk-nussdorf.at\/wp-content\/uploads\/2014\/09\/1202_Donauschwaben_027.jpg\" title=\"\" rel=\"gallery1\"><img src=\"https:\/\/tmk-nussdorf.at\/wp-content\/uploads\/2014\/09\/1202_Donauschwaben_027-150x150.jpg\" width=\"150\" height=\"150\" alt=\"\" \/><\/a>\r\n<\/div><\/figure><figure class=\"gallery-item\">\n<div class=\"gallery-icon\">\r\n<a href=\"https:\/\/tmk-nussdorf.at\/wp-content\/uploads\/2014\/09\/1202_Donauschwaben_028.jpg\" title=\"\" rel=\"gallery1\"><img src=\"https:\/\/tmk-nussdorf.at\/wp-content\/uploads\/2014\/09\/1202_Donauschwaben_028-150x150.jpg\" width=\"150\" height=\"150\" alt=\"\" \/><\/a>\r\n<\/div><\/figure><figure class=\"gallery-item\">\n<div class=\"gallery-icon\">\r\n<a href=\"https:\/\/tmk-nussdorf.at\/wp-content\/uploads\/2014\/09\/1202_Donauschwaben_029.jpg\" title=\"\" rel=\"gallery1\"><img src=\"https:\/\/tmk-nussdorf.at\/wp-content\/uploads\/2014\/09\/1202_Donauschwaben_029-150x150.jpg\" width=\"150\" height=\"150\" alt=\"\" \/><\/a>\r\n<\/div><\/figure><figure class=\"gallery-item\">\n<div class=\"gallery-icon\">\r\n<a href=\"https:\/\/tmk-nussdorf.at\/wp-content\/uploads\/2014\/09\/1202_Donauschwaben_030.jpg\" title=\"\" rel=\"gallery1\"><img src=\"https:\/\/tmk-nussdorf.at\/wp-content\/uploads\/2014\/09\/1202_Donauschwaben_030-150x150.jpg\" width=\"150\" height=\"150\" alt=\"\" \/><\/a>\r\n<\/div><\/figure><figure class=\"gallery-item\">\n<div class=\"gallery-icon\">\r\n<a href=\"https:\/\/tmk-nussdorf.at\/wp-content\/uploads\/2014\/09\/1202_Donauschwaben_031.jpg\" title=\"\" rel=\"gallery1\"><img src=\"https:\/\/tmk-nussdorf.at\/wp-content\/uploads\/2014\/09\/1202_Donauschwaben_031-150x150.jpg\" width=\"150\" height=\"150\" alt=\"\" \/><\/a>\r\n<\/div><\/figure>\r\n\t\t<\/div>\n\n","protected":false},"excerpt":{"rendered":"<p>Sa.\u00a012.9.09:\u00a0Oktoberfest der Donauschwaben in Toronto Ein H\u00f6hepunkt unserer Kanada-Tour war das Oktoberfest der Donauschwaben in Toronto. Nach einem Empfang in der Stadthalle des Stadtteils Scarborough marschierten wir mit zahlreichen Anh\u00e4ngern zum Clubhaus der Donauschwaben, wo wir das Oktoberfest im zum Bersten gef\u00fcllten Haus er\u00f6ffneten. Danach f\u00fchrten wir unsere Marschshow vor und sorgten f\u00fcr Oktoberfeststimmung bis &hellip; <a href=\"https:\/\/tmk-nussdorf.at\/?page_id=336\" class=\"more-link\"><span class=\"screen-reader-text\">Donauschwaben<\/span> weiterlesen <span class=\"meta-nav\">&rarr;<\/span><\/a><\/p>\n","protected":false},"author":1,"featured_media":0,"parent":202,"menu_order":4,"comment_status":"open","ping_status":"open","template":"","meta":[],"_links":{"self":[{"href":"https:\/\/tmk-nussdorf.at\/index.php?rest_route=\/wp\/v2\/pages\/336"}],"collection":[{"href":"https:\/\/tmk-nussdorf.at\/index.php?rest_route=\/wp\/v2\/pages"}],"about":[{"href":"https:\/\/tmk-nussdorf.at\/index.php?rest_route=\/wp\/v2\/types\/page"}],"author":[{"embeddable":true,"href":"https:\/\/tmk-nussdorf.at\/index.php?rest_route=\/wp\/v2\/users\/1"}],"replies":[{"embeddable":true,"href":"https:\/\/tmk-nussdorf.at\/index.php?rest_route=%2Fwp%2Fv2%2Fcomments&post=336"}],"version-history":[{"count":2,"href":"https:\/\/tmk-nussdorf.at\/index.php?rest_route=\/wp\/v2\/pages\/336\/revisions"}],"predecessor-version":[{"id":1133,"href":"https:\/\/tmk-nussdorf.at\/index.php?rest_route=\/wp\/v2\/pages\/336\/revisions\/1133"}],"up":[{"embeddable":true,"href":"https:\/\/tmk-nussdorf.at\/index.php?rest_route=\/wp\/v2\/pages\/202"}],"wp:attachment":[{"href":"https:\/\/tmk-nussdorf.at\/index.php?rest_route=%2Fwp%2Fv2%2Fmedia&parent=336"}],"curies":[{"name":"wp","href":"https:\/\/api.w.org\/{rel}","templated":true}]}}