{"id":3156,"date":"2019-12-29T15:16:35","date_gmt":"2019-12-29T14:16:35","guid":{"rendered":"http:\/\/tmk-nussdorf.at\/?page_id=3156"},"modified":"2022-04-22T17:17:14","modified_gmt":"2022-04-22T15:17:14","slug":"amerika-2019","status":"publish","type":"page","link":"https:\/\/tmk-nussdorf.at\/?page_id=3156","title":{"rendered":"Mit klingendem Spiel durch New York \u2026"},"content":{"rendered":"\n<p class=\"has-text-align-left\">Unsere gro\u00dfe Reise begann am 9. September 2019 in Salzburg und f\u00fchrte unsere 55 mitreisenden Musikerinnen und Musiker zuerst mit Zug, Flugzeug und Bus \u00fcber M\u00fcnchen und Toronto nach Niagara Falls in Kanada.<\/p>\n\n\n\n<p class=\"has-text-align-left\">Die ersten 4 Tage verbrachten wir dann mit einem Mix aus Sightseeing und Auftritten in der Gegend von Niagara Falls und Toronto. Nat\u00fcrlich duften die bekannten Wasserf\u00e4lle genauso wenig fehlen wie eine Fahrt auf den CN Tower oder eine wilde Jet-Boat Fahrt auf dem Niagara River.<\/p>\n\n\n\n<p class=\"has-text-align-left\">Musikalisch umrahmten wir dazwischen mehrere Firmenjubil\u00e4en von Betrieben mit \u00f6sterreichischen und schweizerischen Wurzeln sowie einen besonders emotionalen Nachmittag beim vielfach ausgezeichneten Weingut des Deutschen Herbert Konzelmann. Der gute Freund unseres Kapellmeisters Balthasar Gwechenberger freute sich sichtlich \u00fcber die b\u00f6hmische Musik und die 20-min\u00fctige Marschshow als Botschaft aus der Heimat.<\/p>\n\n\n\n<p class=\"has-text-align-left\">Am 6. Tag unserer Reise ging es mit einer 10-st\u00fcndigen Busfahrt \u00fcber die Peace Bridge bei Buffalo in die USA nach Washington D.C. weiter. Der folgende Tag war einer gef\u00fchrten Stadtbesichtigung der amerikanischen Hauptstadt gewidmet, wobei Highlights wie die Wachabl\u00f6se am Grab des unbekannten Soldaten im Arlington-Friedhof, ein Besuch beim wei\u00dfen Haus, das Kapitol, das Kennedy Center und ein Besuch im Luft- und Raumfahrt-Museum nicht fehlen durften. <\/p>\n\n\n\n<p class=\"has-text-align-left\">Unser n\u00e4chstes Ziel war dann die Stadt Philadelphia, ebenfalls mit gef\u00fchrter Tour, wobei besonders die \u201eRocky Stiege\u201c oder die \u201eLiberty Bell\u201c nicht fehlen durften. Auf der Weiterfahrt konnten wir beim Besuch eines \u201eAmish Centers\u201c einen tiefen Einblick in die Lebensweise dieser Glaubensgemeinschaft mit europ\u00e4ischen Wurzeln erlangen.<\/p>\n\n\n\n<p class=\"has-text-align-left\">Als letztes Reiseziel stand dann ein 3-t\u00e4giger Aufenthalt im \u201eBig Apple\u201c auf dem Programm, der ganz im Zeichen der dort allj\u00e4hrlich stattfindenden deutsch-amerikanischen Freundschaftsparade \u201eGeneral von Steuben\u201c stand. <\/p>\n\n\n\n<p class=\"has-text-align-left\">Im Rahmen dieser \u201eSteubenparade\u201c hatten wir mehrere unvergessliche Auftritte, zu denen ein offizieller Empfang, die Umrahmung der Steuben-Messe in der St. Patricks Cathedral sowie die Teilnahme an der eigentlichen Parade auf der 5th Avenue \u2013 also mitten durch Manhattan &#8211; geh\u00f6rten. Nat\u00fcrlich war auch eine Stadtbesichtigung mit den Highlights von New York und ein Musical am Broadway im Programm.<\/p>\n\n\n\n<p class=\"has-text-align-left\">Am Abreisetag spielten wir noch einen Gastauftritt am traditionsreichen \u201eOmpah-Fest\u201c auf Long Island (dies ist das allj\u00e4hrlich stattfindende Oktoberfest des plattdeutschen Vereines) und brachten dabei den tausenden Besuchern originale Kl\u00e4nge aus der Mozart-Stadt als Geschenk.<br> Ersch\u00f6pft, aber mit einem Herzen voller unvergesslicher Eindr\u00fccke des wahr gewordenen Traumes kamen alle unsere Musikerinnen und Musiker wohlbehalten am 23. September wieder in Salzburg an. <\/p>\n\n\n\n<p class=\"has-text-align-left\">Ein gro\u00dfes Dankesch\u00f6n f\u00fcr die wirklich umfangreiche und ausgezeichnete Organisationsarbeit geb\u00fchrt an dieser Stelle unserem umtriebigen Kapellmeister Balthasar Gwechenberger, der mit seinen vielen Kontakten die Reise geplant und erm\u00f6glicht hat sowie dem deutschen Reiseb\u00fcro \u201eMerican\u201c f\u00fcr die Unterst\u00fctzung beim Organisieren des USA-Teils der Reise.<\/p>\n\n\n\n<p>Hier noch der Link zu ein paar Fotos von unserer Reise: <a href=\"https:\/\/tmk-nussdorf.at\/?p=3283\" data-type=\"post\" data-id=\"3283\">Amerika 2019<\/a><\/p>\n","protected":false},"excerpt":{"rendered":"<p>Unsere gro\u00dfe Reise begann am 9. September 2019 in Salzburg und f\u00fchrte unsere 55 mitreisenden Musikerinnen und Musiker zuerst mit Zug, Flugzeug und Bus \u00fcber M\u00fcnchen und Toronto nach Niagara Falls in Kanada. Die ersten 4 Tage verbrachten wir dann mit einem Mix aus Sightseeing und Auftritten in der Gegend von Niagara Falls und Toronto. &hellip; <a href=\"https:\/\/tmk-nussdorf.at\/?page_id=3156\" class=\"more-link\"><span class=\"screen-reader-text\">Mit klingendem Spiel durch New York \u2026<\/span> weiterlesen <span class=\"meta-nav\">&rarr;<\/span><\/a><\/p>\n","protected":false},"author":1,"featured_media":0,"parent":0,"menu_order":0,"comment_status":"closed","ping_status":"closed","template":"","meta":[],"_links":{"self":[{"href":"https:\/\/tmk-nussdorf.at\/index.php?rest_route=\/wp\/v2\/pages\/3156"}],"collection":[{"href":"https:\/\/tmk-nussdorf.at\/index.php?rest_route=\/wp\/v2\/pages"}],"about":[{"href":"https:\/\/tmk-nussdorf.at\/index.php?rest_route=\/wp\/v2\/types\/page"}],"author":[{"embeddable":true,"href":"https:\/\/tmk-nussdorf.at\/index.php?rest_route=\/wp\/v2\/users\/1"}],"replies":[{"embeddable":true,"href":"https:\/\/tmk-nussdorf.at\/index.php?rest_route=%2Fwp%2Fv2%2Fcomments&post=3156"}],"version-history":[{"count":4,"href":"https:\/\/tmk-nussdorf.at\/index.php?rest_route=\/wp\/v2\/pages\/3156\/revisions"}],"predecessor-version":[{"id":3362,"href":"https:\/\/tmk-nussdorf.at\/index.php?rest_route=\/wp\/v2\/pages\/3156\/revisions\/3362"}],"wp:attachment":[{"href":"https:\/\/tmk-nussdorf.at\/index.php?rest_route=%2Fwp%2Fv2%2Fmedia&parent=3156"}],"curies":[{"name":"wp","href":"https:\/\/api.w.org\/{rel}","templated":true}]}}