{"id":3027,"date":"2018-05-29T15:34:02","date_gmt":"2018-05-29T13:34:02","guid":{"rendered":"http:\/\/tmk-nussdorf.at\/?page_id=3027"},"modified":"2020-02-17T20:25:26","modified_gmt":"2020-02-17T19:25:26","slug":"datenschutzerklaerung","status":"publish","type":"page","link":"https:\/\/tmk-nussdorf.at\/?page_id=3027","title":{"rendered":"Datenschutzerkl\u00e4rung"},"content":{"rendered":"<h2>Wer wir sind<\/h2>\n<p>Die Adresse unserer Website ist: http:\/\/tmk-nussdorf.at.<\/p>\n<h2>Welche personenbezogenen Daten wir sammeln und warum wir sie sammeln<\/h2>\n<h3>Kommentare<\/h3>\n<p>Wenn Besucher Kommentare auf der Website schreiben, sammeln wir die Daten, die im Kommentar-Formular angezeigt werden, au\u00dferdem die IP-Adresse des Besuchers und den User-Agent-String (damit wird der Browser identifiziert), um die Erkennung von Spam zu unterst\u00fctzen.<\/p>\n<p>Aus deiner E-Mail-Adresse kann eine anonymisierte Zeichenfolge erstellt (auch Hash genannt) und dem Gravatar-Dienst \u00fcbergeben werden, um zu pr\u00fcfen, ob du diesen benutzt. Die Datenschutzerkl\u00e4rung des Gravatar-Dienstes findest du hier: https:\/\/automattic.com\/privacy\/. Nachdem dein Kommentar freigegeben wurde, ist dein Profilbild \u00f6ffentlich im Kontext deines Kommentars sichtbar.<\/p>\n<h3>Medien<\/h3>\n<p>Wenn du ein registrierter Benutzer bist und Fotos auf diese Website l\u00e4dst, solltest du vermeiden, Fotos mit einem EXIF-GPS-Standort hochzuladen. Besucher dieser Website k\u00f6nnten Fotos, die auf dieser Website gespeichert sind, herunterladen und deren Standort-Informationen extrahieren.<\/p>\n<h3>Kontaktformulare<\/h3>\n<h3>Cookies<\/h3>\n<p>Wenn du einen Kommentar auf unserer Website schreibst, kann das eine Einwilligung sein, deinen Namen, E-Mail-Adresse und Website in Cookies zu speichern. Dies ist eine Komfortfunktion, damit du nicht, wenn du einen weiteren Kommentar schreibst, all diese Daten erneut eingeben musst. Diese Cookies werden ein Jahr lang gespeichert.<\/p>\n<p>Falls du ein Konto hast und dich auf dieser Website anmeldest, werden wir ein tempor\u00e4res Cookie setzen, um festzustellen, ob dein Browser Cookies akzeptiert. Dieses Cookie enth\u00e4lt keine personenbezogenen Daten und wird verworfen, wenn du deinen Browser schlie\u00dft.<\/p>\n<p>Wenn du dich anmeldest, werden wir einige Cookies einrichten, um deine Anmeldeinformationen und Anzeigeoptionen zu speichern. Anmelde-Cookies verfallen nach zwei Tagen und Cookies f\u00fcr die Anzeigeoptionen nach einem Jahr. Falls du bei der Anmeldung \u201eAngemeldet bleiben\u201c ausw\u00e4hlst, wird deine Anmeldung zwei Wochen lang aufrechterhalten. Mit der Abmeldung aus deinem Konto werden die Anmelde-Cookies gel\u00f6scht.<\/p>\n<p>Wenn du einen Artikel bearbeitest oder ver\u00f6ffentlichst, wird ein zus\u00e4tzlicher Cookie in deinem Browser gespeichert. Dieser Cookie enth\u00e4lt keine personenbezogenen Daten und verweist nur auf die Beitrags-ID des Artikels, den du gerade bearbeitet hast. Der Cookie verf\u00e4llt nach einem Tag.<\/p>\n<h3>Eingebettete Inhalte von anderen Websites<\/h3>\n<p>Beitr\u00e4ge auf dieser Website k\u00f6nnen eingebettete Inhalte beinhalten (z.\u00a0B. Videos, Bilder, Beitr\u00e4ge etc.). Eingebettete Inhalte von anderen Websites verhalten sich exakt so, als ob der Besucher die andere Website besucht h\u00e4tte.<\/p>\n<p>Diese Websites k\u00f6nnen Daten \u00fcber dich sammeln, Cookies benutzen, zus\u00e4tzliche Tracking-Dienste von Dritten einbetten und deine Interaktion mit diesem eingebetteten Inhalt aufzeichnen, inklusive deiner Interaktion mit dem eingebetteten Inhalt, falls du ein Konto hast und auf dieser Website angemeldet bist.<\/p>\n<h3>Analysedienste<\/h3>\n<h2>Mit wem wir deine Daten teilen<\/h2>\n<h2>Wie lange wir deine Daten speichern<\/h2>\n<p>Wenn du einen Kommentar schreibst, wird dieser inklusive Metadaten zeitlich unbegrenzt gespeichert. Auf diese Art k\u00f6nnen wir Folgekommentare automatisch erkennen und freigeben, anstelle sie in einer Moderations-Warteschlange festzuhalten.<\/p>\n<p>F\u00fcr Benutzer, die sich auf unserer Website registrieren, speichern wir zus\u00e4tzlich die pers\u00f6nlichen Informationen, die sie in ihren Benutzerprofilen angeben. Alle Benutzer k\u00f6nnen jederzeit ihre pers\u00f6nlichen Informationen einsehen, ver\u00e4ndern oder l\u00f6schen (der Benutzername kann nicht ver\u00e4ndert werden). Administratoren der Website k\u00f6nnen diese Informationen ebenfalls einsehen und ver\u00e4ndern.<\/p>\n<h2>Welche Rechte du an deinen Daten hast<\/h2>\n<p>Wenn du ein Konto auf dieser Website besitzt oder Kommentare geschrieben hast, kannst du einen Export deiner personenbezogenen Daten bei uns anfordern, inklusive aller Daten, die du uns mitgeteilt hast. Dar\u00fcber hinaus kannst du die L\u00f6schung aller personenbezogenen Daten, die wir von dir gespeichert haben, anfordern. Dies umfasst nicht die Daten, die wir aufgrund administrativer, rechtlicher oder sicherheitsrelevanter Notwendigkeiten aufbewahren m\u00fcssen.<\/p>\n<h2>Datenschutzerkl\u00e4rung:<\/h2>\n<p>Der Schutz Ihrer pers\u00f6nlichen Daten ist uns ein besonderes Anliegen. Wir verarbeiten Ihre Daten daher ausschlie\u00dflich auf Grundlage der gesetzlichen Bestimmungen (DSGVO). In diesen Datenschutzinformationen informieren wir Sie \u00fcber die wichtigsten Aspekte der Datenverarbeitung im Rahmen unserer Website.<\/p>\n<h3>Betroffenen-Rechte:<\/h3>\n<p>Ihnen stehen bez\u00fcglich Ihrer bei uns gespeicherten Daten grunds\u00e4tzlich die Rechte auf Auskunft, Berichtigung, L\u00f6schung, Einschr\u00e4nkung, Daten\u00fcbertragbarkeit, Widerruf und Widerspruch zu. Wenn Sie glauben, dass die Verarbeitung Ihrer Daten gegen das Datenschutzrecht verst\u00f6\u00dft oder Ihre datenschutzrechtlichen Anspr\u00fcche sonst in einer Weise verletzt worden sind, k\u00f6nnen Sie sich bei uns musik@tmk-nussdorf.at melden, oder bei der Datenschutzbeh\u00f6rde beschweren.<\/p>\n<p><strong>Inhalt der Website:<\/strong><br \/>\nDer Inhalt dieser Website der TMK Nu\u00dfdorf am Haunsberg besch\u00e4ftigt sich mit ehrenamtliche Arbeit im Bereich der Blasmusik. Der Inhalt dieser Website entspricht m\u00f6glicherweise nicht mehr dem neuesten Stand. F\u00fcr die Aktualit\u00e4t, Vollst\u00e4ndigkeit oder Qualit\u00e4t der Artikel zeichnet der jeweilige Autor. Die Redaktion beh\u00e4lt sich das Recht vor Artikel zu k\u00fcrzen oder zu ver\u00e4ndern, und dementsprechend zu kennzeichnen. Die Redaktion ist nicht zur Aktualisierung des Inhalts dieser Website verpflichtet.<\/p>\n<p><strong>Geschlechtsneutrale Bezeichnung:<\/strong><br \/>\nAus Gr\u00fcnden der Lesbarkeit kann es vorkommen das keine geschlechtsspezifische Form gew\u00e4hlt wird, trotzdem beziehen sich die Angaben auf beide Geschlechter in gleicher Weise.<\/p>\n<p><strong>Urheberrecht:<\/strong><br \/>\nDie TMK Nu\u00dfdorf verwendet auf seiner Website Grafiken, Texte die von Ihm selbst erstellt wurden. Des weiteren sind wir bestrebt fremde Grafiken, Texte nur unter bestehenden Urheberrecht zu publizieren. Sollten Sie eine falsche Urhebernennung, bzw. eine Urheberrechtsverletzung von Dritten, entdecken, bitten wir uns dies unter musik@tmk-nussdorf.at mittzuteilen. Die entsprechende Grafik bzw. der entsprechende Text wird dann sofort entfernt, bzw. mit der richtigen Urheberrechts &#8211; Vermerk korrigiert. Mit einem allf\u00e4lligen Versehen in dieser Hinsicht ist kein Ignorieren der Urheberrechte\/Markenrechte beabsichtigt.<\/p>\n<p><strong>Verweise und Links:<\/strong><br \/>\nAuf dieser Website enthaltene Verknu\u0308pfungen mit Websites anderer Unternehmen werden lediglich aus praktischen Erw\u00e4gungen fu\u0308r den Benutzer bereitgestellt. Wenn Sie eine solche Verknu\u0308pfung benutzen, verlassen Sie die Website der TMK Nu\u00dfdorf. Die TMK Nu\u00dfdorf u\u0308bernimmt keine Verantwortung fu\u0308r diese Websites, deren Inhalt muss nicht der Meinung der TMK Nu\u00dfdorf entsprechen. Der Zugriff auf eine Website anderer Unternehmen u\u0308ber eine Verknu\u0308pfung auf dieser Website erfolgt auf alleinige Verantwortung des Benutzers.<\/p>\n<p><strong>Nutzungsbedingungen:<\/strong><br \/>\nDie TMK Nu\u00dfdorf gestattet Ihnen das Benutzen dieser Website nur zu privatem, nichtkommerziellem Gebrauch. Der Inhalt dieser Website ist urheberrechtlich geschu\u0308tzt. Die Bearbeitung des Inhalts der Website erfolgt durch Vorstandsmitglieder der TMK Nu\u00dfdorf. Berichte, Beitr\u00e4ge, Bilder mit namentlicher Nennung stammen vom jeweiligen Autor.<\/p>\n<p>Durch die Benutzung aktzeptieren Sie folgende Pflichten.<\/p>\n<ul>\n<li>Das Einsehen und Herunterladen von Beitr\u00e4gen, Bildern etc. darf nur f\u00fcr privaten und nichtkommerziellen Gebrauch erfolgen.<\/li>\n<li>In jeder Kopie eines heruntergeladenen Inhalts ist auf alle Urheber und sonstige Eigentumsrechte des urspr\u00fcnglichen Inhalts zu verwiesen.<\/li>\n<li>Der Inhalt dieser Website darf in keiner Weise ver\u00e4ndert und nicht fu\u0308r offizielle oder kommerzielle Zwecke vervielf\u00e4ltigt oder \u00f6ffentlich gezeigt, vorgefu\u0308hrt, verbreitet oder anderweitig genutzt werden.<\/li>\n<li>Im Sinne dieser Bedingungen ist jegliche Nutzung des Inhalts dieser Website auf allen anderen Websites untersagt, soweit diese nicht in einem eigenem Browserfenster ge\u00f6ffnet wird, und die TMK Nu\u00dfdorf als Urheber erkennbar ist.<\/li>\n<\/ul>\n<p>Beim Versto\u00df gegen diese Bedingungen erlischt automatisch Ihre Berechtigung zur Nutzung dieser Website. In diesem Fall sind Sie verpflichtet, alle heruntergeladenen beziehungsweise gedruckten Inhalte unverzu\u0308glich zu vernichten.<\/p>\n<p><strong>Rechtswirksamkeit<\/strong><br \/>\nDER INHALT DIESER WEBSITE WIRD UNTER AUSSCHLUSS JEGLICHER GEW\u00c4HRLEISTUNG ZUR VERF\u00dcGUNG GESTELLT, EINSCHLIESSLICH DER GEW\u00c4HRLEISTUNG F\u00dcR DIE HANDELS\u00dcBLICHKEIT, DIE EIGNUNG F\u00dcR EINEN BESTIMMTEN ZWECK ODER DIE NICHTVERLETZUNG VON RECHTEN AN GEISTIGEM EIGENTUM.<\/p>\n<p>DIE TMK NUSSDORF \u00dcBERNIMMT KEINERLEI HAFTUNG F\u00dcR IRGENDWELCHE SCH\u00c4DEN (EINSCHLIESSLICH UND OHNE EINSCHR\u00c4NKUNGEN SOLCHER SCH\u00c4DEN, DIE AUS ENTGANGENEM GEWINN, DATENVERLUST ODER GESCH\u00c4FTSAUSFALL ENTSTEHEN), DIE SICH AUS DER NUTZUNG, DER UNM\u00d6GLICHKEIT DER NUTZUNG ODER DEN ERGEBNISSEN DER NUTZUNG DIESER WEBSITE, ALLER \u00dcBER VERKN\u00dcPFUNGEN AUF DIESER WEBSITE AUFZURUFENDEN WEBSITES ODER DES INHALTS BELIEBIGER ODER ALLER DIESER WEBSITES ERGEBEN. DIES GILT UNABH\u00c4NGIG DAVON, OB SICH DAS PROBLEM AUS DER GEW\u00c4HRLEISTUNG, DEM VERTRAG, UNERLAUBTER HANDLUNG ODER ANDERER RECHTLICHER UMST\u00c4NDE ERGIBT UND OB DIE M\u00d6GLICHKEIT SOLCHER SCH\u00c4DEN BEKANNT WAR. FALLS DIE NUTZUNG DES INHALTS DIESER WEBSITE DAZU F\u00dcHRT, DASS GER\u00c4TE ODER DATEN GEWARTET, REPARIERT ODER KORRIGIERT WERDEN M\u00dcSSEN, SIND ALLE KOSTEN VOM BENUTZER ZU TRAGEN.<\/p>\n","protected":false},"excerpt":{"rendered":"<p>Wer wir sind Die Adresse unserer Website ist: http:\/\/tmk-nussdorf.at. Welche personenbezogenen Daten wir sammeln und warum wir sie sammeln Kommentare Wenn Besucher Kommentare auf der Website schreiben, sammeln wir die Daten, die im Kommentar-Formular angezeigt werden, au\u00dferdem die IP-Adresse des Besuchers und den User-Agent-String (damit wird der Browser identifiziert), um die Erkennung von Spam zu &hellip; <a href=\"https:\/\/tmk-nussdorf.at\/?page_id=3027\" class=\"more-link\"><span class=\"screen-reader-text\">Datenschutzerkl\u00e4rung<\/span> weiterlesen <span class=\"meta-nav\">&rarr;<\/span><\/a><\/p>\n","protected":false},"author":1,"featured_media":0,"parent":0,"menu_order":0,"comment_status":"closed","ping_status":"closed","template":"","meta":[],"_links":{"self":[{"href":"https:\/\/tmk-nussdorf.at\/index.php?rest_route=\/wp\/v2\/pages\/3027"}],"collection":[{"href":"https:\/\/tmk-nussdorf.at\/index.php?rest_route=\/wp\/v2\/pages"}],"about":[{"href":"https:\/\/tmk-nussdorf.at\/index.php?rest_route=\/wp\/v2\/types\/page"}],"author":[{"embeddable":true,"href":"https:\/\/tmk-nussdorf.at\/index.php?rest_route=\/wp\/v2\/users\/1"}],"replies":[{"embeddable":true,"href":"https:\/\/tmk-nussdorf.at\/index.php?rest_route=%2Fwp%2Fv2%2Fcomments&post=3027"}],"version-history":[{"count":5,"href":"https:\/\/tmk-nussdorf.at\/index.php?rest_route=\/wp\/v2\/pages\/3027\/revisions"}],"predecessor-version":[{"id":3232,"href":"https:\/\/tmk-nussdorf.at\/index.php?rest_route=\/wp\/v2\/pages\/3027\/revisions\/3232"}],"wp:attachment":[{"href":"https:\/\/tmk-nussdorf.at\/index.php?rest_route=%2Fwp%2Fv2%2Fmedia&parent=3027"}],"curies":[{"name":"wp","href":"https:\/\/api.w.org\/{rel}","templated":true}]}}