{"id":263,"date":"2014-09-15T19:51:46","date_gmt":"2014-09-15T17:51:46","guid":{"rendered":"http:\/\/egger-it.at\/?page_id=263"},"modified":"2014-09-27T17:05:16","modified_gmt":"2014-09-27T15:05:16","slug":"palfinger-north-america","status":"publish","type":"page","link":"https:\/\/tmk-nussdorf.at\/?page_id=263","title":{"rendered":"Palfinger North America"},"content":{"rendered":"<h4><span style=\"text-decoration: underline;\">Fr.\u00a011.9.09:<\/span> Familienfest zum 20-j\u00e4hrigen Jubil\u00e4um von Palfinger NA<\/h4>\n<p>Auf Einladung der Fa. PALFINGER North America (eine 100%-ige Tochter des Salzburger Kranherstellers PALFINGER) umrahmten wir deren 20-j\u00e4hriges Firmenjubil\u00e4um in Niagara Falls. Wir f\u00fchrten den Mitarbeitern und G\u00e4sten unsere Marshshow vor und umrahmten den Nachmittag bis zum Sonnenuntergang mit \u00f6sterreichischer Blasmusik und Bierzeltstimmung. Firmenpr\u00e4sident Marc Woody sowie B\u00fcrgermeister Ted Salci freuten sich sehr \u00fcber unseren Besuch, \u00fcbereichten uns Dankesurkunden und genossen die Darbietungen.<\/p>\n\n\t\t<div id='gallery-1' class='gallery galleryid-263 gallery-columns-3 gallery-size-thumbnail gallery1'><script type=\"text\/javascript\">\r\n\/\/ <![CDATA[\r\n\tjQuery(document).ready(function () {\r\n\t\tjQuery(\".gallery1 a\").attr(\"rel\",\"gallery1\");\t\r\n\t\tjQuery('a[rel=\"gallery1\"]').colorbox({maxWidth:\"95%\", maxHeight:\"95%\",title: function(){ return jQuery(this).children().attr(\"alt\"); }, });\r\n\t});\r\n\/\/ ]]>\r\n<\/script>\n<figure class=\"gallery-item\">\n<div class=\"gallery-icon\">\r\n<a href=\"https:\/\/tmk-nussdorf.at\/wp-content\/uploads\/2014\/09\/1102_Palfinger_001.jpg\" title=\"\" rel=\"gallery1\"><img src=\"https:\/\/tmk-nussdorf.at\/wp-content\/uploads\/2014\/09\/1102_Palfinger_001-150x150.jpg\" width=\"150\" height=\"150\" alt=\"\" \/><\/a>\r\n<\/div><\/figure><figure class=\"gallery-item\">\n<div class=\"gallery-icon\">\r\n<a href=\"https:\/\/tmk-nussdorf.at\/wp-content\/uploads\/2014\/09\/1102_Palfinger_002.jpg\" title=\"\" rel=\"gallery1\"><img src=\"https:\/\/tmk-nussdorf.at\/wp-content\/uploads\/2014\/09\/1102_Palfinger_002-150x150.jpg\" width=\"150\" height=\"150\" alt=\"\" \/><\/a>\r\n<\/div><\/figure><figure class=\"gallery-item\">\n<div class=\"gallery-icon\">\r\n<a href=\"https:\/\/tmk-nussdorf.at\/wp-content\/uploads\/2014\/09\/1102_Palfinger_003.jpg\" title=\"\" rel=\"gallery1\"><img src=\"https:\/\/tmk-nussdorf.at\/wp-content\/uploads\/2014\/09\/1102_Palfinger_003-150x150.jpg\" width=\"150\" height=\"150\" alt=\"\" \/><\/a>\r\n<\/div><\/figure><figure class=\"gallery-item\">\n<div class=\"gallery-icon\">\r\n<a href=\"https:\/\/tmk-nussdorf.at\/wp-content\/uploads\/2014\/09\/1102_Palfinger_004.jpg\" title=\"\" rel=\"gallery1\"><img src=\"https:\/\/tmk-nussdorf.at\/wp-content\/uploads\/2014\/09\/1102_Palfinger_004-150x150.jpg\" width=\"150\" height=\"150\" alt=\"\" \/><\/a>\r\n<\/div><\/figure><figure class=\"gallery-item\">\n<div class=\"gallery-icon\">\r\n<a href=\"https:\/\/tmk-nussdorf.at\/wp-content\/uploads\/2014\/09\/1102_Palfinger_005.jpg\" title=\"\" rel=\"gallery1\"><img src=\"https:\/\/tmk-nussdorf.at\/wp-content\/uploads\/2014\/09\/1102_Palfinger_005-150x150.jpg\" width=\"150\" height=\"150\" alt=\"\" \/><\/a>\r\n<\/div><\/figure><figure class=\"gallery-item\">\n<div class=\"gallery-icon\">\r\n<a href=\"https:\/\/tmk-nussdorf.at\/wp-content\/uploads\/2014\/09\/1102_Palfinger_006.jpg\" title=\"\" rel=\"gallery1\"><img src=\"https:\/\/tmk-nussdorf.at\/wp-content\/uploads\/2014\/09\/1102_Palfinger_006-150x150.jpg\" width=\"150\" height=\"150\" alt=\"\" \/><\/a>\r\n<\/div><\/figure><figure class=\"gallery-item\">\n<div class=\"gallery-icon\">\r\n<a href=\"https:\/\/tmk-nussdorf.at\/wp-content\/uploads\/2014\/09\/1102_Palfinger_007.jpg\" title=\"\" rel=\"gallery1\"><img src=\"https:\/\/tmk-nussdorf.at\/wp-content\/uploads\/2014\/09\/1102_Palfinger_007-150x150.jpg\" width=\"150\" height=\"150\" alt=\"\" \/><\/a>\r\n<\/div><\/figure><figure class=\"gallery-item\">\n<div class=\"gallery-icon\">\r\n<a href=\"https:\/\/tmk-nussdorf.at\/wp-content\/uploads\/2014\/09\/1102_Palfinger_008.jpg\" title=\"\" rel=\"gallery1\"><img src=\"https:\/\/tmk-nussdorf.at\/wp-content\/uploads\/2014\/09\/1102_Palfinger_008-150x150.jpg\" width=\"150\" height=\"150\" alt=\"\" \/><\/a>\r\n<\/div><\/figure><figure class=\"gallery-item\">\n<div class=\"gallery-icon\">\r\n<a href=\"https:\/\/tmk-nussdorf.at\/wp-content\/uploads\/2014\/09\/1102_Palfinger_009.jpg\" title=\"\" rel=\"gallery1\"><img src=\"https:\/\/tmk-nussdorf.at\/wp-content\/uploads\/2014\/09\/1102_Palfinger_009-150x150.jpg\" width=\"150\" height=\"150\" alt=\"\" \/><\/a>\r\n<\/div><\/figure><figure class=\"gallery-item\">\n<div class=\"gallery-icon\">\r\n<a href=\"https:\/\/tmk-nussdorf.at\/wp-content\/uploads\/2014\/09\/1102_Palfinger_010.jpg\" title=\"\" rel=\"gallery1\"><img src=\"https:\/\/tmk-nussdorf.at\/wp-content\/uploads\/2014\/09\/1102_Palfinger_010-150x150.jpg\" width=\"150\" height=\"150\" alt=\"\" \/><\/a>\r\n<\/div><\/figure><figure class=\"gallery-item\">\n<div class=\"gallery-icon\">\r\n<a href=\"https:\/\/tmk-nussdorf.at\/wp-content\/uploads\/2014\/09\/1102_Palfinger_011.jpg\" title=\"\" rel=\"gallery1\"><img src=\"https:\/\/tmk-nussdorf.at\/wp-content\/uploads\/2014\/09\/1102_Palfinger_011-150x150.jpg\" width=\"150\" height=\"150\" alt=\"\" \/><\/a>\r\n<\/div><\/figure><figure class=\"gallery-item\">\n<div class=\"gallery-icon\">\r\n<a href=\"https:\/\/tmk-nussdorf.at\/wp-content\/uploads\/2014\/09\/1102_Palfinger_012.jpg\" title=\"\" rel=\"gallery1\"><img src=\"https:\/\/tmk-nussdorf.at\/wp-content\/uploads\/2014\/09\/1102_Palfinger_012-150x150.jpg\" width=\"150\" height=\"150\" alt=\"\" \/><\/a>\r\n<\/div><\/figure><figure class=\"gallery-item\">\n<div class=\"gallery-icon\">\r\n<a href=\"https:\/\/tmk-nussdorf.at\/wp-content\/uploads\/2014\/09\/1102_Palfinger_013.jpg\" title=\"\" rel=\"gallery1\"><img src=\"https:\/\/tmk-nussdorf.at\/wp-content\/uploads\/2014\/09\/1102_Palfinger_013-150x150.jpg\" width=\"150\" height=\"150\" alt=\"\" \/><\/a>\r\n<\/div><\/figure><figure class=\"gallery-item\">\n<div class=\"gallery-icon\">\r\n<a href=\"https:\/\/tmk-nussdorf.at\/wp-content\/uploads\/2014\/09\/1102_Palfinger_014.jpg\" title=\"\" rel=\"gallery1\"><img src=\"https:\/\/tmk-nussdorf.at\/wp-content\/uploads\/2014\/09\/1102_Palfinger_014-150x150.jpg\" width=\"150\" height=\"150\" alt=\"\" \/><\/a>\r\n<\/div><\/figure><figure class=\"gallery-item\">\n<div class=\"gallery-icon\">\r\n<a href=\"https:\/\/tmk-nussdorf.at\/wp-content\/uploads\/2014\/09\/1102_Palfinger_015.jpg\" title=\"\" rel=\"gallery1\"><img src=\"https:\/\/tmk-nussdorf.at\/wp-content\/uploads\/2014\/09\/1102_Palfinger_015-150x150.jpg\" width=\"150\" height=\"150\" alt=\"\" \/><\/a>\r\n<\/div><\/figure><figure class=\"gallery-item\">\n<div class=\"gallery-icon\">\r\n<a href=\"https:\/\/tmk-nussdorf.at\/wp-content\/uploads\/2014\/09\/1102_Palfinger_016.jpg\" title=\"\" rel=\"gallery1\"><img src=\"https:\/\/tmk-nussdorf.at\/wp-content\/uploads\/2014\/09\/1102_Palfinger_016-150x150.jpg\" width=\"150\" height=\"150\" alt=\"\" \/><\/a>\r\n<\/div><\/figure><figure class=\"gallery-item\">\n<div class=\"gallery-icon\">\r\n<a href=\"https:\/\/tmk-nussdorf.at\/wp-content\/uploads\/2014\/09\/1102_Palfinger_017.jpg\" title=\"\" rel=\"gallery1\"><img src=\"https:\/\/tmk-nussdorf.at\/wp-content\/uploads\/2014\/09\/1102_Palfinger_017-150x150.jpg\" width=\"150\" height=\"150\" alt=\"\" \/><\/a>\r\n<\/div><\/figure><figure class=\"gallery-item\">\n<div class=\"gallery-icon\">\r\n<a href=\"https:\/\/tmk-nussdorf.at\/wp-content\/uploads\/2014\/09\/1102_Palfinger_018.jpg\" title=\"\" rel=\"gallery1\"><img src=\"https:\/\/tmk-nussdorf.at\/wp-content\/uploads\/2014\/09\/1102_Palfinger_018-150x150.jpg\" width=\"150\" height=\"150\" alt=\"\" \/><\/a>\r\n<\/div><\/figure><figure class=\"gallery-item\">\n<div class=\"gallery-icon\">\r\n<a href=\"https:\/\/tmk-nussdorf.at\/wp-content\/uploads\/2014\/09\/1102_Palfinger_019.jpg\" title=\"\" rel=\"gallery1\"><img src=\"https:\/\/tmk-nussdorf.at\/wp-content\/uploads\/2014\/09\/1102_Palfinger_019-150x150.jpg\" width=\"150\" height=\"150\" alt=\"\" \/><\/a>\r\n<\/div><\/figure><figure class=\"gallery-item\">\n<div class=\"gallery-icon\">\r\n<a href=\"https:\/\/tmk-nussdorf.at\/wp-content\/uploads\/2014\/09\/1102_Palfinger_020.jpg\" title=\"\" rel=\"gallery1\"><img src=\"https:\/\/tmk-nussdorf.at\/wp-content\/uploads\/2014\/09\/1102_Palfinger_020-150x150.jpg\" width=\"150\" height=\"150\" alt=\"\" \/><\/a>\r\n<\/div><\/figure><figure class=\"gallery-item\">\n<div class=\"gallery-icon\">\r\n<a href=\"https:\/\/tmk-nussdorf.at\/wp-content\/uploads\/2014\/09\/1102_Palfinger_021.jpg\" title=\"\" rel=\"gallery1\"><img src=\"https:\/\/tmk-nussdorf.at\/wp-content\/uploads\/2014\/09\/1102_Palfinger_021-150x150.jpg\" width=\"150\" height=\"150\" alt=\"\" \/><\/a>\r\n<\/div><\/figure><figure class=\"gallery-item\">\n<div class=\"gallery-icon\">\r\n<a href=\"https:\/\/tmk-nussdorf.at\/wp-content\/uploads\/2014\/09\/1102_Palfinger_022.jpg\" title=\"\" rel=\"gallery1\"><img src=\"https:\/\/tmk-nussdorf.at\/wp-content\/uploads\/2014\/09\/1102_Palfinger_022-150x150.jpg\" width=\"150\" height=\"150\" alt=\"\" \/><\/a>\r\n<\/div><\/figure><figure class=\"gallery-item\">\n<div class=\"gallery-icon\">\r\n<a href=\"https:\/\/tmk-nussdorf.at\/wp-content\/uploads\/2014\/09\/1102_Palfinger_023.jpg\" title=\"\" rel=\"gallery1\"><img src=\"https:\/\/tmk-nussdorf.at\/wp-content\/uploads\/2014\/09\/1102_Palfinger_023-150x150.jpg\" width=\"150\" height=\"150\" alt=\"\" \/><\/a>\r\n<\/div><\/figure><figure class=\"gallery-item\">\n<div class=\"gallery-icon\">\r\n<a href=\"https:\/\/tmk-nussdorf.at\/wp-content\/uploads\/2014\/09\/1102_Palfinger_024.jpg\" title=\"\" rel=\"gallery1\"><img src=\"https:\/\/tmk-nussdorf.at\/wp-content\/uploads\/2014\/09\/1102_Palfinger_024-150x150.jpg\" width=\"150\" height=\"150\" alt=\"\" \/><\/a>\r\n<\/div><\/figure><figure class=\"gallery-item\">\n<div class=\"gallery-icon\">\r\n<a href=\"https:\/\/tmk-nussdorf.at\/wp-content\/uploads\/2014\/09\/1102_Palfinger_025.jpg\" title=\"\" rel=\"gallery1\"><img src=\"https:\/\/tmk-nussdorf.at\/wp-content\/uploads\/2014\/09\/1102_Palfinger_025-150x150.jpg\" width=\"150\" height=\"150\" alt=\"\" \/><\/a>\r\n<\/div><\/figure><figure class=\"gallery-item\">\n<div class=\"gallery-icon\">\r\n<a href=\"https:\/\/tmk-nussdorf.at\/wp-content\/uploads\/2014\/09\/1102_Palfinger_026.jpg\" title=\"\" rel=\"gallery1\"><img src=\"https:\/\/tmk-nussdorf.at\/wp-content\/uploads\/2014\/09\/1102_Palfinger_026-150x150.jpg\" width=\"150\" height=\"150\" alt=\"\" \/><\/a>\r\n<\/div><\/figure><figure class=\"gallery-item\">\n<div class=\"gallery-icon\">\r\n<a href=\"https:\/\/tmk-nussdorf.at\/wp-content\/uploads\/2014\/09\/1102_Palfinger_027.jpg\" title=\"\" rel=\"gallery1\"><img src=\"https:\/\/tmk-nussdorf.at\/wp-content\/uploads\/2014\/09\/1102_Palfinger_027-150x150.jpg\" width=\"150\" height=\"150\" alt=\"\" \/><\/a>\r\n<\/div><\/figure><figure class=\"gallery-item\">\n<div class=\"gallery-icon\">\r\n<a href=\"https:\/\/tmk-nussdorf.at\/wp-content\/uploads\/2014\/09\/1102_Palfinger_028.jpg\" title=\"\" rel=\"gallery1\"><img src=\"https:\/\/tmk-nussdorf.at\/wp-content\/uploads\/2014\/09\/1102_Palfinger_028-150x150.jpg\" width=\"150\" height=\"150\" alt=\"\" \/><\/a>\r\n<\/div><\/figure><figure class=\"gallery-item\">\n<div class=\"gallery-icon\">\r\n<a href=\"https:\/\/tmk-nussdorf.at\/wp-content\/uploads\/2014\/09\/1102_Palfinger_029.jpg\" title=\"\" rel=\"gallery1\"><img src=\"https:\/\/tmk-nussdorf.at\/wp-content\/uploads\/2014\/09\/1102_Palfinger_029-150x150.jpg\" width=\"150\" height=\"150\" alt=\"\" \/><\/a>\r\n<\/div><\/figure><figure class=\"gallery-item\">\n<div class=\"gallery-icon\">\r\n<a href=\"https:\/\/tmk-nussdorf.at\/wp-content\/uploads\/2014\/09\/1102_Palfinger_030.jpg\" title=\"\" rel=\"gallery1\"><img src=\"https:\/\/tmk-nussdorf.at\/wp-content\/uploads\/2014\/09\/1102_Palfinger_030-150x150.jpg\" width=\"150\" height=\"150\" alt=\"\" \/><\/a>\r\n<\/div><\/figure><figure class=\"gallery-item\">\n<div class=\"gallery-icon\">\r\n<a href=\"https:\/\/tmk-nussdorf.at\/wp-content\/uploads\/2014\/09\/1102_Palfinger_031.jpg\" title=\"\" rel=\"gallery1\"><img src=\"https:\/\/tmk-nussdorf.at\/wp-content\/uploads\/2014\/09\/1102_Palfinger_031-150x150.jpg\" width=\"150\" height=\"150\" alt=\"\" \/><\/a>\r\n<\/div><\/figure><figure class=\"gallery-item\">\n<div class=\"gallery-icon\">\r\n<a href=\"https:\/\/tmk-nussdorf.at\/wp-content\/uploads\/2014\/09\/1102_Palfinger_032.jpg\" title=\"\" rel=\"gallery1\"><img src=\"https:\/\/tmk-nussdorf.at\/wp-content\/uploads\/2014\/09\/1102_Palfinger_032-150x150.jpg\" width=\"150\" height=\"150\" alt=\"\" \/><\/a>\r\n<\/div><\/figure><figure class=\"gallery-item\">\n<div class=\"gallery-icon\">\r\n<a href=\"https:\/\/tmk-nussdorf.at\/wp-content\/uploads\/2014\/09\/1102_Palfinger_033.jpg\" title=\"\" rel=\"gallery1\"><img src=\"https:\/\/tmk-nussdorf.at\/wp-content\/uploads\/2014\/09\/1102_Palfinger_033-150x150.jpg\" width=\"150\" height=\"150\" alt=\"\" \/><\/a>\r\n<\/div><\/figure>\r\n\t\t<\/div>\n\n","protected":false},"excerpt":{"rendered":"<p>Fr.\u00a011.9.09: Familienfest zum 20-j\u00e4hrigen Jubil\u00e4um von Palfinger NA Auf Einladung der Fa. PALFINGER North America (eine 100%-ige Tochter des Salzburger Kranherstellers PALFINGER) umrahmten wir deren 20-j\u00e4hriges Firmenjubil\u00e4um in Niagara Falls. Wir f\u00fchrten den Mitarbeitern und G\u00e4sten unsere Marshshow vor und umrahmten den Nachmittag bis zum Sonnenuntergang mit \u00f6sterreichischer Blasmusik und Bierzeltstimmung. Firmenpr\u00e4sident Marc Woody sowie &hellip; <a href=\"https:\/\/tmk-nussdorf.at\/?page_id=263\" class=\"more-link\"><span class=\"screen-reader-text\">Palfinger North America<\/span> weiterlesen <span class=\"meta-nav\">&rarr;<\/span><\/a><\/p>\n","protected":false},"author":1,"featured_media":0,"parent":202,"menu_order":2,"comment_status":"open","ping_status":"open","template":"","meta":[],"_links":{"self":[{"href":"https:\/\/tmk-nussdorf.at\/index.php?rest_route=\/wp\/v2\/pages\/263"}],"collection":[{"href":"https:\/\/tmk-nussdorf.at\/index.php?rest_route=\/wp\/v2\/pages"}],"about":[{"href":"https:\/\/tmk-nussdorf.at\/index.php?rest_route=\/wp\/v2\/types\/page"}],"author":[{"embeddable":true,"href":"https:\/\/tmk-nussdorf.at\/index.php?rest_route=\/wp\/v2\/users\/1"}],"replies":[{"embeddable":true,"href":"https:\/\/tmk-nussdorf.at\/index.php?rest_route=%2Fwp%2Fv2%2Fcomments&post=263"}],"version-history":[{"count":2,"href":"https:\/\/tmk-nussdorf.at\/index.php?rest_route=\/wp\/v2\/pages\/263\/revisions"}],"predecessor-version":[{"id":1042,"href":"https:\/\/tmk-nussdorf.at\/index.php?rest_route=\/wp\/v2\/pages\/263\/revisions\/1042"}],"up":[{"embeddable":true,"href":"https:\/\/tmk-nussdorf.at\/index.php?rest_route=\/wp\/v2\/pages\/202"}],"wp:attachment":[{"href":"https:\/\/tmk-nussdorf.at\/index.php?rest_route=%2Fwp%2Fv2%2Fmedia&parent=263"}],"curies":[{"name":"wp","href":"https:\/\/api.w.org\/{rel}","templated":true}]}}