{"id":2417,"date":"2016-12-16T19:26:58","date_gmt":"2016-12-16T17:26:58","guid":{"rendered":"http:\/\/tmk-nussdorf.at\/?page_id=2417"},"modified":"2017-08-21T23:03:07","modified_gmt":"2017-08-21T21:03:07","slug":"31-10-2016","status":"publish","type":"page","link":"https:\/\/tmk-nussdorf.at\/?page_id=2417","title":{"rendered":"31.10.2016"},"content":{"rendered":"<p>Die R\u00fcckreise verlief reibungslos. Wir flogen von Peking \u00fcber Dubai (wieder Aufenthalt von 4 Stunden) nach M\u00fcnchen, von wo wir mit dem Zug weiter zum Salzburger Hauptbahnhof fuhren. Um kurz vor Mitternacht kamen wir ersch\u00f6pft in Salzburg an.<\/p>\n<p>Zusammenfassend kann gesagt werden, dass die super Organisation, die gute Freundschaft &amp; der Zusammenhalt zwischen den Kapellen Nu\u00dfdorf und Lamprechtshausen und alle Eindr\u00fccke des vielseitigen Landes China die Reise zu einem tollen und unvergesslichem Erlebnis gemacht haben.<\/p>\n<figure id=\"attachment_2381\" aria-describedby=\"caption-attachment-2381\" style=\"width: 620px\" class=\"wp-caption aligncenter\"><a href=\"http:\/\/tmk-nussdorf.at\/?attachment_id=2381\" rel=\"attachment wp-att-2381\"><img loading=\"lazy\" class=\"wp-image-2381 size-full\" src=\"http:\/\/tmk-nussdorf.at\/wp-content\/uploads\/2016\/12\/China-003.jpg\" alt=\"\" width=\"620\" height=\"465\" srcset=\"https:\/\/tmk-nussdorf.at\/wp-content\/uploads\/2016\/12\/China-003.jpg 620w, https:\/\/tmk-nussdorf.at\/wp-content\/uploads\/2016\/12\/China-003-300x225.jpg 300w\" sizes=\"(max-width: 620px) 100vw, 620px\" \/><\/a><figcaption id=\"caption-attachment-2381\" class=\"wp-caption-text\">R\u00fcckflug \u00fcber das Hochgebirge Himalaya<\/figcaption><\/figure>\n","protected":false},"excerpt":{"rendered":"<p>Die R\u00fcckreise verlief reibungslos. Wir flogen von Peking \u00fcber Dubai (wieder Aufenthalt von 4 Stunden) nach M\u00fcnchen, von wo wir mit dem Zug weiter zum Salzburger Hauptbahnhof fuhren. Um kurz vor Mitternacht kamen wir ersch\u00f6pft in Salzburg an. Zusammenfassend kann gesagt werden, dass die super Organisation, die gute Freundschaft &amp; der Zusammenhalt zwischen den Kapellen &hellip; <a href=\"https:\/\/tmk-nussdorf.at\/?page_id=2417\" class=\"more-link\"><span class=\"screen-reader-text\">31.10.2016<\/span> weiterlesen <span class=\"meta-nav\">&rarr;<\/span><\/a><\/p>\n","protected":false},"author":1,"featured_media":0,"parent":2371,"menu_order":9,"comment_status":"closed","ping_status":"closed","template":"","meta":[],"_links":{"self":[{"href":"https:\/\/tmk-nussdorf.at\/index.php?rest_route=\/wp\/v2\/pages\/2417"}],"collection":[{"href":"https:\/\/tmk-nussdorf.at\/index.php?rest_route=\/wp\/v2\/pages"}],"about":[{"href":"https:\/\/tmk-nussdorf.at\/index.php?rest_route=\/wp\/v2\/types\/page"}],"author":[{"embeddable":true,"href":"https:\/\/tmk-nussdorf.at\/index.php?rest_route=\/wp\/v2\/users\/1"}],"replies":[{"embeddable":true,"href":"https:\/\/tmk-nussdorf.at\/index.php?rest_route=%2Fwp%2Fv2%2Fcomments&post=2417"}],"version-history":[{"count":2,"href":"https:\/\/tmk-nussdorf.at\/index.php?rest_route=\/wp\/v2\/pages\/2417\/revisions"}],"predecessor-version":[{"id":2725,"href":"https:\/\/tmk-nussdorf.at\/index.php?rest_route=\/wp\/v2\/pages\/2417\/revisions\/2725"}],"up":[{"embeddable":true,"href":"https:\/\/tmk-nussdorf.at\/index.php?rest_route=\/wp\/v2\/pages\/2371"}],"wp:attachment":[{"href":"https:\/\/tmk-nussdorf.at\/index.php?rest_route=%2Fwp%2Fv2%2Fmedia&parent=2417"}],"curies":[{"name":"wp","href":"https:\/\/api.w.org\/{rel}","templated":true}]}}