{"id":2411,"date":"2016-12-16T19:21:53","date_gmt":"2016-12-16T17:21:53","guid":{"rendered":"http:\/\/tmk-nussdorf.at\/?page_id=2411"},"modified":"2017-08-21T23:01:00","modified_gmt":"2017-08-21T21:01:00","slug":"28-10-2016","status":"publish","type":"page","link":"https:\/\/tmk-nussdorf.at\/?page_id=2411","title":{"rendered":"28.10.2016"},"content":{"rendered":"<p>Am Freitag fuhren wir um 08:45 zum Konzertsaal \u201eTsinghua University New Concert Hall\u201c um f\u00fcr das 40-min\u00fctige Konzert am Abend zu proben. Urspr\u00fcnglich war auch eine Marschprobe geplant, die aber wegen des kalten Wetters abgesagt wurde. Um 14:00 fand dann das Konzert gemeinsam (hintereinander) mit einem chinesischen Jugendorchesters (Band No. 166 Middleschool Windmusic Band) statt. Auf dem Programm standen der Radetzky-Marsch, Nu\u00dfdorfer Marsch, The Sound of Music, Florentinsk\u00fd Pochod sowie Rosamunde.<\/p>\n<p>Der Nachmittag und Abend standen wieder zur freien Verf\u00fcgung.<\/p>\n<figure id=\"attachment_2383\" aria-describedby=\"caption-attachment-2383\" style=\"width: 620px\" class=\"wp-caption aligncenter\"><a href=\"http:\/\/tmk-nussdorf.at\/?attachment_id=2383\" rel=\"attachment wp-att-2383\"><img loading=\"lazy\" class=\"wp-image-2383 size-full\" src=\"http:\/\/tmk-nussdorf.at\/wp-content\/uploads\/2016\/12\/China-005.jpg\" alt=\"\" width=\"620\" height=\"413\" srcset=\"https:\/\/tmk-nussdorf.at\/wp-content\/uploads\/2016\/12\/China-005.jpg 620w, https:\/\/tmk-nussdorf.at\/wp-content\/uploads\/2016\/12\/China-005-300x200.jpg 300w\" sizes=\"(max-width: 620px) 100vw, 620px\" \/><\/a><figcaption id=\"caption-attachment-2383\" class=\"wp-caption-text\">Gruppenfoto vor der Tsinghua Concert Hall mit dem Feuerwehrgeneral von Peking<\/figcaption><\/figure>\n","protected":false},"excerpt":{"rendered":"<p>Am Freitag fuhren wir um 08:45 zum Konzertsaal \u201eTsinghua University New Concert Hall\u201c um f\u00fcr das 40-min\u00fctige Konzert am Abend zu proben. Urspr\u00fcnglich war auch eine Marschprobe geplant, die aber wegen des kalten Wetters abgesagt wurde. Um 14:00 fand dann das Konzert gemeinsam (hintereinander) mit einem chinesischen Jugendorchesters (Band No. 166 Middleschool Windmusic Band) statt. &hellip; <a href=\"https:\/\/tmk-nussdorf.at\/?page_id=2411\" class=\"more-link\"><span class=\"screen-reader-text\">28.10.2016<\/span> weiterlesen <span class=\"meta-nav\">&rarr;<\/span><\/a><\/p>\n","protected":false},"author":1,"featured_media":0,"parent":2371,"menu_order":6,"comment_status":"closed","ping_status":"closed","template":"","meta":[],"_links":{"self":[{"href":"https:\/\/tmk-nussdorf.at\/index.php?rest_route=\/wp\/v2\/pages\/2411"}],"collection":[{"href":"https:\/\/tmk-nussdorf.at\/index.php?rest_route=\/wp\/v2\/pages"}],"about":[{"href":"https:\/\/tmk-nussdorf.at\/index.php?rest_route=\/wp\/v2\/types\/page"}],"author":[{"embeddable":true,"href":"https:\/\/tmk-nussdorf.at\/index.php?rest_route=\/wp\/v2\/users\/1"}],"replies":[{"embeddable":true,"href":"https:\/\/tmk-nussdorf.at\/index.php?rest_route=%2Fwp%2Fv2%2Fcomments&post=2411"}],"version-history":[{"count":2,"href":"https:\/\/tmk-nussdorf.at\/index.php?rest_route=\/wp\/v2\/pages\/2411\/revisions"}],"predecessor-version":[{"id":2722,"href":"https:\/\/tmk-nussdorf.at\/index.php?rest_route=\/wp\/v2\/pages\/2411\/revisions\/2722"}],"up":[{"embeddable":true,"href":"https:\/\/tmk-nussdorf.at\/index.php?rest_route=\/wp\/v2\/pages\/2371"}],"wp:attachment":[{"href":"https:\/\/tmk-nussdorf.at\/index.php?rest_route=%2Fwp%2Fv2%2Fmedia&parent=2411"}],"curies":[{"name":"wp","href":"https:\/\/api.w.org\/{rel}","templated":true}]}}