{"id":2409,"date":"2016-12-16T19:18:04","date_gmt":"2016-12-16T17:18:04","guid":{"rendered":"http:\/\/tmk-nussdorf.at\/?page_id=2409"},"modified":"2017-08-21T23:00:26","modified_gmt":"2017-08-21T21:00:26","slug":"27-10-2016","status":"publish","type":"page","link":"https:\/\/tmk-nussdorf.at\/?page_id=2409","title":{"rendered":"27.10.2016"},"content":{"rendered":"<p>Am n\u00e4chsten Tag ging es bei leider etwas regnerischem Wetter zur Chinesischen Mauer (Abschnitt Badaling). Von urspr\u00fcnglich ca. 10.000km L\u00e4nge sind heute noch ca. 8.500km erhalten. F\u00fcr Touristen sind lediglich 4 Abschnitte zug\u00e4nglich. Christoph Moosm\u00fcller und Daniel Furtner (TMK Lamprechtshausen) haben ihre Instrumente mitgenommen und auf der Mauer \u00f6sterreichische Weisen geblasen.<\/p>\n<p>Danach sind wir in eine Jade Fabrik gefahren. Jade ist ein Schmuckstein, der in China als Stein der G\u00f6tter verehrt und gesch\u00e4tzt wird. Nach dem Mittagessen wurden wir mit Rickshaws (kleine, dreir\u00e4drige von einem Menschen gezogene Fahrr\u00e4der) durch die Altstadt Hutong gefahren, wo wir auch ein altes Siheyuan Haus (kleines Haus mit Innenhof) besichtigen durften.<\/p>\n<p>Nach dem Besuch eines Seidenmuseums gab es ein Abendessen (typisch chinesisches Essen am runden Tisch). Am Abend wurde wieder die Houhai Bar Street unsicher gemacht.<\/p>\n<figure id=\"attachment_2389\" aria-describedby=\"caption-attachment-2389\" style=\"width: 620px\" class=\"wp-caption aligncenter\"><a href=\"http:\/\/tmk-nussdorf.at\/?attachment_id=2389\" rel=\"attachment wp-att-2389\"><img loading=\"lazy\" class=\"wp-image-2389 size-full\" src=\"http:\/\/tmk-nussdorf.at\/wp-content\/uploads\/2016\/12\/China-011.jpg\" alt=\"\" width=\"620\" height=\"413\" srcset=\"https:\/\/tmk-nussdorf.at\/wp-content\/uploads\/2016\/12\/China-011.jpg 620w, https:\/\/tmk-nussdorf.at\/wp-content\/uploads\/2016\/12\/China-011-300x200.jpg 300w\" sizes=\"(max-width: 620px) 100vw, 620px\" \/><\/a><figcaption id=\"caption-attachment-2389\" class=\"wp-caption-text\">Gruppenfoto vor dem Eingang zur Chinesischen Mauer bei regnerischem Wetter<\/figcaption><\/figure>\n","protected":false},"excerpt":{"rendered":"<p>Am n\u00e4chsten Tag ging es bei leider etwas regnerischem Wetter zur Chinesischen Mauer (Abschnitt Badaling). Von urspr\u00fcnglich ca. 10.000km L\u00e4nge sind heute noch ca. 8.500km erhalten. F\u00fcr Touristen sind lediglich 4 Abschnitte zug\u00e4nglich. Christoph Moosm\u00fcller und Daniel Furtner (TMK Lamprechtshausen) haben ihre Instrumente mitgenommen und auf der Mauer \u00f6sterreichische Weisen geblasen. Danach sind wir in &hellip; <a href=\"https:\/\/tmk-nussdorf.at\/?page_id=2409\" class=\"more-link\"><span class=\"screen-reader-text\">27.10.2016<\/span> weiterlesen <span class=\"meta-nav\">&rarr;<\/span><\/a><\/p>\n","protected":false},"author":1,"featured_media":0,"parent":2371,"menu_order":5,"comment_status":"closed","ping_status":"closed","template":"","meta":[],"_links":{"self":[{"href":"https:\/\/tmk-nussdorf.at\/index.php?rest_route=\/wp\/v2\/pages\/2409"}],"collection":[{"href":"https:\/\/tmk-nussdorf.at\/index.php?rest_route=\/wp\/v2\/pages"}],"about":[{"href":"https:\/\/tmk-nussdorf.at\/index.php?rest_route=\/wp\/v2\/types\/page"}],"author":[{"embeddable":true,"href":"https:\/\/tmk-nussdorf.at\/index.php?rest_route=\/wp\/v2\/users\/1"}],"replies":[{"embeddable":true,"href":"https:\/\/tmk-nussdorf.at\/index.php?rest_route=%2Fwp%2Fv2%2Fcomments&post=2409"}],"version-history":[{"count":2,"href":"https:\/\/tmk-nussdorf.at\/index.php?rest_route=\/wp\/v2\/pages\/2409\/revisions"}],"predecessor-version":[{"id":2721,"href":"https:\/\/tmk-nussdorf.at\/index.php?rest_route=\/wp\/v2\/pages\/2409\/revisions\/2721"}],"up":[{"embeddable":true,"href":"https:\/\/tmk-nussdorf.at\/index.php?rest_route=\/wp\/v2\/pages\/2371"}],"wp:attachment":[{"href":"https:\/\/tmk-nussdorf.at\/index.php?rest_route=%2Fwp%2Fv2%2Fmedia&parent=2409"}],"curies":[{"name":"wp","href":"https:\/\/api.w.org\/{rel}","templated":true}]}}