{"id":2404,"date":"2016-12-16T19:16:19","date_gmt":"2016-12-16T17:16:19","guid":{"rendered":"http:\/\/tmk-nussdorf.at\/?page_id=2404"},"modified":"2017-08-21T22:59:46","modified_gmt":"2017-08-21T20:59:46","slug":"26-10-2016","status":"publish","type":"page","link":"https:\/\/tmk-nussdorf.at\/?page_id=2404","title":{"rendered":"26.10.2016"},"content":{"rendered":"<p>Am Mittwoch fuhren wir mit den Bussen zum beeindruckenden Tian\u2019anmen Square (auch bekannt als Platz am Tor des himmlischen Friedens) sowie zur Verbotenen Stadt, in der bis zur Revolution 1911 die chinesischen Kaiser der Dynastien Ming und Quing lebten und regierten.<\/p>\n<p>Nach dem Mittagessen durften wir an einer Teezeremonie teilnehmen. Um 16:00 fand dann die Probe f\u00fcr unser erstes gro\u00dfes Abendkonzert in der Capital Normal University Concert Hall statt. Um 19:00 begann das gro\u00dfe Konzert im gut gef\u00fcllten Konzertsaal (600 \u2013 700 Zuh\u00f6rer). Gespielt wurden traditionelle \u00f6sterreichische St\u00fccke, wie beispielsweise der Radetzky-Marsch, Stille Nacht Heilige Nacht, An der sch\u00f6nen blauen Donau, Florentiner Marsch sowie unser Nu\u00dfdorfer Marsch.<\/p>\n<figure id=\"attachment_2380\" aria-describedby=\"caption-attachment-2380\" style=\"width: 620px\" class=\"wp-caption aligncenter\"><a href=\"http:\/\/tmk-nussdorf.at\/?attachment_id=2380\" rel=\"attachment wp-att-2380\"><img loading=\"lazy\" class=\"wp-image-2380 size-full\" src=\"http:\/\/tmk-nussdorf.at\/wp-content\/uploads\/2016\/12\/China-002.jpg\" alt=\"\" width=\"620\" height=\"465\" srcset=\"https:\/\/tmk-nussdorf.at\/wp-content\/uploads\/2016\/12\/China-002.jpg 620w, https:\/\/tmk-nussdorf.at\/wp-content\/uploads\/2016\/12\/China-002-300x225.jpg 300w\" sizes=\"(max-width: 620px) 100vw, 620px\" \/><\/a><figcaption id=\"caption-attachment-2380\" class=\"wp-caption-text\">In der Verbotenen Stadt<\/figcaption><\/figure>\n","protected":false},"excerpt":{"rendered":"<p>Am Mittwoch fuhren wir mit den Bussen zum beeindruckenden Tian\u2019anmen Square (auch bekannt als Platz am Tor des himmlischen Friedens) sowie zur Verbotenen Stadt, in der bis zur Revolution 1911 die chinesischen Kaiser der Dynastien Ming und Quing lebten und regierten. Nach dem Mittagessen durften wir an einer Teezeremonie teilnehmen. Um 16:00 fand dann die &hellip; <a href=\"https:\/\/tmk-nussdorf.at\/?page_id=2404\" class=\"more-link\"><span class=\"screen-reader-text\">26.10.2016<\/span> weiterlesen <span class=\"meta-nav\">&rarr;<\/span><\/a><\/p>\n","protected":false},"author":1,"featured_media":0,"parent":2371,"menu_order":4,"comment_status":"closed","ping_status":"closed","template":"","meta":[],"_links":{"self":[{"href":"https:\/\/tmk-nussdorf.at\/index.php?rest_route=\/wp\/v2\/pages\/2404"}],"collection":[{"href":"https:\/\/tmk-nussdorf.at\/index.php?rest_route=\/wp\/v2\/pages"}],"about":[{"href":"https:\/\/tmk-nussdorf.at\/index.php?rest_route=\/wp\/v2\/types\/page"}],"author":[{"embeddable":true,"href":"https:\/\/tmk-nussdorf.at\/index.php?rest_route=\/wp\/v2\/users\/1"}],"replies":[{"embeddable":true,"href":"https:\/\/tmk-nussdorf.at\/index.php?rest_route=%2Fwp%2Fv2%2Fcomments&post=2404"}],"version-history":[{"count":2,"href":"https:\/\/tmk-nussdorf.at\/index.php?rest_route=\/wp\/v2\/pages\/2404\/revisions"}],"predecessor-version":[{"id":2720,"href":"https:\/\/tmk-nussdorf.at\/index.php?rest_route=\/wp\/v2\/pages\/2404\/revisions\/2720"}],"up":[{"embeddable":true,"href":"https:\/\/tmk-nussdorf.at\/index.php?rest_route=\/wp\/v2\/pages\/2371"}],"wp:attachment":[{"href":"https:\/\/tmk-nussdorf.at\/index.php?rest_route=%2Fwp%2Fv2%2Fmedia&parent=2404"}],"curies":[{"name":"wp","href":"https:\/\/api.w.org\/{rel}","templated":true}]}}