{"id":2400,"date":"2016-12-16T19:11:41","date_gmt":"2016-12-16T17:11:41","guid":{"rendered":"http:\/\/tmk-nussdorf.at\/?page_id=2400"},"modified":"2017-08-21T22:58:59","modified_gmt":"2017-08-21T20:58:59","slug":"25-10-2016","status":"publish","type":"page","link":"https:\/\/tmk-nussdorf.at\/?page_id=2400","title":{"rendered":"25.10.2016"},"content":{"rendered":"<p>Nach dem Fr\u00fchst\u00fcck brachen wir mit unseren Guides James &amp; Grace in Richtung Summerpalace auf. Der Sommerpalast ist als am besten erhaltener kaiserlicher Garten in der Welt bekannt und ist der gr\u00f6\u00dfte seiner Art, der noch in China existiert. Dort genossen wir die tolle Aussicht (mit nur leichtem Smog), fuhren mit einem Boot \u00fcber den k\u00fcnstlich angelegten See und spazierten \u00fcber die Siebzehn-Bogen-Br\u00fccke.<\/p>\n<p>Danach besuchten wir eine Perlenfabrik, wo wir lernten, wie eine echte Perle von einer Unechten unterschieden werden kann. Nach dem Mittagessen im Hotel Ramada ging es weiter zum gigantischen Olympiapark und Birdsnest (Olympiastadion), wo die Sommerolympiade 2008 ausgetragen wurde.<\/p>\n<p>Am Abend wurden wir wieder zur Universit\u00e4t Tsinghua gebracht, wo wir das Konzert eines tschechischen Blasorchesters mit deren Tanzgruppe \u201eMajorette Dance Group\u201c besuchten. Der restliche Abend stand wieder zur freien Verf\u00fcgung.<\/p>\n<figure id=\"attachment_2386\" aria-describedby=\"caption-attachment-2386\" style=\"width: 620px\" class=\"wp-caption aligncenter\"><a href=\"http:\/\/tmk-nussdorf.at\/?attachment_id=2386\" rel=\"attachment wp-att-2386\"><img loading=\"lazy\" class=\"wp-image-2386 size-full\" src=\"http:\/\/tmk-nussdorf.at\/wp-content\/uploads\/2016\/12\/China-008-e1481908399506.jpg\" alt=\"\" width=\"620\" height=\"241\" srcset=\"https:\/\/tmk-nussdorf.at\/wp-content\/uploads\/2016\/12\/China-008-e1481908399506.jpg 620w, https:\/\/tmk-nussdorf.at\/wp-content\/uploads\/2016\/12\/China-008-e1481908399506-300x117.jpg 300w\" sizes=\"(max-width: 620px) 100vw, 620px\" \/><\/a><figcaption id=\"caption-attachment-2386\" class=\"wp-caption-text\">Gruppenfoto vor dem Sommerpalast<\/figcaption><\/figure>\n<figure id=\"attachment_2387\" aria-describedby=\"caption-attachment-2387\" style=\"width: 620px\" class=\"wp-caption aligncenter\"><a href=\"http:\/\/tmk-nussdorf.at\/?attachment_id=2387\" rel=\"attachment wp-att-2387\"><img loading=\"lazy\" class=\"wp-image-2387 size-full\" src=\"http:\/\/tmk-nussdorf.at\/wp-content\/uploads\/2016\/12\/China-009.jpg\" alt=\"\" width=\"620\" height=\"413\" srcset=\"https:\/\/tmk-nussdorf.at\/wp-content\/uploads\/2016\/12\/China-009.jpg 620w, https:\/\/tmk-nussdorf.at\/wp-content\/uploads\/2016\/12\/China-009-300x200.jpg 300w\" sizes=\"(max-width: 620px) 100vw, 620px\" \/><\/a><figcaption id=\"caption-attachment-2387\" class=\"wp-caption-text\">Gruppenfoto vor dem Birdsnest im Olympiapark (Austragungsst\u00e4tte der Sommerolympiade 2008)<\/figcaption><\/figure>\n","protected":false},"excerpt":{"rendered":"<p>Nach dem Fr\u00fchst\u00fcck brachen wir mit unseren Guides James &amp; Grace in Richtung Summerpalace auf. Der Sommerpalast ist als am besten erhaltener kaiserlicher Garten in der Welt bekannt und ist der gr\u00f6\u00dfte seiner Art, der noch in China existiert. Dort genossen wir die tolle Aussicht (mit nur leichtem Smog), fuhren mit einem Boot \u00fcber den &hellip; <a href=\"https:\/\/tmk-nussdorf.at\/?page_id=2400\" class=\"more-link\"><span class=\"screen-reader-text\">25.10.2016<\/span> weiterlesen <span class=\"meta-nav\">&rarr;<\/span><\/a><\/p>\n","protected":false},"author":1,"featured_media":0,"parent":2371,"menu_order":3,"comment_status":"closed","ping_status":"closed","template":"","meta":[],"_links":{"self":[{"href":"https:\/\/tmk-nussdorf.at\/index.php?rest_route=\/wp\/v2\/pages\/2400"}],"collection":[{"href":"https:\/\/tmk-nussdorf.at\/index.php?rest_route=\/wp\/v2\/pages"}],"about":[{"href":"https:\/\/tmk-nussdorf.at\/index.php?rest_route=\/wp\/v2\/types\/page"}],"author":[{"embeddable":true,"href":"https:\/\/tmk-nussdorf.at\/index.php?rest_route=\/wp\/v2\/users\/1"}],"replies":[{"embeddable":true,"href":"https:\/\/tmk-nussdorf.at\/index.php?rest_route=%2Fwp%2Fv2%2Fcomments&post=2400"}],"version-history":[{"count":4,"href":"https:\/\/tmk-nussdorf.at\/index.php?rest_route=\/wp\/v2\/pages\/2400\/revisions"}],"predecessor-version":[{"id":2719,"href":"https:\/\/tmk-nussdorf.at\/index.php?rest_route=\/wp\/v2\/pages\/2400\/revisions\/2719"}],"up":[{"embeddable":true,"href":"https:\/\/tmk-nussdorf.at\/index.php?rest_route=\/wp\/v2\/pages\/2371"}],"wp:attachment":[{"href":"https:\/\/tmk-nussdorf.at\/index.php?rest_route=%2Fwp%2Fv2%2Fmedia&parent=2400"}],"curies":[{"name":"wp","href":"https:\/\/api.w.org\/{rel}","templated":true}]}}