{"id":2375,"date":"2016-12-16T18:22:51","date_gmt":"2016-12-16T16:22:51","guid":{"rendered":"http:\/\/tmk-nussdorf.at\/?page_id=2375"},"modified":"2017-08-21T22:57:00","modified_gmt":"2017-08-21T20:57:00","slug":"test12","status":"publish","type":"page","link":"https:\/\/tmk-nussdorf.at\/?page_id=2375","title":{"rendered":"22. &#8211; 23.10.2016"},"content":{"rendered":"<p>Am Samstag um 08:20 Uhr startete die Reisegruppe bestehend aus 69 gespannten Musikerinnen und Musikern mit der Lokalbahn in Richtung Hauptbahnhof. Von dort ging es mit dem Zug weiter zum Flughafen in M\u00fcnchen, von wo aus unser Flug mit einem Airbus A380 (das gr\u00f6\u00dfte Passagierflugzeug der Welt) nach Peking mit Zwischenstopp in Dubai abhob.<\/p>\n<p>Um ca. 21:00 lokaler Zeit (Sonntag!!) nach zwei langen Fl\u00fcgen und einem gemeinsamen, interessanten Abendessen im \u201eKim Mansion Gate Roast Duck Shop\u201c kamen wir endlich im Hotel Beijing Qilu an. Nach der Zimmereinteilung begaben sich die ersten Musikerinnen und Musiker auf Erkundungstour in die Bar Street Houhai.<\/p>\n<figure id=\"attachment_2385\" aria-describedby=\"caption-attachment-2385\" style=\"width: 620px\" class=\"wp-caption aligncenter\"><a href=\"http:\/\/tmk-nussdorf.at\/?attachment_id=2385\" rel=\"attachment wp-att-2385\"><img loading=\"lazy\" class=\"wp-image-2385 size-full\" src=\"http:\/\/tmk-nussdorf.at\/wp-content\/uploads\/2016\/12\/China-007.jpg\" alt=\"\" width=\"620\" height=\"413\" srcset=\"https:\/\/tmk-nussdorf.at\/wp-content\/uploads\/2016\/12\/China-007.jpg 620w, https:\/\/tmk-nussdorf.at\/wp-content\/uploads\/2016\/12\/China-007-300x200.jpg 300w\" sizes=\"(max-width: 620px) 100vw, 620px\" \/><\/a><figcaption id=\"caption-attachment-2385\" class=\"wp-caption-text\">Abendessen im Restaurant \u201eKim Mansion Gate Roast Duck Shop\u201c<\/figcaption><\/figure>\n","protected":false},"excerpt":{"rendered":"<p>Am Samstag um 08:20 Uhr startete die Reisegruppe bestehend aus 69 gespannten Musikerinnen und Musikern mit der Lokalbahn in Richtung Hauptbahnhof. Von dort ging es mit dem Zug weiter zum Flughafen in M\u00fcnchen, von wo aus unser Flug mit einem Airbus A380 (das gr\u00f6\u00dfte Passagierflugzeug der Welt) nach Peking mit Zwischenstopp in Dubai abhob. Um &hellip; <a href=\"https:\/\/tmk-nussdorf.at\/?page_id=2375\" class=\"more-link\"><span class=\"screen-reader-text\">22. &#8211; 23.10.2016<\/span> weiterlesen <span class=\"meta-nav\">&rarr;<\/span><\/a><\/p>\n","protected":false},"author":1,"featured_media":0,"parent":2371,"menu_order":1,"comment_status":"closed","ping_status":"closed","template":"","meta":[],"_links":{"self":[{"href":"https:\/\/tmk-nussdorf.at\/index.php?rest_route=\/wp\/v2\/pages\/2375"}],"collection":[{"href":"https:\/\/tmk-nussdorf.at\/index.php?rest_route=\/wp\/v2\/pages"}],"about":[{"href":"https:\/\/tmk-nussdorf.at\/index.php?rest_route=\/wp\/v2\/types\/page"}],"author":[{"embeddable":true,"href":"https:\/\/tmk-nussdorf.at\/index.php?rest_route=\/wp\/v2\/users\/1"}],"replies":[{"embeddable":true,"href":"https:\/\/tmk-nussdorf.at\/index.php?rest_route=%2Fwp%2Fv2%2Fcomments&post=2375"}],"version-history":[{"count":4,"href":"https:\/\/tmk-nussdorf.at\/index.php?rest_route=\/wp\/v2\/pages\/2375\/revisions"}],"predecessor-version":[{"id":2717,"href":"https:\/\/tmk-nussdorf.at\/index.php?rest_route=\/wp\/v2\/pages\/2375\/revisions\/2717"}],"up":[{"embeddable":true,"href":"https:\/\/tmk-nussdorf.at\/index.php?rest_route=\/wp\/v2\/pages\/2371"}],"wp:attachment":[{"href":"https:\/\/tmk-nussdorf.at\/index.php?rest_route=%2Fwp%2Fv2%2Fmedia&parent=2375"}],"curies":[{"name":"wp","href":"https:\/\/api.w.org\/{rel}","templated":true}]}}