{"id":207,"date":"2014-09-15T19:33:14","date_gmt":"2014-09-15T17:33:14","guid":{"rendered":"http:\/\/egger-it.at\/?page_id=207"},"modified":"2014-09-27T17:01:59","modified_gmt":"2014-09-27T15:01:59","slug":"konzert-mit-scarsdale-high-school-wind-ensemble","status":"publish","type":"page","link":"https:\/\/tmk-nussdorf.at\/?page_id=207","title":{"rendered":"Konzert mit Scarsdale High School Wind Ensemble"},"content":{"rendered":"<p>Am 4. April 2009 konnten wir ein besonderes Ereignis in Nu\u00dfdorf darbieten.<br \/>\nMit dem Scarsdale High School Wind Ensemble aus New York ist ein Gemeinschaftskonzert aufgef\u00fchrt worden.<br \/>\nDas Reiseb\u00fcro CULTOURS aus Salzburg, hat dieses Konzert und die Konzertreise nach Amerika organisiert und begleitet.<\/p>\n<p>F\u00fcr uns auch ein besonderes musikalisches Schmankerl waren 2 Kontrabassklarinetten die bei uns sehr selten zu sehen sind.<\/p>\n\n\t\t<div id='gallery-1' class='gallery galleryid-207 gallery-columns-3 gallery-size-thumbnail gallery1'><script type=\"text\/javascript\">\r\n\/\/ <![CDATA[\r\n\tjQuery(document).ready(function () {\r\n\t\tjQuery(\".gallery1 a\").attr(\"rel\",\"gallery1\");\t\r\n\t\tjQuery('a[rel=\"gallery1\"]').colorbox({maxWidth:\"95%\", maxHeight:\"95%\",title: function(){ return jQuery(this).children().attr(\"alt\"); }, });\r\n\t});\r\n\/\/ ]]>\r\n<\/script>\n<figure class=\"gallery-item\">\n<div class=\"gallery-icon\">\r\n<a href=\"https:\/\/tmk-nussdorf.at\/wp-content\/uploads\/2014\/09\/Scarsdale-00.jpg\" title=\"\" rel=\"gallery1\"><img src=\"https:\/\/tmk-nussdorf.at\/wp-content\/uploads\/2014\/09\/Scarsdale-00-150x150.jpg\" width=\"150\" height=\"150\" alt=\"\" \/><\/a>\r\n<\/div><\/figure><figure class=\"gallery-item\">\n<div class=\"gallery-icon\">\r\n<a href=\"https:\/\/tmk-nussdorf.at\/wp-content\/uploads\/2014\/09\/Scarsdale-01.jpg\" title=\"\" rel=\"gallery1\"><img src=\"https:\/\/tmk-nussdorf.at\/wp-content\/uploads\/2014\/09\/Scarsdale-01-150x150.jpg\" width=\"150\" height=\"150\" alt=\"\" \/><\/a>\r\n<\/div><\/figure><figure class=\"gallery-item\">\n<div class=\"gallery-icon\">\r\n<a href=\"https:\/\/tmk-nussdorf.at\/wp-content\/uploads\/2014\/09\/Scarsdale-02.jpg\" title=\"\" rel=\"gallery1\"><img src=\"https:\/\/tmk-nussdorf.at\/wp-content\/uploads\/2014\/09\/Scarsdale-02-150x150.jpg\" width=\"150\" height=\"150\" alt=\"\" \/><\/a>\r\n<\/div><\/figure><figure class=\"gallery-item\">\n<div class=\"gallery-icon\">\r\n<a href=\"https:\/\/tmk-nussdorf.at\/wp-content\/uploads\/2014\/09\/Scarsdale-03.jpg\" title=\"\" rel=\"gallery1\"><img src=\"https:\/\/tmk-nussdorf.at\/wp-content\/uploads\/2014\/09\/Scarsdale-03-150x150.jpg\" width=\"150\" height=\"150\" alt=\"\" \/><\/a>\r\n<\/div><\/figure><figure class=\"gallery-item\">\n<div class=\"gallery-icon\">\r\n<a href=\"https:\/\/tmk-nussdorf.at\/wp-content\/uploads\/2014\/09\/Scarsdale-04.jpg\" title=\"\" rel=\"gallery1\"><img src=\"https:\/\/tmk-nussdorf.at\/wp-content\/uploads\/2014\/09\/Scarsdale-04-150x150.jpg\" width=\"150\" height=\"150\" alt=\"\" \/><\/a>\r\n<\/div><\/figure><figure class=\"gallery-item\">\n<div class=\"gallery-icon\">\r\n<a href=\"https:\/\/tmk-nussdorf.at\/wp-content\/uploads\/2014\/09\/Scarsdale-05.jpg\" title=\"\" rel=\"gallery1\"><img src=\"https:\/\/tmk-nussdorf.at\/wp-content\/uploads\/2014\/09\/Scarsdale-05-150x150.jpg\" width=\"150\" height=\"150\" alt=\"\" \/><\/a>\r\n<\/div><\/figure><figure class=\"gallery-item\">\n<div class=\"gallery-icon\">\r\n<a href=\"https:\/\/tmk-nussdorf.at\/wp-content\/uploads\/2014\/09\/Scarsdale-06.jpg\" title=\"\" rel=\"gallery1\"><img src=\"https:\/\/tmk-nussdorf.at\/wp-content\/uploads\/2014\/09\/Scarsdale-06-150x150.jpg\" width=\"150\" height=\"150\" alt=\"\" \/><\/a>\r\n<\/div><\/figure><figure class=\"gallery-item\">\n<div class=\"gallery-icon\">\r\n<a href=\"https:\/\/tmk-nussdorf.at\/wp-content\/uploads\/2014\/09\/Scarsdale-07.jpg\" title=\"\" rel=\"gallery1\"><img src=\"https:\/\/tmk-nussdorf.at\/wp-content\/uploads\/2014\/09\/Scarsdale-07-150x150.jpg\" width=\"150\" height=\"150\" alt=\"\" \/><\/a>\r\n<\/div><\/figure><figure class=\"gallery-item\">\n<div class=\"gallery-icon\">\r\n<a href=\"https:\/\/tmk-nussdorf.at\/wp-content\/uploads\/2014\/09\/Scarsdale-08.jpg\" title=\"\" rel=\"gallery1\"><img src=\"https:\/\/tmk-nussdorf.at\/wp-content\/uploads\/2014\/09\/Scarsdale-08-150x150.jpg\" width=\"150\" height=\"150\" alt=\"\" \/><\/a>\r\n<\/div><\/figure><figure class=\"gallery-item\">\n<div class=\"gallery-icon\">\r\n<a href=\"https:\/\/tmk-nussdorf.at\/wp-content\/uploads\/2014\/09\/Scarsdale-09.jpg\" title=\"\" rel=\"gallery1\"><img src=\"https:\/\/tmk-nussdorf.at\/wp-content\/uploads\/2014\/09\/Scarsdale-09-150x150.jpg\" width=\"150\" height=\"150\" alt=\"\" \/><\/a>\r\n<\/div><\/figure><figure class=\"gallery-item\">\n<div class=\"gallery-icon\">\r\n<a href=\"https:\/\/tmk-nussdorf.at\/wp-content\/uploads\/2014\/09\/Scarsdale-10.jpg\" title=\"\" rel=\"gallery1\"><img src=\"https:\/\/tmk-nussdorf.at\/wp-content\/uploads\/2014\/09\/Scarsdale-10-150x150.jpg\" width=\"150\" height=\"150\" alt=\"\" \/><\/a>\r\n<\/div><\/figure><figure class=\"gallery-item\">\n<div class=\"gallery-icon\">\r\n<a href=\"https:\/\/tmk-nussdorf.at\/wp-content\/uploads\/2014\/09\/Scarsdale-11.jpg\" title=\"\" rel=\"gallery1\"><img src=\"https:\/\/tmk-nussdorf.at\/wp-content\/uploads\/2014\/09\/Scarsdale-11-150x150.jpg\" width=\"150\" height=\"150\" alt=\"\" \/><\/a>\r\n<\/div><\/figure><figure class=\"gallery-item\">\n<div class=\"gallery-icon\">\r\n<a href=\"https:\/\/tmk-nussdorf.at\/wp-content\/uploads\/2014\/09\/Scarsdale-12.jpg\" title=\"\" rel=\"gallery1\"><img src=\"https:\/\/tmk-nussdorf.at\/wp-content\/uploads\/2014\/09\/Scarsdale-12-150x150.jpg\" width=\"150\" height=\"150\" alt=\"\" \/><\/a>\r\n<\/div><\/figure><figure class=\"gallery-item\">\n<div class=\"gallery-icon\">\r\n<a href=\"https:\/\/tmk-nussdorf.at\/wp-content\/uploads\/2014\/09\/Scarsdale-14.jpg\" title=\"\" rel=\"gallery1\"><img src=\"https:\/\/tmk-nussdorf.at\/wp-content\/uploads\/2014\/09\/Scarsdale-14-150x150.jpg\" width=\"150\" height=\"150\" alt=\"\" \/><\/a>\r\n<\/div><\/figure><figure class=\"gallery-item\">\n<div class=\"gallery-icon\">\r\n<a href=\"https:\/\/tmk-nussdorf.at\/wp-content\/uploads\/2014\/09\/Scarsdale-15.jpg\" title=\"\" rel=\"gallery1\"><img src=\"https:\/\/tmk-nussdorf.at\/wp-content\/uploads\/2014\/09\/Scarsdale-15-150x150.jpg\" width=\"150\" height=\"150\" alt=\"\" \/><\/a>\r\n<\/div><\/figure><figure class=\"gallery-item\">\n<div class=\"gallery-icon\">\r\n<a href=\"https:\/\/tmk-nussdorf.at\/wp-content\/uploads\/2014\/09\/Scarsdale-16.jpg\" title=\"\" rel=\"gallery1\"><img src=\"https:\/\/tmk-nussdorf.at\/wp-content\/uploads\/2014\/09\/Scarsdale-16-150x150.jpg\" width=\"150\" height=\"150\" alt=\"\" \/><\/a>\r\n<\/div><\/figure><figure class=\"gallery-item\">\n<div class=\"gallery-icon\">\r\n<a href=\"https:\/\/tmk-nussdorf.at\/wp-content\/uploads\/2014\/09\/Scarsdale-17.jpg\" title=\"\" rel=\"gallery1\"><img src=\"https:\/\/tmk-nussdorf.at\/wp-content\/uploads\/2014\/09\/Scarsdale-17-150x150.jpg\" width=\"150\" height=\"150\" alt=\"\" \/><\/a>\r\n<\/div><\/figure><figure class=\"gallery-item\">\n<div class=\"gallery-icon\">\r\n<a href=\"https:\/\/tmk-nussdorf.at\/wp-content\/uploads\/2014\/09\/Scarsdale-18.jpg\" title=\"\" rel=\"gallery1\"><img src=\"https:\/\/tmk-nussdorf.at\/wp-content\/uploads\/2014\/09\/Scarsdale-18-150x150.jpg\" width=\"150\" height=\"150\" alt=\"\" \/><\/a>\r\n<\/div><\/figure><figure class=\"gallery-item\">\n<div class=\"gallery-icon\">\r\n<a href=\"https:\/\/tmk-nussdorf.at\/wp-content\/uploads\/2014\/09\/Scarsdale-19.jpg\" title=\"\" rel=\"gallery1\"><img src=\"https:\/\/tmk-nussdorf.at\/wp-content\/uploads\/2014\/09\/Scarsdale-19-150x150.jpg\" width=\"150\" height=\"150\" alt=\"\" \/><\/a>\r\n<\/div><\/figure><figure class=\"gallery-item\">\n<div class=\"gallery-icon\">\r\n<a href=\"https:\/\/tmk-nussdorf.at\/wp-content\/uploads\/2014\/09\/Scarsdale-20.jpg\" title=\"\" rel=\"gallery1\"><img src=\"https:\/\/tmk-nussdorf.at\/wp-content\/uploads\/2014\/09\/Scarsdale-20-150x150.jpg\" width=\"150\" height=\"150\" alt=\"\" \/><\/a>\r\n<\/div><\/figure><figure class=\"gallery-item\">\n<div class=\"gallery-icon\">\r\n<a href=\"https:\/\/tmk-nussdorf.at\/wp-content\/uploads\/2014\/09\/Scarsdale-21.jpg\" title=\"\" rel=\"gallery1\"><img src=\"https:\/\/tmk-nussdorf.at\/wp-content\/uploads\/2014\/09\/Scarsdale-21-150x150.jpg\" width=\"150\" height=\"150\" alt=\"\" \/><\/a>\r\n<\/div><\/figure><figure class=\"gallery-item\">\n<div class=\"gallery-icon\">\r\n<a href=\"https:\/\/tmk-nussdorf.at\/wp-content\/uploads\/2014\/09\/Scarsdale-22.jpg\" title=\"\" rel=\"gallery1\"><img src=\"https:\/\/tmk-nussdorf.at\/wp-content\/uploads\/2014\/09\/Scarsdale-22-150x150.jpg\" width=\"150\" height=\"150\" alt=\"\" \/><\/a>\r\n<\/div><\/figure><figure class=\"gallery-item\">\n<div class=\"gallery-icon\">\r\n<a href=\"https:\/\/tmk-nussdorf.at\/wp-content\/uploads\/2014\/09\/Scarsdale-23.jpg\" title=\"\" rel=\"gallery1\"><img src=\"https:\/\/tmk-nussdorf.at\/wp-content\/uploads\/2014\/09\/Scarsdale-23-150x150.jpg\" width=\"150\" height=\"150\" alt=\"\" \/><\/a>\r\n<\/div><\/figure><figure class=\"gallery-item\">\n<div class=\"gallery-icon\">\r\n<a href=\"https:\/\/tmk-nussdorf.at\/wp-content\/uploads\/2014\/09\/Scarsdale-24.jpg\" title=\"\" rel=\"gallery1\"><img src=\"https:\/\/tmk-nussdorf.at\/wp-content\/uploads\/2014\/09\/Scarsdale-24-150x150.jpg\" width=\"150\" height=\"150\" alt=\"\" \/><\/a>\r\n<\/div><\/figure><figure class=\"gallery-item\">\n<div class=\"gallery-icon\">\r\n<a href=\"https:\/\/tmk-nussdorf.at\/wp-content\/uploads\/2014\/09\/Scarsdale-25.jpg\" title=\"\" rel=\"gallery1\"><img src=\"https:\/\/tmk-nussdorf.at\/wp-content\/uploads\/2014\/09\/Scarsdale-25-150x150.jpg\" width=\"150\" height=\"150\" alt=\"\" \/><\/a>\r\n<\/div><\/figure><figure class=\"gallery-item\">\n<div class=\"gallery-icon\">\r\n<a href=\"https:\/\/tmk-nussdorf.at\/wp-content\/uploads\/2014\/09\/Scarsdale-26.jpg\" title=\"\" rel=\"gallery1\"><img src=\"https:\/\/tmk-nussdorf.at\/wp-content\/uploads\/2014\/09\/Scarsdale-26-150x150.jpg\" width=\"150\" height=\"150\" alt=\"\" \/><\/a>\r\n<\/div><\/figure><figure class=\"gallery-item\">\n<div class=\"gallery-icon\">\r\n<a href=\"https:\/\/tmk-nussdorf.at\/wp-content\/uploads\/2014\/09\/Scarsdale-27.jpg\" title=\"\" rel=\"gallery1\"><img src=\"https:\/\/tmk-nussdorf.at\/wp-content\/uploads\/2014\/09\/Scarsdale-27-150x150.jpg\" width=\"150\" height=\"150\" alt=\"\" \/><\/a>\r\n<\/div><\/figure><figure class=\"gallery-item\">\n<div class=\"gallery-icon\">\r\n<a href=\"https:\/\/tmk-nussdorf.at\/wp-content\/uploads\/2014\/09\/Scarsdale-28.jpg\" title=\"\" rel=\"gallery1\"><img src=\"https:\/\/tmk-nussdorf.at\/wp-content\/uploads\/2014\/09\/Scarsdale-28-150x150.jpg\" width=\"150\" height=\"150\" alt=\"\" \/><\/a>\r\n<\/div><\/figure><figure class=\"gallery-item\">\n<div class=\"gallery-icon\">\r\n<a href=\"https:\/\/tmk-nussdorf.at\/wp-content\/uploads\/2014\/09\/Scarsdale-29.jpg\" title=\"\" rel=\"gallery1\"><img src=\"https:\/\/tmk-nussdorf.at\/wp-content\/uploads\/2014\/09\/Scarsdale-29-150x150.jpg\" width=\"150\" height=\"150\" alt=\"\" \/><\/a>\r\n<\/div><\/figure>\r\n\t\t<\/div>\n\n","protected":false},"excerpt":{"rendered":"<p>Am 4. April 2009 konnten wir ein besonderes Ereignis in Nu\u00dfdorf darbieten. Mit dem Scarsdale High School Wind Ensemble aus New York ist ein Gemeinschaftskonzert aufgef\u00fchrt worden. Das Reiseb\u00fcro CULTOURS aus Salzburg, hat dieses Konzert und die Konzertreise nach Amerika organisiert und begleitet. F\u00fcr uns auch ein besonderes musikalisches Schmankerl waren 2 Kontrabassklarinetten die bei &hellip; <a href=\"https:\/\/tmk-nussdorf.at\/?page_id=207\" class=\"more-link\"><span class=\"screen-reader-text\">Konzert mit Scarsdale High School Wind Ensemble<\/span> weiterlesen <span class=\"meta-nav\">&rarr;<\/span><\/a><\/p>\n","protected":false},"author":1,"featured_media":0,"parent":202,"menu_order":0,"comment_status":"open","ping_status":"open","template":"","meta":[],"_links":{"self":[{"href":"https:\/\/tmk-nussdorf.at\/index.php?rest_route=\/wp\/v2\/pages\/207"}],"collection":[{"href":"https:\/\/tmk-nussdorf.at\/index.php?rest_route=\/wp\/v2\/pages"}],"about":[{"href":"https:\/\/tmk-nussdorf.at\/index.php?rest_route=\/wp\/v2\/types\/page"}],"author":[{"embeddable":true,"href":"https:\/\/tmk-nussdorf.at\/index.php?rest_route=\/wp\/v2\/users\/1"}],"replies":[{"embeddable":true,"href":"https:\/\/tmk-nussdorf.at\/index.php?rest_route=%2Fwp%2Fv2%2Fcomments&post=207"}],"version-history":[{"count":4,"href":"https:\/\/tmk-nussdorf.at\/index.php?rest_route=\/wp\/v2\/pages\/207\/revisions"}],"predecessor-version":[{"id":989,"href":"https:\/\/tmk-nussdorf.at\/index.php?rest_route=\/wp\/v2\/pages\/207\/revisions\/989"}],"up":[{"embeddable":true,"href":"https:\/\/tmk-nussdorf.at\/index.php?rest_route=\/wp\/v2\/pages\/202"}],"wp:attachment":[{"href":"https:\/\/tmk-nussdorf.at\/index.php?rest_route=%2Fwp%2Fv2%2Fmedia&parent=207"}],"curies":[{"name":"wp","href":"https:\/\/api.w.org\/{rel}","templated":true}]}}