{"id":181,"date":"2014-09-08T19:02:14","date_gmt":"2014-09-08T17:02:14","guid":{"rendered":"http:\/\/egger-it.at\/?page_id=181"},"modified":"2023-09-29T19:46:47","modified_gmt":"2023-09-29T17:46:47","slug":"unser-neues-probelokal","status":"publish","type":"page","link":"https:\/\/tmk-nussdorf.at\/?page_id=181","title":{"rendered":"Unser Probelokal"},"content":{"rendered":"<p>Nach mehreren Anl\u00e4ufen konnte die Gemeinde unter B\u00fcrgermeister Johann Ganisl im Jahr 2007 einen Beschluss f\u00fcr ein Mehrzweckhaus durchsetzen. Zusammen mit der neuen Zeugst\u00e4tte der Feuerwehr erhielt die TMK Nu\u00dfdorf ihr Heim in der ehemaligen K\u00e4serei.<\/p>\n<p>Die R\u00e4umlichkeiten der Musik sind modern eingerichtet und der Gr\u00f6\u00dfe der Kapelle entsprechend geplant. Neben dem gro\u00dfen Probenraum sind ein B\u00fcroraum (inklusive Archiv f\u00fcr Noten und Bekleidung) sowie ein Einzelprobenraum (haupts\u00e4chlich als \u00dcberaum f\u00fcr das Musikum) vorhanden.<br \/>\nWeiters konnte ein Aufenthaltsraum, der auch als Registerprobenraum verwendbar ist, realisiert werden.<\/p>\n\n\t\t<div id='gallery-1' class='gallery galleryid-181 gallery-columns-3 gallery-size-thumbnail gallery1'><script type=\"text\/javascript\">\r\n\/\/ <![CDATA[\r\n\tjQuery(document).ready(function () {\r\n\t\tjQuery(\".gallery1 a\").attr(\"rel\",\"gallery1\");\t\r\n\t\tjQuery('a[rel=\"gallery1\"]').colorbox({maxWidth:\"95%\", maxHeight:\"95%\",title: function(){ return jQuery(this).children().attr(\"alt\"); }, });\r\n\t});\r\n\/\/ ]]>\r\n<\/script>\n<figure class=\"gallery-item\">\n<div class=\"gallery-icon\">\r\n<a href=\"https:\/\/tmk-nussdorf.at\/wp-content\/uploads\/2014\/09\/01_Probelokal_von_aussen.jpg\" title=\"Probelokal von au\u00dfen\" rel=\"gallery1\"><img src=\"https:\/\/tmk-nussdorf.at\/wp-content\/uploads\/2014\/09\/01_Probelokal_von_aussen-150x150.jpg\" width=\"150\" height=\"150\" alt=\"Probelokal von au\u00dfen\" \/><\/a>\r\n<\/div><figcaption class=\"gallery-caption\" id=\"caption948\"><span class=\"imagecaption\">Probelokal von au\u00dfen<\/span><br \/>\n<\/figcaption><\/figure><figure class=\"gallery-item\">\n<div class=\"gallery-icon\">\r\n<a href=\"https:\/\/tmk-nussdorf.at\/wp-content\/uploads\/2014\/09\/02_Garderobe.jpg\" title=\"Garderobe\" rel=\"gallery1\"><img src=\"https:\/\/tmk-nussdorf.at\/wp-content\/uploads\/2014\/09\/02_Garderobe-150x150.jpg\" width=\"150\" height=\"150\" alt=\"Garderobe\" \/><\/a>\r\n<\/div><figcaption class=\"gallery-caption\" id=\"caption949\"><span class=\"imagecaption\">Garderobe<\/span><br \/>\n<\/figcaption><\/figure><figure class=\"gallery-item\">\n<div class=\"gallery-icon\">\r\n<a href=\"https:\/\/tmk-nussdorf.at\/wp-content\/uploads\/2014\/09\/03_Hauptprobenraum.jpg\" title=\"Der Hauptprobenraum\" rel=\"gallery1\"><img src=\"https:\/\/tmk-nussdorf.at\/wp-content\/uploads\/2014\/09\/03_Hauptprobenraum-150x150.jpg\" width=\"150\" height=\"150\" alt=\"Der Hauptprobenraum\" \/><\/a>\r\n<\/div><figcaption class=\"gallery-caption\" id=\"caption950\"><span class=\"imagecaption\">Der Hauptprobenraum<\/span><br \/>\n<\/figcaption><\/figure><figure class=\"gallery-item\">\n<div class=\"gallery-icon\">\r\n<a href=\"https:\/\/tmk-nussdorf.at\/wp-content\/uploads\/2014\/09\/04_Hauptprobenraum_2.jpg\" title=\"Der Hauptprobenraum\" rel=\"gallery1\"><img src=\"https:\/\/tmk-nussdorf.at\/wp-content\/uploads\/2014\/09\/04_Hauptprobenraum_2-150x150.jpg\" width=\"150\" height=\"150\" alt=\"Der Hauptprobenraum\" \/><\/a>\r\n<\/div><figcaption class=\"gallery-caption\" id=\"caption951\"><span class=\"imagecaption\">Der Hauptprobenraum<\/span><br \/>\n<\/figcaption><\/figure><figure class=\"gallery-item\">\n<div class=\"gallery-icon\">\r\n<a href=\"https:\/\/tmk-nussdorf.at\/wp-content\/uploads\/2014\/09\/05_Hauptprobenraum_3.jpg\" title=\"Der Hauptprobenraum\" rel=\"gallery1\"><img src=\"https:\/\/tmk-nussdorf.at\/wp-content\/uploads\/2014\/09\/05_Hauptprobenraum_3-150x150.jpg\" width=\"150\" height=\"150\" alt=\"Der Hauptprobenraum\" \/><\/a>\r\n<\/div><figcaption class=\"gallery-caption\" id=\"caption952\"><span class=\"imagecaption\">Der Hauptprobenraum<\/span><br \/>\n<\/figcaption><\/figure><figure class=\"gallery-item\">\n<div class=\"gallery-icon\">\r\n<a href=\"https:\/\/tmk-nussdorf.at\/wp-content\/uploads\/2014\/09\/07_Teilprobenraum.jpg\" title=\"Der Teilprobenraum\" rel=\"gallery1\"><img src=\"https:\/\/tmk-nussdorf.at\/wp-content\/uploads\/2014\/09\/07_Teilprobenraum-150x150.jpg\" width=\"150\" height=\"150\" alt=\"Der Teilprobenraum\" \/><\/a>\r\n<\/div><figcaption class=\"gallery-caption\" id=\"caption954\"><span class=\"imagecaption\">Der Teilprobenraum<\/span><br \/>\n<\/figcaption><\/figure><figure class=\"gallery-item\">\n<div class=\"gallery-icon\">\r\n<a href=\"https:\/\/tmk-nussdorf.at\/wp-content\/uploads\/2014\/09\/08_Aufenthaltsraum.jpg\" title=\"Der Aufenthaltsraum\" rel=\"gallery1\"><img src=\"https:\/\/tmk-nussdorf.at\/wp-content\/uploads\/2014\/09\/08_Aufenthaltsraum-150x150.jpg\" width=\"150\" height=\"150\" alt=\"Der Aufenthaltsraum\" \/><\/a>\r\n<\/div><figcaption class=\"gallery-caption\" id=\"caption955\"><span class=\"imagecaption\">Der Aufenthaltsraum<\/span><br \/>\n<\/figcaption><\/figure><figure class=\"gallery-item\">\n<div class=\"gallery-icon\">\r\n<a href=\"https:\/\/tmk-nussdorf.at\/wp-content\/uploads\/2014\/09\/09_Musikergeschenke_von_Festen.jpg\" title=\"Musikergeschenke von Festen\" rel=\"gallery1\"><img src=\"https:\/\/tmk-nussdorf.at\/wp-content\/uploads\/2014\/09\/09_Musikergeschenke_von_Festen-150x150.jpg\" width=\"150\" height=\"150\" alt=\"Musikergeschenke von Festen\" \/><\/a>\r\n<\/div><figcaption class=\"gallery-caption\" id=\"caption956\"><span class=\"imagecaption\">Musikergeschenke von Festen<\/span><br \/>\n<\/figcaption><\/figure>\r\n\t\t<\/div>\n\n","protected":false},"excerpt":{"rendered":"<p>Nach mehreren Anl\u00e4ufen konnte die Gemeinde unter B\u00fcrgermeister Johann Ganisl im Jahr 2007 einen Beschluss f\u00fcr ein Mehrzweckhaus durchsetzen. Zusammen mit der neuen Zeugst\u00e4tte der Feuerwehr erhielt die TMK Nu\u00dfdorf ihr Heim in der ehemaligen K\u00e4serei. Die R\u00e4umlichkeiten der Musik sind modern eingerichtet und der Gr\u00f6\u00dfe der Kapelle entsprechend geplant. Neben dem gro\u00dfen Probenraum sind &hellip; <a href=\"https:\/\/tmk-nussdorf.at\/?page_id=181\" class=\"more-link\"><span class=\"screen-reader-text\">Unser Probelokal<\/span> weiterlesen <span class=\"meta-nav\">&rarr;<\/span><\/a><\/p>\n","protected":false},"author":1,"featured_media":0,"parent":0,"menu_order":0,"comment_status":"open","ping_status":"open","template":"","meta":[],"_links":{"self":[{"href":"https:\/\/tmk-nussdorf.at\/index.php?rest_route=\/wp\/v2\/pages\/181"}],"collection":[{"href":"https:\/\/tmk-nussdorf.at\/index.php?rest_route=\/wp\/v2\/pages"}],"about":[{"href":"https:\/\/tmk-nussdorf.at\/index.php?rest_route=\/wp\/v2\/types\/page"}],"author":[{"embeddable":true,"href":"https:\/\/tmk-nussdorf.at\/index.php?rest_route=\/wp\/v2\/users\/1"}],"replies":[{"embeddable":true,"href":"https:\/\/tmk-nussdorf.at\/index.php?rest_route=%2Fwp%2Fv2%2Fcomments&post=181"}],"version-history":[{"count":3,"href":"https:\/\/tmk-nussdorf.at\/index.php?rest_route=\/wp\/v2\/pages\/181\/revisions"}],"predecessor-version":[{"id":3569,"href":"https:\/\/tmk-nussdorf.at\/index.php?rest_route=\/wp\/v2\/pages\/181\/revisions\/3569"}],"wp:attachment":[{"href":"https:\/\/tmk-nussdorf.at\/index.php?rest_route=%2Fwp%2Fv2%2Fmedia&parent=181"}],"curies":[{"name":"wp","href":"https:\/\/api.w.org\/{rel}","templated":true}]}}