{"id":167,"date":"2014-09-08T18:51:49","date_gmt":"2014-09-08T16:51:49","guid":{"rendered":"http:\/\/egger-it.at\/?page_id=167"},"modified":"2023-09-29T19:24:19","modified_gmt":"2023-09-29T17:24:19","slug":"jugendorchester","status":"publish","type":"page","link":"https:\/\/tmk-nussdorf.at\/?page_id=167","title":{"rendered":"Jugendorchester"},"content":{"rendered":"<p>Unser Jugendorchester wurde bereits vor \u00fcber 10 Jahren ins Leben gerufen. Aktuell wird es gemeinsam mit der Trachtenmusikkapelle Anthering gef\u00fchrt. Das Ziel ist, Musiker bereits in jungen Jahren f\u00fcr das gemeinsame Musizieren in einem Orchester zu begeistern. Der Vorteil f\u00fcr die Kinder ist, dass sie sich ausprobieren und das Spielen im Orchester Schritt f\u00fcr Schritt kennenlernen k\u00f6nnen. So wird auch der Einstieg in die gro\u00dfe Kapelle erleichtert.<\/p>\n<p>Momentan umfasst das Jugendorchester zirka 40 Kinder aus Anthering und Nu\u00dfdorf, sowohl j\u00fcngere als auch Junggebliebene. Geleitet wird das Orchester von Laura Lebesm\u00fchlbacher, unterst\u00fctzt von den jeweiligen Jugendreferenten \u2013 in Nu\u00dfdorf sind das Thomas Armstorfer, Fabian Planitzer und Viktoria Schernthanner.<\/p>\n<p>J\u00e4hrlich finden 7 bis 8 Auftritte statt, wof\u00fcr einmal pro Woche geprobt wird. Dabei k\u00f6nnen die Kinder die unterschiedlichsten Einsatzm\u00f6glichkeiten eines Orchesters kennenlernen: vom Orchesterwettbewerb \u00fcber Umrahmungen von Festen und Messen bis hin zu Konzerten und Auftritten gemeinsam mit der gro\u00dfen Kapelle ist eine bunte Vielfalt an Ausr\u00fcckungen dabei.<\/p>\n<p>Wir sind immer auf der Suche nach Nachwuchs: Wenn ihr oder euer Kind gerade dabei ist, ein Blasinstrument zu lernen, k\u00f6nnt ihr jederzeit Kontakt mit uns aufnehmen. Wir beantworten gerne eure Fragen. Auch ein Hineinschnuppern in die Proben ist jederzeit m\u00f6glich. Solltet ihr oder euer Kind bisher noch kein Instrument lernen, helfen wir auch gerne bei der Instrumentenauswahl, der Beschaffung und den Ausbildungsm\u00f6glichkeiten.<\/p>\n<p>Kontakt: <a href=\"mailto:tmk.jugend@gmail.com\">tmk.jugend@gmail.com<\/a><\/p>\n\n\n<figure class=\"wp-block-image size-large\"><a href=\"https:\/\/tmk-nussdorf.at\/wp-content\/uploads\/2023\/09\/ceda5105-b25d-4caf-bcee-ea2d1741978c.jpg\"><img loading=\"lazy\" width=\"1024\" height=\"768\" src=\"https:\/\/tmk-nussdorf.at\/wp-content\/uploads\/2023\/09\/ceda5105-b25d-4caf-bcee-ea2d1741978c-1024x768.jpg\" alt=\"\" class=\"wp-image-3563\" srcset=\"https:\/\/tmk-nussdorf.at\/wp-content\/uploads\/2023\/09\/ceda5105-b25d-4caf-bcee-ea2d1741978c-1024x768.jpg 1024w, https:\/\/tmk-nussdorf.at\/wp-content\/uploads\/2023\/09\/ceda5105-b25d-4caf-bcee-ea2d1741978c-300x225.jpg 300w, https:\/\/tmk-nussdorf.at\/wp-content\/uploads\/2023\/09\/ceda5105-b25d-4caf-bcee-ea2d1741978c-768x576.jpg 768w, https:\/\/tmk-nussdorf.at\/wp-content\/uploads\/2023\/09\/ceda5105-b25d-4caf-bcee-ea2d1741978c-1536x1152.jpg 1536w, https:\/\/tmk-nussdorf.at\/wp-content\/uploads\/2023\/09\/ceda5105-b25d-4caf-bcee-ea2d1741978c.jpg 1600w\" sizes=\"(max-width: 1024px) 100vw, 1024px\" \/><\/a><figcaption>Jugendorchesterwettbewerb 2023<\/figcaption><\/figure>\n\n\n\n<figure class=\"wp-block-image size-large\"><img loading=\"lazy\" width=\"1024\" height=\"768\" src=\"https:\/\/tmk-nussdorf.at\/wp-content\/uploads\/2020\/02\/Wettbewerb-2019-04-27-at-10.37.052.jpeg\" alt=\"\" class=\"wp-image-3241\" srcset=\"https:\/\/tmk-nussdorf.at\/wp-content\/uploads\/2020\/02\/Wettbewerb-2019-04-27-at-10.37.052.jpeg 1024w, https:\/\/tmk-nussdorf.at\/wp-content\/uploads\/2020\/02\/Wettbewerb-2019-04-27-at-10.37.052-300x225.jpeg 300w, https:\/\/tmk-nussdorf.at\/wp-content\/uploads\/2020\/02\/Wettbewerb-2019-04-27-at-10.37.052-768x576.jpeg 768w\" sizes=\"(max-width: 1024px) 100vw, 1024px\" \/><figcaption>Unser Jugendorchester 2019<\/figcaption><\/figure>\n","protected":false},"excerpt":{"rendered":"<p>Unser Jugendorchester wurde bereits vor \u00fcber 10 Jahren ins Leben gerufen. Aktuell wird es gemeinsam mit der Trachtenmusikkapelle Anthering gef\u00fchrt. Das Ziel ist, Musiker bereits in jungen Jahren f\u00fcr das gemeinsame Musizieren in einem Orchester zu begeistern. Der Vorteil f\u00fcr die Kinder ist, dass sie sich ausprobieren und das Spielen im Orchester Schritt f\u00fcr Schritt &hellip; <a href=\"https:\/\/tmk-nussdorf.at\/?page_id=167\" class=\"more-link\"><span class=\"screen-reader-text\">Jugendorchester<\/span> weiterlesen <span class=\"meta-nav\">&rarr;<\/span><\/a><\/p>\n","protected":false},"author":1,"featured_media":0,"parent":160,"menu_order":0,"comment_status":"open","ping_status":"open","template":"","meta":[],"_links":{"self":[{"href":"https:\/\/tmk-nussdorf.at\/index.php?rest_route=\/wp\/v2\/pages\/167"}],"collection":[{"href":"https:\/\/tmk-nussdorf.at\/index.php?rest_route=\/wp\/v2\/pages"}],"about":[{"href":"https:\/\/tmk-nussdorf.at\/index.php?rest_route=\/wp\/v2\/types\/page"}],"author":[{"embeddable":true,"href":"https:\/\/tmk-nussdorf.at\/index.php?rest_route=\/wp\/v2\/users\/1"}],"replies":[{"embeddable":true,"href":"https:\/\/tmk-nussdorf.at\/index.php?rest_route=%2Fwp%2Fv2%2Fcomments&post=167"}],"version-history":[{"count":7,"href":"https:\/\/tmk-nussdorf.at\/index.php?rest_route=\/wp\/v2\/pages\/167\/revisions"}],"predecessor-version":[{"id":3564,"href":"https:\/\/tmk-nussdorf.at\/index.php?rest_route=\/wp\/v2\/pages\/167\/revisions\/3564"}],"up":[{"embeddable":true,"href":"https:\/\/tmk-nussdorf.at\/index.php?rest_route=\/wp\/v2\/pages\/160"}],"wp:attachment":[{"href":"https:\/\/tmk-nussdorf.at\/index.php?rest_route=%2Fwp%2Fv2%2Fmedia&parent=167"}],"curies":[{"name":"wp","href":"https:\/\/api.w.org\/{rel}","templated":true}]}}