{"id":154,"date":"2014-09-08T17:12:25","date_gmt":"2014-09-08T15:12:25","guid":{"rendered":"http:\/\/egger-it.at\/?page_id=154"},"modified":"2017-08-21T22:47:41","modified_gmt":"2017-08-21T20:47:41","slug":"die-letzten-25-jahre","status":"publish","type":"page","link":"https:\/\/tmk-nussdorf.at\/?page_id=154","title":{"rendered":"Die letzten 25 Jahre"},"content":{"rendered":"<p>In den letzen 25 Jahren erlebten viele Salzburger Musikkapellen einen gro\u00dfen Aufschwung. Die Arbeit der Musikschulwerke zeigt ihre Wirkung und der Musikernachwuchs ist dadurch auch in Zukunft gesichert.<br \/>\nNeue, bei den l\u00e4ndlichen Kapellen bisher nicht gebr\u00e4uchliche Instrumente wie Querfl\u00f6ten und Saxofone begannen in der Blasmusik Einzug zu halten, ein Trend, der heute durch Oboe, Fagott und Englischhorn fortgesetzt wird.<\/p>\n<p>Mit Reinhold Wieser \u00fcbernahm 1985 ein umsichtiger, junger Musiklehrer die Kapelle und f\u00fchrte diese \u00fcber mehr als ein Jahrzehnt. Ein H\u00f6hepunkt in Wiesers Wirken war sein 10-j\u00e4hriges Jubli\u00e4umskonzert zusammen mit der Jugendkapelle Oberpinzgau\/Mittersill 1995 in Nu\u00dfdorf, die damals durch seinen Vater musikalisch geleitet wurde.<\/p>\n<figure id=\"attachment_923\" aria-describedby=\"caption-attachment-923\" style=\"width: 400px\" class=\"wp-caption aligncenter\"><a href=\"http:\/\/tmk-nussdorf.at\/?attachment_id=923\" rel=\"attachment wp-att-923\"><img loading=\"lazy\" class=\"wp-image-923 size-full\" src=\"http:\/\/tmk-nussdorf.at\/wp-content\/uploads\/2014\/09\/Konzert-90er.jpg\" alt=\"Konzert mit Reinhold Wieser\" width=\"400\" height=\"274\" srcset=\"https:\/\/tmk-nussdorf.at\/wp-content\/uploads\/2014\/09\/Konzert-90er.jpg 400w, https:\/\/tmk-nussdorf.at\/wp-content\/uploads\/2014\/09\/Konzert-90er-300x205.jpg 300w\" sizes=\"(max-width: 400px) 100vw, 400px\" \/><\/a><figcaption id=\"caption-attachment-923\" class=\"wp-caption-text\">Konzert mit Reinhold Wieser<\/figcaption><\/figure>\n<p>Eine Reise nach Osttirol anl\u00e4sslich der Markterhebung der Gemeinde Nu\u00dfdorf am Debant war der erstmalige Anlass, die Kontakte zu gleichnamigen Kapellen (also zu anderen Nu\u00dfdorfern) zu pflegen. Diese Tradition hat sich bis heute fortgesetzt und zeigt sich durch den Besuch von mehreren Nu\u00dfdorfer Kapellen beim Jubil\u00e4umsfest im Jahr 2008.<\/p>\n<figure id=\"attachment_924\" aria-describedby=\"caption-attachment-924\" style=\"width: 400px\" class=\"wp-caption aligncenter\"><a href=\"http:\/\/tmk-nussdorf.at\/?attachment_id=924\" rel=\"attachment wp-att-924\"><img loading=\"lazy\" class=\"wp-image-924 size-full\" src=\"http:\/\/tmk-nussdorf.at\/wp-content\/uploads\/2014\/09\/Debant-1995.jpg\" alt=\"Nu\u00dfdorf am Debant 1995\" width=\"400\" height=\"270\" srcset=\"https:\/\/tmk-nussdorf.at\/wp-content\/uploads\/2014\/09\/Debant-1995.jpg 400w, https:\/\/tmk-nussdorf.at\/wp-content\/uploads\/2014\/09\/Debant-1995-300x202.jpg 300w\" sizes=\"(max-width: 400px) 100vw, 400px\" \/><\/a><figcaption id=\"caption-attachment-924\" class=\"wp-caption-text\">Nu\u00dfdorf am Debant 1995<\/figcaption><\/figure>\n<p>Nach Reinhold Wieser leiteten Robert Eder und Alois Winkler jeweils \u00fcber mehrere Jahre die blasmusikalischen Geschicke der Nu\u00dfdorfer, bis der Taktstock beim Fr\u00fchjahrskonzert 2002 an den heutigen Kapellmeister Ing. Balthasar Gwechenberger aus Lamprechtshausen \u00fcberging.<\/p>\n","protected":false},"excerpt":{"rendered":"<p>In den letzen 25 Jahren erlebten viele Salzburger Musikkapellen einen gro\u00dfen Aufschwung. Die Arbeit der Musikschulwerke zeigt ihre Wirkung und der Musikernachwuchs ist dadurch auch in Zukunft gesichert. Neue, bei den l\u00e4ndlichen Kapellen bisher nicht gebr\u00e4uchliche Instrumente wie Querfl\u00f6ten und Saxofone begannen in der Blasmusik Einzug zu halten, ein Trend, der heute durch Oboe, Fagott &hellip; <a href=\"https:\/\/tmk-nussdorf.at\/?page_id=154\" class=\"more-link\"><span class=\"screen-reader-text\">Die letzten 25 Jahre<\/span> weiterlesen <span class=\"meta-nav\">&rarr;<\/span><\/a><\/p>\n","protected":false},"author":1,"featured_media":0,"parent":137,"menu_order":3,"comment_status":"open","ping_status":"open","template":"","meta":[],"_links":{"self":[{"href":"https:\/\/tmk-nussdorf.at\/index.php?rest_route=\/wp\/v2\/pages\/154"}],"collection":[{"href":"https:\/\/tmk-nussdorf.at\/index.php?rest_route=\/wp\/v2\/pages"}],"about":[{"href":"https:\/\/tmk-nussdorf.at\/index.php?rest_route=\/wp\/v2\/types\/page"}],"author":[{"embeddable":true,"href":"https:\/\/tmk-nussdorf.at\/index.php?rest_route=\/wp\/v2\/users\/1"}],"replies":[{"embeddable":true,"href":"https:\/\/tmk-nussdorf.at\/index.php?rest_route=%2Fwp%2Fv2%2Fcomments&post=154"}],"version-history":[{"count":5,"href":"https:\/\/tmk-nussdorf.at\/index.php?rest_route=\/wp\/v2\/pages\/154\/revisions"}],"predecessor-version":[{"id":2711,"href":"https:\/\/tmk-nussdorf.at\/index.php?rest_route=\/wp\/v2\/pages\/154\/revisions\/2711"}],"up":[{"embeddable":true,"href":"https:\/\/tmk-nussdorf.at\/index.php?rest_route=\/wp\/v2\/pages\/137"}],"wp:attachment":[{"href":"https:\/\/tmk-nussdorf.at\/index.php?rest_route=%2Fwp%2Fv2%2Fmedia&parent=154"}],"curies":[{"name":"wp","href":"https:\/\/api.w.org\/{rel}","templated":true}]}}