{"id":150,"date":"2014-09-08T17:10:50","date_gmt":"2014-09-08T15:10:50","guid":{"rendered":"http:\/\/egger-it.at\/?page_id=150"},"modified":"2014-09-08T17:10:50","modified_gmt":"2014-09-08T15:10:50","slug":"tracht-und-probelokal","status":"publish","type":"page","link":"https:\/\/tmk-nussdorf.at\/?page_id=150","title":{"rendered":"Tracht und Probelokal"},"content":{"rendered":"<p>Am Dienstag, 5. Juli 1960 konnte anl\u00e4sslich des Besuches des Erzbischofs Dr. Andreas Rohracher die neu erhaltene, erste Nu\u00dfdorfer J\u00e4gertracht das erste Mal getragen werden und der Name der Musikkapelle wurde auf \u201eTrachtenmusikkapelle Nu\u00dfdorf\u201c ge\u00e4ndert.<\/p>\n<p>In dieser Zeit entwickelte sich der Trend, die Aufgaben der musikalischen Leitung und der organisatorischen F\u00fchrung der Kapelle zu trennen. Waren es damals noch nicht direkt gew\u00e4hlte Obm\u00e4nner, so waren dennoch Herbert Junger und sp\u00e4ter Johann Zauner nicht wegzudenkende St\u00fctzen des damaligen Vereinslebens, die besonders bei der Organisation von Ausr\u00fcckungen und bei der Vorbereitung von Festen gro\u00dfe Leistungen erbrachten.<\/p>\n<p>Unter Kapellmeister Alois Kersch konnte am 17. November 1979 mit der Er\u00f6ffnung des Raiffeisenhauses das erste, eigene Probelokal bezogen werden. Nach den Jahren des Probens in privaten R\u00e4umen oder Gasth\u00e4usern war dies ein gro\u00dfer Fortschritt f\u00fcr die Kapelle. Der Musikerstand betrug zu dieser Zeit ungef\u00e4hr 30 Musiker.<\/p>\n<p>Nach einer Spendenaktion in der Bev\u00f6lkerung und mit Hilfe \u00f6ffentlicher Zusch\u00fcsse konnte am 2. August 1980 die zweite Musikertracht der \u00d6ffentlichkeit vorgestellt werden. Alois Kersch, der auch die damals \u00fcblichen \u201eJahresschlusskonzerte\u201c einf\u00fchrte, wurde 1981 zum Musikschulleiter des Musikschulwerkes Seekirchen berufen und legte sein Amt als Kapellmeister nieder.<\/p>\n<p>Ihm folgte der Musiklehrer Ferdinand Schmitzberger aus Handenberg, der die Kapelle mit Obmann und B\u00fcrgermeister Johann Zauner zum 100-j\u00e4hrigen Gr\u00fcndungsfest f\u00fchrte. Verbunden mit dem 13. Bezirksmusikfest des Flachgaues konnten am 21. und 22. August 1982 stolze 49 Kapellen aus dem ganzen Land sowie 5 Ortsvereine in Nu\u00dfdorf begr\u00fc\u00dft werden. Landeshauptmann-Stellvertreter Dr. Hans Katschthaler w\u00fcrdigte in seiner Festrede den steten Einsatz der Musiker sowie den Beitrag der Musik zur Volkskultur.<br \/>\nIm November desselben Jahres fand auch die Landes-Konzertwertung in Nu\u00dfdorf statt, die im Turnsaal der Volksschule abgehalten wurde.<\/p>\n","protected":false},"excerpt":{"rendered":"<p>Am Dienstag, 5. Juli 1960 konnte anl\u00e4sslich des Besuches des Erzbischofs Dr. Andreas Rohracher die neu erhaltene, erste Nu\u00dfdorfer J\u00e4gertracht das erste Mal getragen werden und der Name der Musikkapelle wurde auf \u201eTrachtenmusikkapelle Nu\u00dfdorf\u201c ge\u00e4ndert. In dieser Zeit entwickelte sich der Trend, die Aufgaben der musikalischen Leitung und der organisatorischen F\u00fchrung der Kapelle zu trennen. &hellip; <a href=\"https:\/\/tmk-nussdorf.at\/?page_id=150\" class=\"more-link\"><span class=\"screen-reader-text\">Tracht und Probelokal<\/span> weiterlesen <span class=\"meta-nav\">&rarr;<\/span><\/a><\/p>\n","protected":false},"author":1,"featured_media":0,"parent":137,"menu_order":2,"comment_status":"open","ping_status":"open","template":"","meta":[],"_links":{"self":[{"href":"https:\/\/tmk-nussdorf.at\/index.php?rest_route=\/wp\/v2\/pages\/150"}],"collection":[{"href":"https:\/\/tmk-nussdorf.at\/index.php?rest_route=\/wp\/v2\/pages"}],"about":[{"href":"https:\/\/tmk-nussdorf.at\/index.php?rest_route=\/wp\/v2\/types\/page"}],"author":[{"embeddable":true,"href":"https:\/\/tmk-nussdorf.at\/index.php?rest_route=\/wp\/v2\/users\/1"}],"replies":[{"embeddable":true,"href":"https:\/\/tmk-nussdorf.at\/index.php?rest_route=%2Fwp%2Fv2%2Fcomments&post=150"}],"version-history":[{"count":1,"href":"https:\/\/tmk-nussdorf.at\/index.php?rest_route=\/wp\/v2\/pages\/150\/revisions"}],"predecessor-version":[{"id":151,"href":"https:\/\/tmk-nussdorf.at\/index.php?rest_route=\/wp\/v2\/pages\/150\/revisions\/151"}],"up":[{"embeddable":true,"href":"https:\/\/tmk-nussdorf.at\/index.php?rest_route=\/wp\/v2\/pages\/137"}],"wp:attachment":[{"href":"https:\/\/tmk-nussdorf.at\/index.php?rest_route=%2Fwp%2Fv2%2Fmedia&parent=150"}],"curies":[{"name":"wp","href":"https:\/\/api.w.org\/{rel}","templated":true}]}}