{"id":148,"date":"2014-09-08T17:08:57","date_gmt":"2014-09-08T15:08:57","guid":{"rendered":"http:\/\/egger-it.at\/?page_id=148"},"modified":"2017-08-21T22:46:47","modified_gmt":"2017-08-21T20:46:47","slug":"neuanfang-und-wiederaufbau","status":"publish","type":"page","link":"https:\/\/tmk-nussdorf.at\/?page_id=148","title":{"rendered":"Neuanfang und Wiederaufbau"},"content":{"rendered":"<p>Bald nach Kriegsende ersuchte die Gemeindevertretung von Nu\u00dfdorf den fr\u00fcheren Kapellmeister Josef Schmidinger, die Kapelle wieder ins Leben zu rufen. Bereits bei der Firmung am 6. Mai 1946 trat die Kapelle dann &#8211; zum zweiten Mal unter der Leitung von Josef Schmidinger &#8211; wieder auf.<\/p>\n<figure id=\"attachment_917\" aria-describedby=\"caption-attachment-917\" style=\"width: 400px\" class=\"wp-caption aligncenter\"><a href=\"http:\/\/tmk-nussdorf.at\/?attachment_id=917\" rel=\"attachment wp-att-917\"><img loading=\"lazy\" class=\"wp-image-917 size-full\" src=\"http:\/\/tmk-nussdorf.at\/wp-content\/uploads\/2014\/09\/Glockenweihe_1949.jpg\" alt=\"Glockenweihe 1949\" width=\"400\" height=\"245\" srcset=\"https:\/\/tmk-nussdorf.at\/wp-content\/uploads\/2014\/09\/Glockenweihe_1949.jpg 400w, https:\/\/tmk-nussdorf.at\/wp-content\/uploads\/2014\/09\/Glockenweihe_1949-300x183.jpg 300w\" sizes=\"(max-width: 400px) 100vw, 400px\" \/><\/a><figcaption id=\"caption-attachment-917\" class=\"wp-caption-text\">Glockenweihe 1949<\/figcaption><\/figure>\n<p>Um 1950 erhielt die Kapelle die erste einheitliche Kleidung, eine damals \u00fcbliche \u201eUniform\u201c. Diese wurde am 2. Februar 1950 (Lichtme\u00df) zum Anlass der Installierung des neuen Pfarrers Johann Wirnsperger das erste Mal getragen.<\/p>\n<p>Darauf folgte im Juni 1951 unter Kapellmeister Jakob Rehrl das 70-j\u00e4hrige Gr\u00fcndungsfest mit der Beteiligung von 22 Kapellen, wobei auch weit gereiste G\u00e4ste wie die Kapellen aus Mauterndorf, Krimml oder B\u00f6ckstein zu verzeichnen waren. Unter den G\u00e4sten waren damals schon 5 bayrische Kapellen (Surheim, Freilassing, Ainring, Fridolfing und Kirchansch\u00f6ring). Um die Mittagszeit erfolgten die Ehrenspiele der Gastkapellen, danach wurde ein gro\u00dfer Festzug durch den Ort veranstaltet.<\/p>\n<figure id=\"attachment_918\" aria-describedby=\"caption-attachment-918\" style=\"width: 400px\" class=\"wp-caption aligncenter\"><a href=\"http:\/\/tmk-nussdorf.at\/?attachment_id=918\" rel=\"attachment wp-att-918\"><img loading=\"lazy\" class=\"wp-image-918 size-full\" src=\"http:\/\/tmk-nussdorf.at\/wp-content\/uploads\/2014\/09\/Platzkonzert_1960.jpg\" alt=\"Platzkonzert 1960\" width=\"400\" height=\"278\" srcset=\"https:\/\/tmk-nussdorf.at\/wp-content\/uploads\/2014\/09\/Platzkonzert_1960.jpg 400w, https:\/\/tmk-nussdorf.at\/wp-content\/uploads\/2014\/09\/Platzkonzert_1960-300x208.jpg 300w\" sizes=\"(max-width: 400px) 100vw, 400px\" \/><\/a><figcaption id=\"caption-attachment-918\" class=\"wp-caption-text\">Platzkonzert 1960<\/figcaption><\/figure>\n<p>Nach dem Fest wurde ein Musikverein ins Leben gerufen, der die Musik beim Ankauf von Noten sowie bei der Anschaffung und Reparatur der Instrumente unterst\u00fctzen sollte. Ende 1951 hatte der Verein bereits 68 Mitglieder, dennoch wurde er Jahre sp\u00e4ter wieder aufgel\u00f6st.<\/p>\n","protected":false},"excerpt":{"rendered":"<p>Bald nach Kriegsende ersuchte die Gemeindevertretung von Nu\u00dfdorf den fr\u00fcheren Kapellmeister Josef Schmidinger, die Kapelle wieder ins Leben zu rufen. Bereits bei der Firmung am 6. Mai 1946 trat die Kapelle dann &#8211; zum zweiten Mal unter der Leitung von Josef Schmidinger &#8211; wieder auf. Um 1950 erhielt die Kapelle die erste einheitliche Kleidung, eine &hellip; <a href=\"https:\/\/tmk-nussdorf.at\/?page_id=148\" class=\"more-link\"><span class=\"screen-reader-text\">Neuanfang und Wiederaufbau<\/span> weiterlesen <span class=\"meta-nav\">&rarr;<\/span><\/a><\/p>\n","protected":false},"author":1,"featured_media":0,"parent":137,"menu_order":1,"comment_status":"open","ping_status":"open","template":"","meta":[],"_links":{"self":[{"href":"https:\/\/tmk-nussdorf.at\/index.php?rest_route=\/wp\/v2\/pages\/148"}],"collection":[{"href":"https:\/\/tmk-nussdorf.at\/index.php?rest_route=\/wp\/v2\/pages"}],"about":[{"href":"https:\/\/tmk-nussdorf.at\/index.php?rest_route=\/wp\/v2\/types\/page"}],"author":[{"embeddable":true,"href":"https:\/\/tmk-nussdorf.at\/index.php?rest_route=\/wp\/v2\/users\/1"}],"replies":[{"embeddable":true,"href":"https:\/\/tmk-nussdorf.at\/index.php?rest_route=%2Fwp%2Fv2%2Fcomments&post=148"}],"version-history":[{"count":7,"href":"https:\/\/tmk-nussdorf.at\/index.php?rest_route=\/wp\/v2\/pages\/148\/revisions"}],"predecessor-version":[{"id":2710,"href":"https:\/\/tmk-nussdorf.at\/index.php?rest_route=\/wp\/v2\/pages\/148\/revisions\/2710"}],"up":[{"embeddable":true,"href":"https:\/\/tmk-nussdorf.at\/index.php?rest_route=\/wp\/v2\/pages\/137"}],"wp:attachment":[{"href":"https:\/\/tmk-nussdorf.at\/index.php?rest_route=%2Fwp%2Fv2%2Fmedia&parent=148"}],"curies":[{"name":"wp","href":"https:\/\/api.w.org\/{rel}","templated":true}]}}