{"id":144,"date":"2014-09-08T17:06:12","date_gmt":"2014-09-08T15:06:12","guid":{"rendered":"http:\/\/egger-it.at\/?page_id=144"},"modified":"2017-08-21T22:44:28","modified_gmt":"2017-08-21T20:44:28","slug":"feuer-und-krieg","status":"publish","type":"page","link":"https:\/\/tmk-nussdorf.at\/?page_id=144","title":{"rendered":"Feuer und Krieg"},"content":{"rendered":"<p>Aus der folgenden Zeit ist wenig bekannt. Nur der gro\u00dfe Brand in Nu\u00dfdorf 1913, dem fast der ganze Ort zum Opfer fiel ist ein einschneidendes Ereignis, unter dem wohl auch die T\u00e4tigkeit der Musik gelitten haben muss. Der erste Weltkrieg tat ein Weiteres dazu und forderte seine Opfer auch unter den Reihen der Musikanten. Zu Beginn des ersten Weltkrieges \u00fcbernahm Josef Schmidinger d. \u00c4. den Kapellmeisterstock, den er 1920 an seinen Sohn Josef d. J. \u00fcbergab.<\/p>\n<figure id=\"attachment_915\" aria-describedby=\"caption-attachment-915\" style=\"width: 400px\" class=\"wp-caption aligncenter\"><a href=\"http:\/\/tmk-nussdorf.at\/?attachment_id=915\" rel=\"attachment wp-att-915\"><img loading=\"lazy\" class=\"wp-image-915 size-full\" src=\"http:\/\/tmk-nussdorf.at\/wp-content\/uploads\/2014\/09\/1919.jpg\" alt=\"Aufnahme von 1919\" width=\"400\" height=\"253\" srcset=\"https:\/\/tmk-nussdorf.at\/wp-content\/uploads\/2014\/09\/1919.jpg 400w, https:\/\/tmk-nussdorf.at\/wp-content\/uploads\/2014\/09\/1919-300x189.jpg 300w\" sizes=\"(max-width: 400px) 100vw, 400px\" \/><\/a><figcaption id=\"caption-attachment-915\" class=\"wp-caption-text\">Aufnahme von 1919<\/figcaption><\/figure>\n<p>Am Sonntag, 5. Juni 1932 konnte die Kapelle mit ihrem seit 1930 amtierenden Kapellmeister Alois Lindner, H\u00f6rndlschmid, das 50-j\u00e4hrige Bestandsjubil\u00e4um feiern. Trotz des gleichzeitig in Salzburg stattfindenden Rainerfestes kamen bei strahlendem Wetter acht Kapellen aus der Nachbarschaft, unter anderem aus Oberndorf und Laufen. Zur gro\u00dfen Freude der Kapelle und aller Festteilnehmer hatte sich auch Michael Rieser, inzwischen 70, aus Gnigl eingefunden. Er konnte im Rahmen des Festaktes zum Ehrenkapellmeister ernannt werden.<\/p>\n<p>Alois Lindner leitete die Kapelle bis 1937, dann \u00fcbernahm Andreas \u00dcbertsroider, Kletzlberger aus Kleinberg. Die letzten Ausr\u00fcckungen gab es im zweiten Weltkrieg bis 1940, dann war auf Grund der Kriegsereignisse ein Spielbetrieb nicht mehr m\u00f6glich.<\/p>\n","protected":false},"excerpt":{"rendered":"<p>Aus der folgenden Zeit ist wenig bekannt. Nur der gro\u00dfe Brand in Nu\u00dfdorf 1913, dem fast der ganze Ort zum Opfer fiel ist ein einschneidendes Ereignis, unter dem wohl auch die T\u00e4tigkeit der Musik gelitten haben muss. Der erste Weltkrieg tat ein Weiteres dazu und forderte seine Opfer auch unter den Reihen der Musikanten. Zu &hellip; <a href=\"https:\/\/tmk-nussdorf.at\/?page_id=144\" class=\"more-link\"><span class=\"screen-reader-text\">Feuer und Krieg<\/span> weiterlesen <span class=\"meta-nav\">&rarr;<\/span><\/a><\/p>\n","protected":false},"author":1,"featured_media":0,"parent":137,"menu_order":0,"comment_status":"open","ping_status":"open","template":"","meta":[],"_links":{"self":[{"href":"https:\/\/tmk-nussdorf.at\/index.php?rest_route=\/wp\/v2\/pages\/144"}],"collection":[{"href":"https:\/\/tmk-nussdorf.at\/index.php?rest_route=\/wp\/v2\/pages"}],"about":[{"href":"https:\/\/tmk-nussdorf.at\/index.php?rest_route=\/wp\/v2\/types\/page"}],"author":[{"embeddable":true,"href":"https:\/\/tmk-nussdorf.at\/index.php?rest_route=\/wp\/v2\/users\/1"}],"replies":[{"embeddable":true,"href":"https:\/\/tmk-nussdorf.at\/index.php?rest_route=%2Fwp%2Fv2%2Fcomments&post=144"}],"version-history":[{"count":5,"href":"https:\/\/tmk-nussdorf.at\/index.php?rest_route=\/wp\/v2\/pages\/144\/revisions"}],"predecessor-version":[{"id":2708,"href":"https:\/\/tmk-nussdorf.at\/index.php?rest_route=\/wp\/v2\/pages\/144\/revisions\/2708"}],"up":[{"embeddable":true,"href":"https:\/\/tmk-nussdorf.at\/index.php?rest_route=\/wp\/v2\/pages\/137"}],"wp:attachment":[{"href":"https:\/\/tmk-nussdorf.at\/index.php?rest_route=%2Fwp%2Fv2%2Fmedia&parent=144"}],"curies":[{"name":"wp","href":"https:\/\/api.w.org\/{rel}","templated":true}]}}