{"id":104,"date":"2014-09-06T14:50:26","date_gmt":"2014-09-06T12:50:26","guid":{"rendered":"http:\/\/egger-it.at\/?page_id=104"},"modified":"2024-01-04T09:21:30","modified_gmt":"2024-01-04T08:21:30","slug":"unsere-tracht-2","status":"publish","type":"page","link":"https:\/\/tmk-nussdorf.at\/?page_id=104","title":{"rendered":"Unsere Tracht"},"content":{"rendered":"\n<p class=\"has-large-font-size\"><strong>Die Salzburger J\u00e4gertracht<\/strong><\/p>\n\n\n\n<p><\/p>\n\n\n\n<p><strong>Beschreibung der M\u00e4nnertracht<\/strong><\/p>\n\n\n\n<h1 class=\"has-medium-font-size\">Hut<\/h1>\n\n\n\n<p>Schwarzer Hut nach \u201eLamberg\u201c Form mit gr\u00fcn-grauer B\u00e4nderung in den Farben der Tracht.<\/p>\n\n\n\n<p>Krempe vorne gerade, seitlich und hinten nach oben gew\u00f6lbt.<\/p>\n\n\n\n<p>Der \u201eSaubart\u201c wurde von der bestehenden Tracht \u00fcbernommen.<\/p>\n\n\n\n<p class=\"has-medium-font-size\"><strong>Sakko<\/strong><\/p>\n\n\n\n<p>Modell \u201eSalzburger J\u00e4gertracht\u201c<\/p>\n\n\n\n<p>Mittelgraues Lodensakko mit gr\u00fcnem Besatz, mit 4 gro\u00dfen Hirschhornkn\u00f6pfen zu schlie\u00dfen.<\/p>\n\n\n\n<p>Revers aus Sakkomaterial, verziert mit je einer Rehrose.<\/p>\n\n\n\n<p>R\u00fccken mit Quetschfalte, obere Begrenzung ist eine gr\u00fcne Schneiderfliege.<\/p>\n\n\n\n<p>Der \u00c4rmelsaum ist mit einem Aufschlag abgeschlossen und mit 2 kleinen Hirschhornkn\u00f6pfen versehen.<\/p>\n\n\n\n<h1 class=\"has-medium-font-size\" style=\"text-transform:capitalize\">Weste<\/h1>\n\n\n\n<p>Aus Wollbrokat, gr\u00fcner Vorderteil mit Musterung, R\u00fcckteil ziegelrot ohne Muster.<\/p>\n\n\n\n<p>Einreihig auf 7 flache Kn\u00f6pfe zu schlie\u00dfen.<\/p>\n\n\n\n<h1 class=\"has-medium-font-size\" style=\"text-transform:capitalize\">Pfoadl &amp; Bandl<\/h1>\n\n\n\n<p>Wei\u00dfes Baumwollpfoadl nach \u201ePfoadlschnitt\u201c.<\/p>\n\n\n\n<p>Rot-wei\u00df-gr\u00fcnes Baumwollbandl zum Binden, Enden gefranst.<\/p>\n\n\n\n<h1 class=\"has-medium-font-size\">Lederhose<\/h1>\n\n\n\n<p>Lederhose aus dunkelbraunem Wildbock-Leder (Ziegenvelour).<\/p>\n\n\n\n<p>Ausf\u00fchrung mit Tellernaht und wei\u00dfer Stickerei.<\/p>\n\n\n\n<p>Der Hosentr\u00e4ger aus dem selben Material ist mit einer Musikerlyra bestickt und hat einen geraden Bruststeg.<\/p>\n\n\n\n<h1 class=\"has-medium-font-size\">Stutzen<\/h1>\n\n\n\n<p>Dunkelgr\u00fcne Stutzen aus 70% Schurwolle und 30% Polyamid.<\/p>\n\n\n\n<h1 class=\"has-medium-font-size\" style=\"text-transform:capitalize\">Schuhe<\/h1>\n\n\n\n<p>Schwarze Leder-Haferlschuhe mit wei\u00dfer Naht und gr\u00fcner Einfassung, Mittelschn\u00fcrer.<\/p>\n","protected":false},"excerpt":{"rendered":"<p>Die Salzburger J\u00e4gertracht Beschreibung der M\u00e4nnertracht Hut Schwarzer Hut nach \u201eLamberg\u201c Form mit gr\u00fcn-grauer B\u00e4nderung in den Farben der Tracht. Krempe vorne gerade, seitlich und hinten nach oben gew\u00f6lbt. Der \u201eSaubart\u201c wurde von der bestehenden Tracht \u00fcbernommen. Sakko Modell \u201eSalzburger J\u00e4gertracht\u201c Mittelgraues Lodensakko mit gr\u00fcnem Besatz, mit 4 gro\u00dfen Hirschhornkn\u00f6pfen zu schlie\u00dfen. Revers aus Sakkomaterial, &hellip; <a href=\"https:\/\/tmk-nussdorf.at\/?page_id=104\" class=\"more-link\"><span class=\"screen-reader-text\">Unsere Tracht<\/span> weiterlesen <span class=\"meta-nav\">&rarr;<\/span><\/a><\/p>\n","protected":false},"author":1,"featured_media":0,"parent":0,"menu_order":2,"comment_status":"open","ping_status":"open","template":"","meta":[],"_links":{"self":[{"href":"https:\/\/tmk-nussdorf.at\/index.php?rest_route=\/wp\/v2\/pages\/104"}],"collection":[{"href":"https:\/\/tmk-nussdorf.at\/index.php?rest_route=\/wp\/v2\/pages"}],"about":[{"href":"https:\/\/tmk-nussdorf.at\/index.php?rest_route=\/wp\/v2\/types\/page"}],"author":[{"embeddable":true,"href":"https:\/\/tmk-nussdorf.at\/index.php?rest_route=\/wp\/v2\/users\/1"}],"replies":[{"embeddable":true,"href":"https:\/\/tmk-nussdorf.at\/index.php?rest_route=%2Fwp%2Fv2%2Fcomments&post=104"}],"version-history":[{"count":14,"href":"https:\/\/tmk-nussdorf.at\/index.php?rest_route=\/wp\/v2\/pages\/104\/revisions"}],"predecessor-version":[{"id":3716,"href":"https:\/\/tmk-nussdorf.at\/index.php?rest_route=\/wp\/v2\/pages\/104\/revisions\/3716"}],"wp:attachment":[{"href":"https:\/\/tmk-nussdorf.at\/index.php?rest_route=%2Fwp%2Fv2%2Fmedia&parent=104"}],"curies":[{"name":"wp","href":"https:\/\/api.w.org\/{rel}","templated":true}]}}