{"id":763,"date":"2014-09-15T22:26:17","date_gmt":"2014-09-15T20:26:17","guid":{"rendered":"http:\/\/egger-it.at\/?page_id=763"},"modified":"2020-02-17T20:37:11","modified_gmt":"2020-02-17T19:37:11","slug":"impressum","status":"publish","type":"page","link":"http:\/\/tmk-nussdorf.at\/?page_id=763","title":{"rendered":"Impressum"},"content":{"rendered":"<p>Die TMK Nu\u00dfdorf am Haunsberg bem\u00fcht sich, auf ihrer Website zutreffende Informationen und Daten zur Verf\u00fcgung zu stellen.<br \/>\nEine Haftung oder Garantie f\u00fcr die Aktualit\u00e4t, Richtigkeit und Vollst\u00e4ndigkeit der zur Verf\u00fcgung gestellten Informationen und Daten ist jedoch ausgeschlossen. Haftungsanspr\u00fcche gegen den Betreiber dieser Homepage, welche sich auf Sch\u00e4den materieller oder ideeller Art beziehen, die durch die Nutzung oder Nichtnutzung der dargebotenen Informationen bzw. durch die Nutzung fehlerhafter und unvollst\u00e4ndiger Informationen verursacht wurden, sind grunds\u00e4tzlich ausgeschlossen.<br \/>\nVerweise auf andere Internetseiten erfolgen rein aus informativen Gr\u00fcnden. Ist ein Link aufgrund rechtlicher Beschr\u00e4nkung nicht rechtm\u00e4\u00dfig, oder von dem Inhaber der Web-Seite nicht erw\u00fcnscht, wird der Verweis umgehend auf Anzeige des Rechtsinhabers gel\u00f6scht.<br \/>\nF\u00fcr den Inhalt von anderen Internetseiten, die von der TMK Nu\u00dfdorf am Haunsberg auf dieser Homepage verlinkt wurden, kann keine Haftung \u00fcbernommen werden. F\u00fcr den Inhalt fremder Seiten ist somit ausschlie\u00dflich der betreffende Autor selbst verantwortlich. Daher distanzieren wir uns vorsorglich und ausdr\u00fccklich von den Inhalten fremder Seiten.<br \/>\nDie Verwendung oder Vervielf\u00e4ltigung von Grafiken bzw. Bildern und\/oder Texten ist f\u00fcr private Zwecke bis auf Widerruf erlaubt. F\u00fcr kommerzielle Nutzung (Plakate, Zeitungen etc.), ist der Copyrightvermerk &#8222;(c)tmk-nussdorf.at&#8220; zu verwenden!<\/p>\n<p>Offenlegung gem \u00a7 25 Abs 5 MedienG:<\/p>\n<p>Trachtenmusikkapelle Nu\u00dfdorf am Haunsberg<br \/>\nHauptstra\u00dfe 8<br \/>\n5151 Nu\u00dfdorf am Haunsberg | \u00d6sterreich<br \/>\nE-Mail: musik@tmk-nussdorf.at<br \/>\nBezirkshauptmannschaft Salzburg-Umgebung<\/p>\n<p>Verbraucher haben die M\u00f6glichkeit, Beschwerden an die Online-Streitbelegungsplattform der EU zu richten:\u00a0<a class=\"external-link\" href=\"http:\/\/ec.europa.eu\/odr\" target=\"_blank\" rel=\"nofollow noopener noreferrer\" data-ext-link-init=\"true\">http:\/\/ec.europa.eu\/odr<\/a>.<br \/>\nSie k\u00f6nnen allf\u00e4llige Beschwerde auch an die oben angegebene E-Mai-Adresse richten.<\/p>\n<h5>\u00a9 2020 TMK Nu\u00dfdorf am Haunsberg. Alle Rechte vorbehalten.<\/h5>\n","protected":false},"excerpt":{"rendered":"<p>Die TMK Nu\u00dfdorf am Haunsberg bem\u00fcht sich, auf ihrer Website zutreffende Informationen und Daten zur Verf\u00fcgung zu stellen. Eine Haftung oder Garantie f\u00fcr die Aktualit\u00e4t, Richtigkeit und Vollst\u00e4ndigkeit der zur Verf\u00fcgung gestellten Informationen und Daten ist jedoch ausgeschlossen. Haftungsanspr\u00fcche gegen den Betreiber dieser Homepage, welche sich auf Sch\u00e4den materieller oder ideeller Art beziehen, die durch &hellip; <a href=\"http:\/\/tmk-nussdorf.at\/?page_id=763\" class=\"more-link\"><span class=\"screen-reader-text\">Impressum<\/span> weiterlesen <span class=\"meta-nav\">&rarr;<\/span><\/a><\/p>\n","protected":false},"author":1,"featured_media":0,"parent":0,"menu_order":9,"comment_status":"open","ping_status":"open","template":"","meta":[],"_links":{"self":[{"href":"http:\/\/tmk-nussdorf.at\/index.php?rest_route=\/wp\/v2\/pages\/763"}],"collection":[{"href":"http:\/\/tmk-nussdorf.at\/index.php?rest_route=\/wp\/v2\/pages"}],"about":[{"href":"http:\/\/tmk-nussdorf.at\/index.php?rest_route=\/wp\/v2\/types\/page"}],"author":[{"embeddable":true,"href":"http:\/\/tmk-nussdorf.at\/index.php?rest_route=\/wp\/v2\/users\/1"}],"replies":[{"embeddable":true,"href":"http:\/\/tmk-nussdorf.at\/index.php?rest_route=%2Fwp%2Fv2%2Fcomments&post=763"}],"version-history":[{"count":2,"href":"http:\/\/tmk-nussdorf.at\/index.php?rest_route=\/wp\/v2\/pages\/763\/revisions"}],"predecessor-version":[{"id":3233,"href":"http:\/\/tmk-nussdorf.at\/index.php?rest_route=\/wp\/v2\/pages\/763\/revisions\/3233"}],"wp:attachment":[{"href":"http:\/\/tmk-nussdorf.at\/index.php?rest_route=%2Fwp%2Fv2%2Fmedia&parent=763"}],"curies":[{"name":"wp","href":"https:\/\/api.w.org\/{rel}","templated":true}]}}